{"id":3,"date":"2025-03-21T14:43:02","date_gmt":"2025-03-21T13:43:02","guid":{"rendered":"http:\/\/unitranet.pl\/?page_id=3"},"modified":"2025-10-14T16:54:47","modified_gmt":"2025-10-14T14:54:47","slug":"kim-jestesmy","status":"publish","type":"page","link":"https:\/\/unitranet.pl\/?page_id=3","title":{"rendered":"Kim jeste\u015bmy"},"content":{"rendered":"\n<p>Jeste\u015bmy mi\u0142o\u015bnikami sprz\u0119tu z okresu PRLu. Posiadamy spor\u0105 kolekcj\u0119 &#8222;grat\u00f3w&#8221; z tamtego okresu. A s\u0105 to min:<\/p>\n\n\n\n<p>telewizory<\/p>\n\n\n\n<figure class=\"wp-block-gallery has-nested-images columns-default is-cropped wp-block-gallery-1 is-layout-flex wp-block-gallery-is-layout-flex\">\n<figure data-wp-context=\"{&quot;imageId&quot;:&quot;69e276f458d42&quot;}\" data-wp-interactive=\"core\/image\" data-wp-key=\"69e276f458d42\" class=\"wp-block-image size-full wp-lightbox-container\"><img fetchpriority=\"high\" decoding=\"async\" width=\"2560\" height=\"1920\" data-wp-class--hide=\"state.isContentHidden\" data-wp-class--show=\"state.isContentVisible\" data-wp-init=\"callbacks.setButtonStyles\" data-wp-on--click=\"actions.showLightbox\" data-wp-on--load=\"callbacks.setButtonStyles\" data-wp-on-window--resize=\"callbacks.setButtonStyles\" data-id=\"79\" src=\"https:\/\/unitranet.pl\/wp-content\/uploads\/2025\/03\/DSC_0503-scaled.jpg\" alt=\"\" class=\"wp-image-79\" srcset=\"https:\/\/unitranet.pl\/wp-content\/uploads\/2025\/03\/DSC_0503-scaled.jpg 2560w, https:\/\/unitranet.pl\/wp-content\/uploads\/2025\/03\/DSC_0503-300x225.jpg 300w, https:\/\/unitranet.pl\/wp-content\/uploads\/2025\/03\/DSC_0503-1024x768.jpg 1024w, https:\/\/unitranet.pl\/wp-content\/uploads\/2025\/03\/DSC_0503-768x576.jpg 768w, https:\/\/unitranet.pl\/wp-content\/uploads\/2025\/03\/DSC_0503-1536x1152.jpg 1536w, https:\/\/unitranet.pl\/wp-content\/uploads\/2025\/03\/DSC_0503-2048x1536.jpg 2048w\" sizes=\"(max-width: 2560px) 100vw, 2560px\" \/><button\n\t\t\tclass=\"lightbox-trigger\"\n\t\t\ttype=\"button\"\n\t\t\taria-haspopup=\"dialog\"\n\t\t\taria-label=\"Powi\u0119ksz\"\n\t\t\tdata-wp-init=\"callbacks.initTriggerButton\"\n\t\t\tdata-wp-on--click=\"actions.showLightbox\"\n\t\t\tdata-wp-style--right=\"state.imageButtonRight\"\n\t\t\tdata-wp-style--top=\"state.imageButtonTop\"\n\t\t>\n\t\t\t<svg xmlns=\"http:\/\/www.w3.org\/2000\/svg\" width=\"12\" height=\"12\" fill=\"none\" viewBox=\"0 0 12 12\">\n\t\t\t\t<path fill=\"#fff\" d=\"M2 0a2 2 0 0 0-2 2v2h1.5V2a.5.5 0 0 1 .5-.5h2V0H2Zm2 10.5H2a.5.5 0 0 1-.5-.5V8H0v2a2 2 0 0 0 2 2h2v-1.5ZM8 12v-1.5h2a.5.5 0 0 0 .5-.5V8H12v2a2 2 0 0 1-2 2H8Zm2-12a2 2 0 0 1 2 2v2h-1.5V2a.5.5 0 0 0-.5-.5H8V0h2Z\" \/>\n\t\t\t<\/svg>\n\t\t<\/button><figcaption class=\"wp-element-caption\">Rubin 714<\/figcaption><\/figure>\n<\/figure>\n\n\n\n<p>radia<\/p>\n\n\n\n<p>magnetofony<\/p>\n\n\n\n<p>zestawy wie\u017cowe<\/p>\n\n\n\n<p>kolumny g\u0142o\u015bnikowe<\/p>\n\n\n\n<p>sprz\u0119t AGD<\/p>\n\n\n\n<p>auta ( 2 )<\/p>\n\n\n\n<h2 class=\"wp-block-heading has-accent-3-color has-base-background-color has-text-color has-background has-link-color wp-elements-a1fdddfb5ca05b98725ba9f67efa5e4c\"><strong>Lista obywateli:<\/strong><\/h2>\n\n\n\n<figure class=\"wp-block-image aligncenter size-full is-resized\"><a href=\"https:\/\/unitranet.pl\/?page_id=1113\"><img decoding=\"async\" width=\"225\" height=\"225\" src=\"https:\/\/unitranet.pl\/wp-content\/uploads\/2025\/10\/team.jpg\" alt=\"\" class=\"wp-image-1111\" style=\"width:100px;height:auto\" srcset=\"https:\/\/unitranet.pl\/wp-content\/uploads\/2025\/10\/team.jpg 225w, https:\/\/unitranet.pl\/wp-content\/uploads\/2025\/10\/team-150x150.jpg 150w\" sizes=\"(max-width: 225px) 100vw, 225px\" \/><\/a><figcaption class=\"wp-element-caption\"><strong>kliknij<\/strong><\/figcaption><\/figure>\n\n\n\n<p><\/p>\n\n\n\n<p class=\"is-style-text-subtitle has-accent-3-color has-text-color has-link-color wp-elements-85163c0e7373460ed8d33751dc1784c5 is-style-text-subtitle--2\"><strong>Wystawa Elektronika PRL-u<\/strong><\/p>\n\n\n\n<p class=\"is-style-default has-contrast-color has-text-color has-link-color wp-elements-c76f7b8f7c4b86f54da1e15d2f3eddb9\"><strong>powsta\u0142a w 2007 roku za spraw\u0105 Arkadiusza Frontczaka, Dariusza Pokornego, Adama Szydzika i S\u0142awka Krajewskiego.<\/strong><\/p>\n\n\n\n<p>Od tego roku organizowali\u015bmy cykliczne wystawy sprz\u0119tu g\u0142\u00f3wnie w DK Modraczek ale nie tylko.<\/p>\n\n\n\n<div class=\"wp-block-columns is-layout-flex wp-container-core-columns-is-layout-28f84493 wp-block-columns-is-layout-flex\">\n<div class=\"wp-block-column is-layout-flow wp-block-column-is-layout-flow\" style=\"flex-basis:100%\">\n<iframe title=\"Elektronika PRL-u - relacja z wystawy w Bydgoszczy - Unitra\" width=\"500\" height=\"375\" src=\"https:\/\/www.youtube.com\/embed\/6F2da6l1MhI?feature=oembed\" frameborder=\"0\" allow=\"accelerometer; autoplay; clipboard-write; encrypted-media; gyroscope; picture-in-picture; web-share\" referrerpolicy=\"strict-origin-when-cross-origin\" allowfullscreen><\/iframe>\n<\/div>\n<\/div>\n\n\n\n<iframe title=\"PRL2 Zbli\u017cenia TVP Bydgoszcz\" width=\"500\" height=\"375\" src=\"https:\/\/www.youtube.com\/embed\/BLxTuao66BI?feature=oembed\" frameborder=\"0\" allow=\"accelerometer; autoplay; clipboard-write; encrypted-media; gyroscope; picture-in-picture; web-share\" referrerpolicy=\"strict-origin-when-cross-origin\" allowfullscreen><\/iframe>\n\n\n\n<iframe title=\"Elektronika PRL-u!\" width=\"500\" height=\"375\" src=\"https:\/\/www.youtube.com\/embed\/uUx2R5gxunQ?feature=oembed\" frameborder=\"0\" allow=\"accelerometer; autoplay; clipboard-write; encrypted-media; gyroscope; picture-in-picture; web-share\" referrerpolicy=\"strict-origin-when-cross-origin\" allowfullscreen><\/iframe>\n\n\n\n<iframe title=\"Relacja z wystawy &quot;Elektronika PRL-u&quot;\" width=\"500\" height=\"375\" src=\"https:\/\/www.youtube.com\/embed\/HRRuWZJnPuE?feature=oembed\" frameborder=\"0\" allow=\"accelerometer; autoplay; clipboard-write; encrypted-media; gyroscope; picture-in-picture; web-share\" referrerpolicy=\"strict-origin-when-cross-origin\" allowfullscreen><\/iframe>\n\n\n\n<p>Obecnie cyklicznie bo co roku uczestniczymy w festynie SM Budowlani organizowanym przez DK Modraczek pt: Wiosna na Wy\u017cynach.<\/p>\n\n\n\n<iframe title=\"Wiosna na Wy\u017cynach - Jurek Paterski, Dubska, Tribute To Tina Turner (25.05.2024)\" width=\"500\" height=\"281\" src=\"https:\/\/www.youtube.com\/embed\/a4u2wwlfubs?feature=oembed\" frameborder=\"0\" allow=\"accelerometer; autoplay; clipboard-write; encrypted-media; gyroscope; picture-in-picture; web-share\" referrerpolicy=\"strict-origin-when-cross-origin\" allowfullscreen><\/iframe>\n\n\n\n<iframe title=\"XXV Festyn Wiosna na Wy\u017cynach.\" width=\"500\" height=\"281\" src=\"https:\/\/www.youtube.com\/embed\/_fgaY8uVYOg?feature=oembed\" frameborder=\"0\" allow=\"accelerometer; autoplay; clipboard-write; encrypted-media; gyroscope; picture-in-picture; web-share\" referrerpolicy=\"strict-origin-when-cross-origin\" allowfullscreen><\/iframe>\n\n\n\n<p><\/p>\n","protected":false},"excerpt":{"rendered":"<p>Jeste\u015bmy mi\u0142o\u015bnikami sprz\u0119tu z okresu PRLu. Posiadamy spor\u0105 kolekcj\u0119 &#8222;grat\u00f3w&#8221; z tamtego okresu. A s\u0105 to min: telewizory radia magnetofony zestawy wie\u017cowe kolumny g\u0142o\u015bnikowe sprz\u0119t AGD auta ( 2 ) Lista obywateli: Wystawa Elektronika PRL-u powsta\u0142a w 2007 roku za spraw\u0105 Arkadiusza Frontczaka, Dariusza Pokornego, Adama Szydzika i S\u0142awka Krajewskiego. Od tego roku organizowali\u015bmy cykliczne [&hellip;]<\/p>\n","protected":false},"author":1,"featured_media":78,"parent":0,"menu_order":0,"comment_status":"closed","ping_status":"open","template":"","meta":{"footnotes":""},"class_list":["post-3","page","type-page","status-publish","has-post-thumbnail","hentry"],"yoast_head":"<!-- This site is optimized with the Yoast SEO plugin v27.4 - https:\/\/yoast.com\/product\/yoast-seo-wordpress\/ -->\n<title>Kim jeste\u015bmy - UnitraNET<\/title>\n<meta name=\"robots\" content=\"index, follow, max-snippet:-1, max-image-preview:large, max-video-preview:-1\" \/>\n<link rel=\"canonical\" href=\"https:\/\/unitranet.pl\/?page_id=3\" \/>\n<meta property=\"og:locale\" content=\"pl_PL\" \/>\n<meta property=\"og:type\" content=\"article\" \/>\n<meta property=\"og:title\" content=\"Kim jeste\u015bmy - UnitraNET\" \/>\n<meta property=\"og:description\" content=\"Jeste\u015bmy mi\u0142o\u015bnikami sprz\u0119tu z okresu PRLu. Posiadamy spor\u0105 kolekcj\u0119 &#8222;grat\u00f3w&#8221; z tamtego okresu. A s\u0105 to min: telewizory radia magnetofony zestawy wie\u017cowe kolumny g\u0142o\u015bnikowe sprz\u0119t AGD auta ( 2 ) Lista obywateli: Wystawa Elektronika PRL-u powsta\u0142a w 2007 roku za spraw\u0105 Arkadiusza Frontczaka, Dariusza Pokornego, Adama Szydzika i S\u0142awka Krajewskiego. Od tego roku organizowali\u015bmy cykliczne [&hellip;]\" \/>\n<meta property=\"og:url\" content=\"https:\/\/unitranet.pl\/?page_id=3\" \/>\n<meta property=\"og:site_name\" content=\"UnitraNET\" \/>\n<meta property=\"article:modified_time\" content=\"2025-10-14T14:54:47+00:00\" \/>\n<meta property=\"og:image\" content=\"https:\/\/unitranet.pl\/wp-content\/uploads\/2025\/03\/DSC_0488-scaled.jpg\" \/>\n\t<meta property=\"og:image:width\" content=\"2560\" \/>\n\t<meta property=\"og:image:height\" content=\"1920\" \/>\n\t<meta property=\"og:image:type\" content=\"image\/jpeg\" \/>\n<meta name=\"twitter:card\" content=\"summary_large_image\" \/>\n<meta name=\"twitter:label1\" content=\"Szacowany czas czytania\" \/>\n\t<meta name=\"twitter:data1\" content=\"2 minuty\" \/>\n<script type=\"application\/ld+json\" class=\"yoast-schema-graph\">{\"@context\":\"https:\\\/\\\/schema.org\",\"@graph\":[{\"@type\":\"NewsArticle\",\"@id\":\"https:\\\/\\\/unitranet.pl\\\/?page_id=3#article\",\"isPartOf\":{\"@id\":\"https:\\\/\\\/unitranet.pl\\\/?page_id=3\"},\"author\":{\"name\":\"admin\",\"@id\":\"https:\\\/\\\/unitranet.pl\\\/#\\\/schema\\\/person\\\/e70386955fc00173b6459d8fcb308504\"},\"headline\":\"Kim jeste\u015bmy\",\"datePublished\":\"2025-03-21T13:43:02+00:00\",\"dateModified\":\"2025-10-14T14:54:47+00:00\",\"mainEntityOfPage\":{\"@id\":\"https:\\\/\\\/unitranet.pl\\\/?page_id=3\"},\"wordCount\":149,\"image\":{\"@id\":\"https:\\\/\\\/unitranet.pl\\\/?page_id=3#primaryimage\"},\"thumbnailUrl\":\"https:\\\/\\\/unitranet.pl\\\/wp-content\\\/uploads\\\/2025\\\/03\\\/DSC_0488-scaled.jpg\",\"inLanguage\":\"pl-PL\"},{\"@type\":\"WebPage\",\"@id\":\"https:\\\/\\\/unitranet.pl\\\/?page_id=3\",\"url\":\"https:\\\/\\\/unitranet.pl\\\/?page_id=3\",\"name\":\"Kim jeste\u015bmy - UnitraNET\",\"isPartOf\":{\"@id\":\"https:\\\/\\\/unitranet.pl\\\/#website\"},\"primaryImageOfPage\":{\"@id\":\"https:\\\/\\\/unitranet.pl\\\/?page_id=3#primaryimage\"},\"image\":{\"@id\":\"https:\\\/\\\/unitranet.pl\\\/?page_id=3#primaryimage\"},\"thumbnailUrl\":\"https:\\\/\\\/unitranet.pl\\\/wp-content\\\/uploads\\\/2025\\\/03\\\/DSC_0488-scaled.jpg\",\"datePublished\":\"2025-03-21T13:43:02+00:00\",\"dateModified\":\"2025-10-14T14:54:47+00:00\",\"breadcrumb\":{\"@id\":\"https:\\\/\\\/unitranet.pl\\\/?page_id=3#breadcrumb\"},\"inLanguage\":\"pl-PL\",\"potentialAction\":[{\"@type\":\"ReadAction\",\"target\":[\"https:\\\/\\\/unitranet.pl\\\/?page_id=3\"]}]},{\"@type\":\"ImageObject\",\"inLanguage\":\"pl-PL\",\"@id\":\"https:\\\/\\\/unitranet.pl\\\/?page_id=3#primaryimage\",\"url\":\"https:\\\/\\\/unitranet.pl\\\/wp-content\\\/uploads\\\/2025\\\/03\\\/DSC_0488-scaled.jpg\",\"contentUrl\":\"https:\\\/\\\/unitranet.pl\\\/wp-content\\\/uploads\\\/2025\\\/03\\\/DSC_0488-scaled.jpg\",\"width\":2560,\"height\":1920},{\"@type\":\"BreadcrumbList\",\"@id\":\"https:\\\/\\\/unitranet.pl\\\/?page_id=3#breadcrumb\",\"itemListElement\":[{\"@type\":\"ListItem\",\"position\":1,\"name\":\"Home\",\"item\":\"https:\\\/\\\/unitranet.pl\\\/\"},{\"@type\":\"ListItem\",\"position\":2,\"name\":\"Kim jeste\u015bmy\"}]},{\"@type\":\"WebSite\",\"@id\":\"https:\\\/\\\/unitranet.pl\\\/#website\",\"url\":\"https:\\\/\\\/unitranet.pl\\\/\",\"name\":\"UnitraNET\",\"description\":\"\",\"potentialAction\":[{\"@type\":\"SearchAction\",\"target\":{\"@type\":\"EntryPoint\",\"urlTemplate\":\"https:\\\/\\\/unitranet.pl\\\/?s={search_term_string}\"},\"query-input\":{\"@type\":\"PropertyValueSpecification\",\"valueRequired\":true,\"valueName\":\"search_term_string\"}}],\"inLanguage\":\"pl-PL\"},{\"@type\":\"Person\",\"@id\":\"https:\\\/\\\/unitranet.pl\\\/#\\\/schema\\\/person\\\/e70386955fc00173b6459d8fcb308504\",\"name\":\"admin\",\"image\":{\"@type\":\"ImageObject\",\"inLanguage\":\"pl-PL\",\"@id\":\"https:\\\/\\\/secure.gravatar.com\\\/avatar\\\/58993836af84cef7be986cb8c9755af819a1bc4772919e8d386c089b0653dd83?s=96&d=mm&r=g\",\"url\":\"https:\\\/\\\/secure.gravatar.com\\\/avatar\\\/58993836af84cef7be986cb8c9755af819a1bc4772919e8d386c089b0653dd83?s=96&d=mm&r=g\",\"contentUrl\":\"https:\\\/\\\/secure.gravatar.com\\\/avatar\\\/58993836af84cef7be986cb8c9755af819a1bc4772919e8d386c089b0653dd83?s=96&d=mm&r=g\",\"caption\":\"admin\"},\"sameAs\":[\"http:\\\/\\\/unitranet.pl\"],\"url\":\"https:\\\/\\\/unitranet.pl\\\/?author=1\"}]}<\/script>\n<!-- \/ Yoast SEO plugin. -->","yoast_head_json":{"title":"Kim jeste\u015bmy - UnitraNET","robots":{"index":"index","follow":"follow","max-snippet":"max-snippet:-1","max-image-preview":"max-image-preview:large","max-video-preview":"max-video-preview:-1"},"canonical":"https:\/\/unitranet.pl\/?page_id=3","og_locale":"pl_PL","og_type":"article","og_title":"Kim jeste\u015bmy - UnitraNET","og_description":"Jeste\u015bmy mi\u0142o\u015bnikami sprz\u0119tu z okresu PRLu. Posiadamy spor\u0105 kolekcj\u0119 &#8222;grat\u00f3w&#8221; z tamtego okresu. A s\u0105 to min: telewizory radia magnetofony zestawy wie\u017cowe kolumny g\u0142o\u015bnikowe sprz\u0119t AGD auta ( 2 ) Lista obywateli: Wystawa Elektronika PRL-u powsta\u0142a w 2007 roku za spraw\u0105 Arkadiusza Frontczaka, Dariusza Pokornego, Adama Szydzika i S\u0142awka Krajewskiego. Od tego roku organizowali\u015bmy cykliczne [&hellip;]","og_url":"https:\/\/unitranet.pl\/?page_id=3","og_site_name":"UnitraNET","article_modified_time":"2025-10-14T14:54:47+00:00","og_image":[{"width":2560,"height":1920,"url":"https:\/\/unitranet.pl\/wp-content\/uploads\/2025\/03\/DSC_0488-scaled.jpg","type":"image\/jpeg"}],"twitter_card":"summary_large_image","twitter_misc":{"Szacowany czas czytania":"2 minuty"},"schema":{"@context":"https:\/\/schema.org","@graph":[{"@type":"NewsArticle","@id":"https:\/\/unitranet.pl\/?page_id=3#article","isPartOf":{"@id":"https:\/\/unitranet.pl\/?page_id=3"},"author":{"name":"admin","@id":"https:\/\/unitranet.pl\/#\/schema\/person\/e70386955fc00173b6459d8fcb308504"},"headline":"Kim jeste\u015bmy","datePublished":"2025-03-21T13:43:02+00:00","dateModified":"2025-10-14T14:54:47+00:00","mainEntityOfPage":{"@id":"https:\/\/unitranet.pl\/?page_id=3"},"wordCount":149,"image":{"@id":"https:\/\/unitranet.pl\/?page_id=3#primaryimage"},"thumbnailUrl":"https:\/\/unitranet.pl\/wp-content\/uploads\/2025\/03\/DSC_0488-scaled.jpg","inLanguage":"pl-PL"},{"@type":"WebPage","@id":"https:\/\/unitranet.pl\/?page_id=3","url":"https:\/\/unitranet.pl\/?page_id=3","name":"Kim jeste\u015bmy - UnitraNET","isPartOf":{"@id":"https:\/\/unitranet.pl\/#website"},"primaryImageOfPage":{"@id":"https:\/\/unitranet.pl\/?page_id=3#primaryimage"},"image":{"@id":"https:\/\/unitranet.pl\/?page_id=3#primaryimage"},"thumbnailUrl":"https:\/\/unitranet.pl\/wp-content\/uploads\/2025\/03\/DSC_0488-scaled.jpg","datePublished":"2025-03-21T13:43:02+00:00","dateModified":"2025-10-14T14:54:47+00:00","breadcrumb":{"@id":"https:\/\/unitranet.pl\/?page_id=3#breadcrumb"},"inLanguage":"pl-PL","potentialAction":[{"@type":"ReadAction","target":["https:\/\/unitranet.pl\/?page_id=3"]}]},{"@type":"ImageObject","inLanguage":"pl-PL","@id":"https:\/\/unitranet.pl\/?page_id=3#primaryimage","url":"https:\/\/unitranet.pl\/wp-content\/uploads\/2025\/03\/DSC_0488-scaled.jpg","contentUrl":"https:\/\/unitranet.pl\/wp-content\/uploads\/2025\/03\/DSC_0488-scaled.jpg","width":2560,"height":1920},{"@type":"BreadcrumbList","@id":"https:\/\/unitranet.pl\/?page_id=3#breadcrumb","itemListElement":[{"@type":"ListItem","position":1,"name":"Home","item":"https:\/\/unitranet.pl\/"},{"@type":"ListItem","position":2,"name":"Kim jeste\u015bmy"}]},{"@type":"WebSite","@id":"https:\/\/unitranet.pl\/#website","url":"https:\/\/unitranet.pl\/","name":"UnitraNET","description":"","potentialAction":[{"@type":"SearchAction","target":{"@type":"EntryPoint","urlTemplate":"https:\/\/unitranet.pl\/?s={search_term_string}"},"query-input":{"@type":"PropertyValueSpecification","valueRequired":true,"valueName":"search_term_string"}}],"inLanguage":"pl-PL"},{"@type":"Person","@id":"https:\/\/unitranet.pl\/#\/schema\/person\/e70386955fc00173b6459d8fcb308504","name":"admin","image":{"@type":"ImageObject","inLanguage":"pl-PL","@id":"https:\/\/secure.gravatar.com\/avatar\/58993836af84cef7be986cb8c9755af819a1bc4772919e8d386c089b0653dd83?s=96&d=mm&r=g","url":"https:\/\/secure.gravatar.com\/avatar\/58993836af84cef7be986cb8c9755af819a1bc4772919e8d386c089b0653dd83?s=96&d=mm&r=g","contentUrl":"https:\/\/secure.gravatar.com\/avatar\/58993836af84cef7be986cb8c9755af819a1bc4772919e8d386c089b0653dd83?s=96&d=mm&r=g","caption":"admin"},"sameAs":["http:\/\/unitranet.pl"],"url":"https:\/\/unitranet.pl\/?author=1"}]}},"_links":{"self":[{"href":"https:\/\/unitranet.pl\/index.php?rest_route=\/wp\/v2\/pages\/3","targetHints":{"allow":["GET"]}}],"collection":[{"href":"https:\/\/unitranet.pl\/index.php?rest_route=\/wp\/v2\/pages"}],"about":[{"href":"https:\/\/unitranet.pl\/index.php?rest_route=\/wp\/v2\/types\/page"}],"author":[{"embeddable":true,"href":"https:\/\/unitranet.pl\/index.php?rest_route=\/wp\/v2\/users\/1"}],"replies":[{"embeddable":true,"href":"https:\/\/unitranet.pl\/index.php?rest_route=%2Fwp%2Fv2%2Fcomments&post=3"}],"version-history":[{"count":26,"href":"https:\/\/unitranet.pl\/index.php?rest_route=\/wp\/v2\/pages\/3\/revisions"}],"predecessor-version":[{"id":1230,"href":"https:\/\/unitranet.pl\/index.php?rest_route=\/wp\/v2\/pages\/3\/revisions\/1230"}],"wp:featuredmedia":[{"embeddable":true,"href":"https:\/\/unitranet.pl\/index.php?rest_route=\/wp\/v2\/media\/78"}],"wp:attachment":[{"href":"https:\/\/unitranet.pl\/index.php?rest_route=%2Fwp%2Fv2%2Fmedia&parent=3"}],"curies":[{"name":"wp","href":"https:\/\/api.w.org\/{rel}","templated":true}]}}