{"id":1751,"date":"2026-04-11T07:59:25","date_gmt":"2026-04-11T05:59:25","guid":{"rendered":"https:\/\/unitranet.pl\/?page_id=1751"},"modified":"2026-04-11T08:48:39","modified_gmt":"2026-04-11T06:48:39","slug":"wynajem-sprzetu","status":"publish","type":"page","link":"https:\/\/unitranet.pl\/?page_id=1751","title":{"rendered":"Wynajem sprz\u0119tu"},"content":{"rendered":"\n<div class=\"wp-block-group alignfull has-global-padding is-layout-constrained wp-block-group-is-layout-constrained\" style=\"margin-top:0;margin-bottom:0\">\n<p>Istnieje mo\u017cliwo\u015b\u0107 wynajmu \/ wypo\u017cyczenia dowolnego sprz\u0119tu z naszej kolekcji, wraz z dowozem na warunkach kt\u00f3re ustalimy indywidualnie.<\/p>\n\n\n\n<p>W przypadku zorganizowanej imprezy  b\u0105d\u017a wystawy mo\u017cliwy opiekun  z naszej Wystawy .<\/p>\n<\/div>\n\n\n\n<figure class=\"wp-block-image\"><img fetchpriority=\"high\" decoding=\"async\" width=\"1332\" height=\"1117\" src=\"https:\/\/unitranet.pl\/wp-content\/uploads\/2025\/11\/space.jpg\" alt=\"\" class=\"wp-image-1429\" srcset=\"https:\/\/unitranet.pl\/wp-content\/uploads\/2025\/11\/space.jpg 1332w, https:\/\/unitranet.pl\/wp-content\/uploads\/2025\/11\/space-300x252.jpg 300w, https:\/\/unitranet.pl\/wp-content\/uploads\/2025\/11\/space-1024x859.jpg 1024w, https:\/\/unitranet.pl\/wp-content\/uploads\/2025\/11\/space-768x644.jpg 768w\" sizes=\"(max-width: 1332px) 100vw, 1332px\" \/><\/figure>\n\n\n\n<p><strong>Lista urz\u0105dze\u0144 do wynaj\u0119cia<\/strong><\/p>\n\n\n\n<div class=\"wp-block-group alignfull has-global-padding is-layout-constrained wp-block-group-is-layout-constrained\" style=\"margin-top:0;margin-bottom:0;padding-top:var(--wp--preset--spacing--50);padding-bottom:var(--wp--preset--spacing--50)\">\n<div class=\"wp-block-columns alignwide is-layout-flex wp-container-core-columns-is-layout-fa584acd wp-block-columns-is-layout-flex\">\n<div class=\"wp-block-column is-vertically-aligned-center is-layout-flow wp-block-column-is-layout-flow\"><\/div>\n<\/div>\n\n\n\n<div class=\"wp-block-buttons is-layout-flex wp-block-buttons-is-layout-flex\">\n<div class=\"wp-block-button\"><a class=\"wp-block-button__link wp-element-button\">Radia<\/a><\/div>\n\n\n\n<div class=\"wp-block-button\"><a class=\"wp-block-button__link wp-element-button\">Magnetofony<\/a><\/div>\n\n\n\n<div class=\"wp-block-button\"><a class=\"wp-block-button__link wp-element-button\">Wzmacniacze<\/a><\/div>\n\n\n\n<div class=\"wp-block-button\"><a class=\"wp-block-button__link wp-element-button\">Zestawy wie\u017cowe<\/a><\/div>\n\n\n\n<div class=\"wp-block-button\"><a class=\"wp-block-button__link wp-element-button\" href=\"https:\/\/unitranet.pl\/?page_id=1765\" target=\"_blank\" rel=\"noreferrer noopener\">G\u0142o\u015bniki \/ Kolumny<\/a><\/div>\n\n\n\n<div class=\"wp-block-button\"><a class=\"wp-block-button__link wp-element-button\">Telewizory<\/a><\/div>\n\n\n\n<div class=\"wp-block-button\"><a class=\"wp-block-button__link wp-element-button\">AGD<\/a><\/div>\n\n\n\n<div class=\"wp-block-button\"><a class=\"wp-block-button__link wp-element-button\" href=\"https:\/\/unitranet.pl\/?page_id=1759\" target=\"_blank\" rel=\"noreferrer noopener\">Samochody<\/a><\/div>\n\n\n\n<div class=\"wp-block-button\"><a class=\"wp-block-button__link wp-element-button\">Komputery<\/a><\/div>\n\n\n\n<div class=\"wp-block-button\"><a class=\"wp-block-button__link wp-element-button\">Pozosta\u0142e<\/a><\/div>\n<\/div>\n<\/div>\n\n\n\n<p><\/p>\n","protected":false},"excerpt":{"rendered":"<p>Istnieje mo\u017cliwo\u015b\u0107 wynajmu \/ wypo\u017cyczenia dowolnego sprz\u0119tu z naszej kolekcji, wraz z dowozem na warunkach kt\u00f3re ustalimy indywidualnie. W przypadku zorganizowanej imprezy b\u0105d\u017a wystawy mo\u017cliwy opiekun z naszej Wystawy . Lista urz\u0105dze\u0144 do wynaj\u0119cia<\/p>\n","protected":false},"author":1,"featured_media":0,"parent":0,"menu_order":0,"comment_status":"closed","ping_status":"closed","template":"","meta":{"footnotes":""},"class_list":["post-1751","page","type-page","status-publish","hentry"],"yoast_head":"<!-- This site is optimized with the Yoast SEO plugin v27.4 - https:\/\/yoast.com\/product\/yoast-seo-wordpress\/ -->\n<title>Wynajem sprz\u0119tu - UnitraNET<\/title>\n<meta name=\"robots\" content=\"index, follow, max-snippet:-1, max-image-preview:large, max-video-preview:-1\" \/>\n<link rel=\"canonical\" href=\"https:\/\/unitranet.pl\/?page_id=1751\" \/>\n<meta property=\"og:locale\" content=\"pl_PL\" \/>\n<meta property=\"og:type\" content=\"article\" \/>\n<meta property=\"og:title\" content=\"Wynajem sprz\u0119tu - UnitraNET\" \/>\n<meta property=\"og:description\" content=\"Istnieje mo\u017cliwo\u015b\u0107 wynajmu \/ wypo\u017cyczenia dowolnego sprz\u0119tu z naszej kolekcji, wraz z dowozem na warunkach kt\u00f3re ustalimy indywidualnie. W przypadku zorganizowanej imprezy b\u0105d\u017a wystawy mo\u017cliwy opiekun z naszej Wystawy . Lista urz\u0105dze\u0144 do wynaj\u0119cia\" \/>\n<meta property=\"og:url\" content=\"https:\/\/unitranet.pl\/?page_id=1751\" \/>\n<meta property=\"og:site_name\" content=\"UnitraNET\" \/>\n<meta property=\"article:modified_time\" content=\"2026-04-11T06:48:39+00:00\" \/>\n<meta property=\"og:image\" content=\"https:\/\/unitranet.pl\/wp-content\/uploads\/2025\/11\/space.jpg\" \/>\n\t<meta property=\"og:image:width\" content=\"1332\" \/>\n\t<meta property=\"og:image:height\" content=\"1117\" \/>\n\t<meta property=\"og:image:type\" content=\"image\/jpeg\" \/>\n<meta name=\"twitter:card\" content=\"summary_large_image\" \/>\n<meta name=\"twitter:label1\" content=\"Szacowany czas czytania\" \/>\n\t<meta name=\"twitter:data1\" content=\"1 minuta\" \/>\n<script type=\"application\/ld+json\" class=\"yoast-schema-graph\">{\"@context\":\"https:\\\/\\\/schema.org\",\"@graph\":[{\"@type\":\"WebPage\",\"@id\":\"https:\\\/\\\/unitranet.pl\\\/?page_id=1751\",\"url\":\"https:\\\/\\\/unitranet.pl\\\/?page_id=1751\",\"name\":\"Wynajem sprz\u0119tu - UnitraNET\",\"isPartOf\":{\"@id\":\"https:\\\/\\\/unitranet.pl\\\/#website\"},\"primaryImageOfPage\":{\"@id\":\"https:\\\/\\\/unitranet.pl\\\/?page_id=1751#primaryimage\"},\"image\":{\"@id\":\"https:\\\/\\\/unitranet.pl\\\/?page_id=1751#primaryimage\"},\"thumbnailUrl\":\"https:\\\/\\\/unitranet.pl\\\/wp-content\\\/uploads\\\/2025\\\/11\\\/space.jpg\",\"datePublished\":\"2026-04-11T05:59:25+00:00\",\"dateModified\":\"2026-04-11T06:48:39+00:00\",\"breadcrumb\":{\"@id\":\"https:\\\/\\\/unitranet.pl\\\/?page_id=1751#breadcrumb\"},\"inLanguage\":\"pl-PL\",\"potentialAction\":[{\"@type\":\"ReadAction\",\"target\":[\"https:\\\/\\\/unitranet.pl\\\/?page_id=1751\"]}]},{\"@type\":\"ImageObject\",\"inLanguage\":\"pl-PL\",\"@id\":\"https:\\\/\\\/unitranet.pl\\\/?page_id=1751#primaryimage\",\"url\":\"https:\\\/\\\/unitranet.pl\\\/wp-content\\\/uploads\\\/2025\\\/11\\\/space.jpg\",\"contentUrl\":\"https:\\\/\\\/unitranet.pl\\\/wp-content\\\/uploads\\\/2025\\\/11\\\/space.jpg\",\"width\":1332,\"height\":1117},{\"@type\":\"BreadcrumbList\",\"@id\":\"https:\\\/\\\/unitranet.pl\\\/?page_id=1751#breadcrumb\",\"itemListElement\":[{\"@type\":\"ListItem\",\"position\":1,\"name\":\"Home\",\"item\":\"https:\\\/\\\/unitranet.pl\\\/\"},{\"@type\":\"ListItem\",\"position\":2,\"name\":\"Wynajem sprz\u0119tu\"}]},{\"@type\":\"WebSite\",\"@id\":\"https:\\\/\\\/unitranet.pl\\\/#website\",\"url\":\"https:\\\/\\\/unitranet.pl\\\/\",\"name\":\"UnitraNET\",\"description\":\"\",\"potentialAction\":[{\"@type\":\"SearchAction\",\"target\":{\"@type\":\"EntryPoint\",\"urlTemplate\":\"https:\\\/\\\/unitranet.pl\\\/?s={search_term_string}\"},\"query-input\":{\"@type\":\"PropertyValueSpecification\",\"valueRequired\":true,\"valueName\":\"search_term_string\"}}],\"inLanguage\":\"pl-PL\"}]}<\/script>\n<!-- \/ Yoast SEO plugin. -->","yoast_head_json":{"title":"Wynajem sprz\u0119tu - UnitraNET","robots":{"index":"index","follow":"follow","max-snippet":"max-snippet:-1","max-image-preview":"max-image-preview:large","max-video-preview":"max-video-preview:-1"},"canonical":"https:\/\/unitranet.pl\/?page_id=1751","og_locale":"pl_PL","og_type":"article","og_title":"Wynajem sprz\u0119tu - UnitraNET","og_description":"Istnieje mo\u017cliwo\u015b\u0107 wynajmu \/ wypo\u017cyczenia dowolnego sprz\u0119tu z naszej kolekcji, wraz z dowozem na warunkach kt\u00f3re ustalimy indywidualnie. W przypadku zorganizowanej imprezy b\u0105d\u017a wystawy mo\u017cliwy opiekun z naszej Wystawy . Lista urz\u0105dze\u0144 do wynaj\u0119cia","og_url":"https:\/\/unitranet.pl\/?page_id=1751","og_site_name":"UnitraNET","article_modified_time":"2026-04-11T06:48:39+00:00","og_image":[{"width":1332,"height":1117,"url":"https:\/\/unitranet.pl\/wp-content\/uploads\/2025\/11\/space.jpg","type":"image\/jpeg"}],"twitter_card":"summary_large_image","twitter_misc":{"Szacowany czas czytania":"1 minuta"},"schema":{"@context":"https:\/\/schema.org","@graph":[{"@type":"WebPage","@id":"https:\/\/unitranet.pl\/?page_id=1751","url":"https:\/\/unitranet.pl\/?page_id=1751","name":"Wynajem sprz\u0119tu - UnitraNET","isPartOf":{"@id":"https:\/\/unitranet.pl\/#website"},"primaryImageOfPage":{"@id":"https:\/\/unitranet.pl\/?page_id=1751#primaryimage"},"image":{"@id":"https:\/\/unitranet.pl\/?page_id=1751#primaryimage"},"thumbnailUrl":"https:\/\/unitranet.pl\/wp-content\/uploads\/2025\/11\/space.jpg","datePublished":"2026-04-11T05:59:25+00:00","dateModified":"2026-04-11T06:48:39+00:00","breadcrumb":{"@id":"https:\/\/unitranet.pl\/?page_id=1751#breadcrumb"},"inLanguage":"pl-PL","potentialAction":[{"@type":"ReadAction","target":["https:\/\/unitranet.pl\/?page_id=1751"]}]},{"@type":"ImageObject","inLanguage":"pl-PL","@id":"https:\/\/unitranet.pl\/?page_id=1751#primaryimage","url":"https:\/\/unitranet.pl\/wp-content\/uploads\/2025\/11\/space.jpg","contentUrl":"https:\/\/unitranet.pl\/wp-content\/uploads\/2025\/11\/space.jpg","width":1332,"height":1117},{"@type":"BreadcrumbList","@id":"https:\/\/unitranet.pl\/?page_id=1751#breadcrumb","itemListElement":[{"@type":"ListItem","position":1,"name":"Home","item":"https:\/\/unitranet.pl\/"},{"@type":"ListItem","position":2,"name":"Wynajem sprz\u0119tu"}]},{"@type":"WebSite","@id":"https:\/\/unitranet.pl\/#website","url":"https:\/\/unitranet.pl\/","name":"UnitraNET","description":"","potentialAction":[{"@type":"SearchAction","target":{"@type":"EntryPoint","urlTemplate":"https:\/\/unitranet.pl\/?s={search_term_string}"},"query-input":{"@type":"PropertyValueSpecification","valueRequired":true,"valueName":"search_term_string"}}],"inLanguage":"pl-PL"}]}},"_links":{"self":[{"href":"https:\/\/unitranet.pl\/index.php?rest_route=\/wp\/v2\/pages\/1751","targetHints":{"allow":["GET"]}}],"collection":[{"href":"https:\/\/unitranet.pl\/index.php?rest_route=\/wp\/v2\/pages"}],"about":[{"href":"https:\/\/unitranet.pl\/index.php?rest_route=\/wp\/v2\/types\/page"}],"author":[{"embeddable":true,"href":"https:\/\/unitranet.pl\/index.php?rest_route=\/wp\/v2\/users\/1"}],"replies":[{"embeddable":true,"href":"https:\/\/unitranet.pl\/index.php?rest_route=%2Fwp%2Fv2%2Fcomments&post=1751"}],"version-history":[{"count":3,"href":"https:\/\/unitranet.pl\/index.php?rest_route=\/wp\/v2\/pages\/1751\/revisions"}],"predecessor-version":[{"id":1768,"href":"https:\/\/unitranet.pl\/index.php?rest_route=\/wp\/v2\/pages\/1751\/revisions\/1768"}],"wp:attachment":[{"href":"https:\/\/unitranet.pl\/index.php?rest_route=%2Fwp%2Fv2%2Fmedia&parent=1751"}],"curies":[{"name":"wp","href":"https:\/\/api.w.org\/{rel}","templated":true}]}}