{"id":1676,"date":"2026-03-19T21:33:30","date_gmt":"2026-03-19T20:33:30","guid":{"rendered":"https:\/\/unitranet.pl\/?page_id=1676"},"modified":"2026-03-23T13:49:11","modified_gmt":"2026-03-23T12:49:11","slug":"1676-2","status":"publish","type":"page","link":"https:\/\/unitranet.pl\/?page_id=1676","title":{"rendered":"Julia"},"content":{"rendered":"\n<div class=\"wp-block-group alignfull is-layout-flow wp-container-core-group-is-layout-f9cb6abc wp-block-group-is-layout-flow\" style=\"margin-top:0;margin-bottom:0\">\n<div class=\"wp-block-columns alignfull is-not-stacked-on-mobile is-layout-flex wp-container-core-columns-is-layout-e154fb6a wp-block-columns-is-layout-flex\" style=\"margin-top:0;margin-bottom:0;padding-top:var(--wp--preset--spacing--40);padding-right:var(--wp--preset--spacing--40);padding-bottom:var(--wp--preset--spacing--80);padding-left:var(--wp--preset--spacing--40)\">\n<div class=\"wp-block-column is-layout-flow wp-block-column-is-layout-flow\" style=\"flex-basis:66.66%\">\n<div class=\"wp-block-group is-vertical is-content-justification-stretch is-layout-flex wp-container-core-group-is-layout-7e003bba wp-block-group-is-layout-flex\">\n<h5 class=\"wp-block-heading has-xx-large-font-size\">\u201e<strong>Julia Stereo<\/strong>&nbsp;\u2013 polski przeno\u015bny&nbsp;odbiornik radiowy&nbsp;produkowany przez&nbsp;<a href=\"https:\/\/pl.wikipedia.org\/wiki\/Eltra\">Unitr\u0119 Eltra<\/a>&nbsp;od 1979 do 1991 roku\u201d<\/h5>\n\n\n\n<figure class=\"wp-block-image size-large\"><img fetchpriority=\"high\" decoding=\"async\" width=\"1024\" height=\"771\" src=\"https:\/\/unitranet.pl\/wp-content\/uploads\/2026\/03\/IMG_20260305_093921-1024x771.jpg\" alt=\"\" class=\"wp-image-1672\" srcset=\"https:\/\/unitranet.pl\/wp-content\/uploads\/2026\/03\/IMG_20260305_093921-1024x771.jpg 1024w, https:\/\/unitranet.pl\/wp-content\/uploads\/2026\/03\/IMG_20260305_093921-300x226.jpg 300w, https:\/\/unitranet.pl\/wp-content\/uploads\/2026\/03\/IMG_20260305_093921-768x578.jpg 768w, https:\/\/unitranet.pl\/wp-content\/uploads\/2026\/03\/IMG_20260305_093921-1536x1157.jpg 1536w, https:\/\/unitranet.pl\/wp-content\/uploads\/2026\/03\/IMG_20260305_093921-2048x1542.jpg 2048w\" sizes=\"(max-width: 1024px) 100vw, 1024px\" \/><\/figure>\n\n\n\n<div style=\"height:0px\" aria-hidden=\"true\" class=\"wp-block-spacer wp-container-content-273e683f\"><\/div>\n<\/div>\n<\/div>\n<\/div>\n<\/div>\n\n\n\n<p>Czy to radio jest przeno\u015bne? Wa\u017cy 6 kg a gdyby\u015bmy si\u0119 wybrali np. na piknik z Juli\u0105 pod pach\u0105 z bateriami ( 8 x R20 )?<\/p>\n\n\n\n<p>To chyba jedyna wada tego radia , bo radio to wysokiej klasy odbiornik wyposa\u017cony we wszystkie bajery tamtych czas\u00f3w. A m\u00f3wimy o latach 70-tych. Modu\u0142owa budowa , dwa wska\u017aniki , Ca\u0142kiem niez\u0142y wzmacniacz 5Watt, \u0142adnie brzmi i nie trzeba go przestraja\u0107 . Tak radio zbudowane w g\u0142\u0119bokim PRL u posiada\u0142o dwa zakresy fal OiRT i CCIR . <\/p>\n\n\n\n<p>Co prawda CCiR nie wiadomo z jakich powod\u00f3w obejmowa\u0142o tylko cz\u0119\u015b\u0107 tego pasma&#8230;.no ale by\u0142o i do dzi\u015b bez przestrojenia gra na UKF ach. Wystarczy nadusi\u0107 guzik, Prezentowany odbiornik trafi\u0142 do nas kompletnie martwy. Le\u017ca\u0142 ostatnie 10-15 lat gdzie\u015b na strychu , piwnicy og\u00f3lnie w lekkiej wilgoci.<\/p>\n\n\n\n<p>Dotychczas s\u0105dzi\u0142em , \u017ce Julia si\u0119 nie psuje bo nigdy nikt nie przyni\u00f3s\u0142 ma takiego radia do naprawy . A jednak&#8230; g\u0142\u00f3wn\u0105 awari\u0105 by\u0142&#8230;transformator po stronie wt\u00f3rnej . Na stronie popularnego serwisu aukcyjnego zakupi\u0142em bez problem\u00f3w u\u017cywany trafo a w mi\u0119dzy czasie obejrza\u0142em zasilacz. A tam si\u0119 dzia\u0142o&#8230;kto\u015b zamieni\u0142 tranzystor mocy BD355 na BD202! A \u017ce p\u0142ytka jest nie dostosowana do tego typu wykonania tranzystora ( orygina\u0142 TO66 zamiennik TO220 )  zamocowany do niego niezbyt skutecznie radiator , to spowodowa\u0142o uszkodzenie zasilacza tego radia i zamiast r\u00f3wnych, stabilnych 16V na wyj\u015bciu mia\u0142em ponad 23 V.  <\/p>\n\n\n\n<figure class=\"wp-block-image size-large\"><img decoding=\"async\" width=\"1024\" height=\"836\" src=\"https:\/\/unitranet.pl\/wp-content\/uploads\/2026\/03\/zasilacz-1024x836.jpg\" alt=\"\" class=\"wp-image-1683\" srcset=\"https:\/\/unitranet.pl\/wp-content\/uploads\/2026\/03\/zasilacz-1024x836.jpg 1024w, https:\/\/unitranet.pl\/wp-content\/uploads\/2026\/03\/zasilacz-300x245.jpg 300w, https:\/\/unitranet.pl\/wp-content\/uploads\/2026\/03\/zasilacz-768x627.jpg 768w, https:\/\/unitranet.pl\/wp-content\/uploads\/2026\/03\/zasilacz.jpg 1050w\" sizes=\"(max-width: 1024px) 100vw, 1024px\" \/><figcaption class=\"wp-element-caption\">Zasilacz radia Julia Stereo.<\/figcaption><\/figure>\n\n\n\n<p>Przywr\u00f3ci\u0142em wszystko  do orygina\u0142u. Radio w ko\u0144cu zagra\u0142o, ale cichutko i tylko na fajach d\u0142ugich. <\/p>\n\n\n\n<p>Okaza\u0142o si\u0119 \u017ce dos\u0142ownie wszystkie p\u0142ytki osadzone nie mia\u0142y prawid\u0142owego zestyku  i po oczyszczeniu ich , wraz z isostatami radio zagra\u0142o pi\u0119knie jak dawniej.<\/p>\n\n\n\n<p><\/p>\n\n\n\n<figure class=\"wp-block-gallery has-nested-images columns-default is-cropped wp-block-gallery-1 is-layout-flex wp-block-gallery-is-layout-flex\">\n<figure data-wp-context=\"{&quot;imageId&quot;:&quot;69e2869113a21&quot;}\" data-wp-interactive=\"core\/image\" data-wp-key=\"69e2869113a21\" class=\"wp-block-image size-large wp-lightbox-container\"><img decoding=\"async\" width=\"771\" height=\"1024\" data-wp-class--hide=\"state.isContentHidden\" data-wp-class--show=\"state.isContentVisible\" data-wp-init=\"callbacks.setButtonStyles\" data-wp-on--click=\"actions.showLightbox\" data-wp-on--load=\"callbacks.setButtonStyles\" data-wp-on-window--resize=\"callbacks.setButtonStyles\" data-id=\"1673\" src=\"https:\/\/unitranet.pl\/wp-content\/uploads\/2026\/03\/IMG_20260305_093933_hdr-771x1024.jpg\" alt=\"\" class=\"wp-image-1673\" srcset=\"https:\/\/unitranet.pl\/wp-content\/uploads\/2026\/03\/IMG_20260305_093933_hdr-771x1024.jpg 771w, https:\/\/unitranet.pl\/wp-content\/uploads\/2026\/03\/IMG_20260305_093933_hdr-226x300.jpg 226w, https:\/\/unitranet.pl\/wp-content\/uploads\/2026\/03\/IMG_20260305_093933_hdr-768x1020.jpg 768w, https:\/\/unitranet.pl\/wp-content\/uploads\/2026\/03\/IMG_20260305_093933_hdr-1157x1536.jpg 1157w, https:\/\/unitranet.pl\/wp-content\/uploads\/2026\/03\/IMG_20260305_093933_hdr-1542x2048.jpg 1542w, https:\/\/unitranet.pl\/wp-content\/uploads\/2026\/03\/IMG_20260305_093933_hdr-scaled.jpg 1928w\" sizes=\"(max-width: 771px) 100vw, 771px\" \/><button\n\t\t\tclass=\"lightbox-trigger\"\n\t\t\ttype=\"button\"\n\t\t\taria-haspopup=\"dialog\"\n\t\t\taria-label=\"Powi\u0119ksz\"\n\t\t\tdata-wp-init=\"callbacks.initTriggerButton\"\n\t\t\tdata-wp-on--click=\"actions.showLightbox\"\n\t\t\tdata-wp-style--right=\"state.imageButtonRight\"\n\t\t\tdata-wp-style--top=\"state.imageButtonTop\"\n\t\t>\n\t\t\t<svg xmlns=\"http:\/\/www.w3.org\/2000\/svg\" width=\"12\" height=\"12\" fill=\"none\" viewBox=\"0 0 12 12\">\n\t\t\t\t<path fill=\"#fff\" d=\"M2 0a2 2 0 0 0-2 2v2h1.5V2a.5.5 0 0 1 .5-.5h2V0H2Zm2 10.5H2a.5.5 0 0 1-.5-.5V8H0v2a2 2 0 0 0 2 2h2v-1.5ZM8 12v-1.5h2a.5.5 0 0 0 .5-.5V8H12v2a2 2 0 0 1-2 2H8Zm2-12a2 2 0 0 1 2 2v2h-1.5V2a.5.5 0 0 0-.5-.5H8V0h2Z\" \/>\n\t\t\t<\/svg>\n\t\t<\/button><\/figure>\n\n\n\n<figure data-wp-context=\"{&quot;imageId&quot;:&quot;69e2869113c68&quot;}\" data-wp-interactive=\"core\/image\" data-wp-key=\"69e2869113c68\" class=\"wp-block-image size-large wp-lightbox-container\"><img loading=\"lazy\" decoding=\"async\" width=\"1024\" height=\"771\" data-wp-class--hide=\"state.isContentHidden\" data-wp-class--show=\"state.isContentVisible\" data-wp-init=\"callbacks.setButtonStyles\" data-wp-on--click=\"actions.showLightbox\" data-wp-on--load=\"callbacks.setButtonStyles\" data-wp-on-window--resize=\"callbacks.setButtonStyles\" data-id=\"1671\" src=\"https:\/\/unitranet.pl\/wp-content\/uploads\/2026\/03\/IMG_20260305_093902_hdr-1024x771.jpg\" alt=\"\" class=\"wp-image-1671\" srcset=\"https:\/\/unitranet.pl\/wp-content\/uploads\/2026\/03\/IMG_20260305_093902_hdr-1024x771.jpg 1024w, https:\/\/unitranet.pl\/wp-content\/uploads\/2026\/03\/IMG_20260305_093902_hdr-300x226.jpg 300w, https:\/\/unitranet.pl\/wp-content\/uploads\/2026\/03\/IMG_20260305_093902_hdr-768x578.jpg 768w, https:\/\/unitranet.pl\/wp-content\/uploads\/2026\/03\/IMG_20260305_093902_hdr-1536x1157.jpg 1536w, https:\/\/unitranet.pl\/wp-content\/uploads\/2026\/03\/IMG_20260305_093902_hdr-2048x1542.jpg 2048w\" sizes=\"(max-width: 1024px) 100vw, 1024px\" \/><button\n\t\t\tclass=\"lightbox-trigger\"\n\t\t\ttype=\"button\"\n\t\t\taria-haspopup=\"dialog\"\n\t\t\taria-label=\"Powi\u0119ksz\"\n\t\t\tdata-wp-init=\"callbacks.initTriggerButton\"\n\t\t\tdata-wp-on--click=\"actions.showLightbox\"\n\t\t\tdata-wp-style--right=\"state.imageButtonRight\"\n\t\t\tdata-wp-style--top=\"state.imageButtonTop\"\n\t\t>\n\t\t\t<svg xmlns=\"http:\/\/www.w3.org\/2000\/svg\" width=\"12\" height=\"12\" fill=\"none\" viewBox=\"0 0 12 12\">\n\t\t\t\t<path fill=\"#fff\" d=\"M2 0a2 2 0 0 0-2 2v2h1.5V2a.5.5 0 0 1 .5-.5h2V0H2Zm2 10.5H2a.5.5 0 0 1-.5-.5V8H0v2a2 2 0 0 0 2 2h2v-1.5ZM8 12v-1.5h2a.5.5 0 0 0 .5-.5V8H12v2a2 2 0 0 1-2 2H8Zm2-12a2 2 0 0 1 2 2v2h-1.5V2a.5.5 0 0 0-.5-.5H8V0h2Z\" \/>\n\t\t\t<\/svg>\n\t\t<\/button><\/figure>\n\n\n\n<figure data-wp-context=\"{&quot;imageId&quot;:&quot;69e2869113e44&quot;}\" data-wp-interactive=\"core\/image\" data-wp-key=\"69e2869113e44\" class=\"wp-block-image size-large wp-lightbox-container\"><img loading=\"lazy\" decoding=\"async\" width=\"1024\" height=\"771\" data-wp-class--hide=\"state.isContentHidden\" data-wp-class--show=\"state.isContentVisible\" data-wp-init=\"callbacks.setButtonStyles\" data-wp-on--click=\"actions.showLightbox\" data-wp-on--load=\"callbacks.setButtonStyles\" data-wp-on-window--resize=\"callbacks.setButtonStyles\" data-id=\"1670\" src=\"https:\/\/unitranet.pl\/wp-content\/uploads\/2026\/03\/IMG_20260305_093858_hdr-1024x771.jpg\" alt=\"\" class=\"wp-image-1670\" srcset=\"https:\/\/unitranet.pl\/wp-content\/uploads\/2026\/03\/IMG_20260305_093858_hdr-1024x771.jpg 1024w, https:\/\/unitranet.pl\/wp-content\/uploads\/2026\/03\/IMG_20260305_093858_hdr-300x226.jpg 300w, https:\/\/unitranet.pl\/wp-content\/uploads\/2026\/03\/IMG_20260305_093858_hdr-768x578.jpg 768w, https:\/\/unitranet.pl\/wp-content\/uploads\/2026\/03\/IMG_20260305_093858_hdr-1536x1157.jpg 1536w, https:\/\/unitranet.pl\/wp-content\/uploads\/2026\/03\/IMG_20260305_093858_hdr-2048x1542.jpg 2048w\" sizes=\"(max-width: 1024px) 100vw, 1024px\" \/><button\n\t\t\tclass=\"lightbox-trigger\"\n\t\t\ttype=\"button\"\n\t\t\taria-haspopup=\"dialog\"\n\t\t\taria-label=\"Powi\u0119ksz\"\n\t\t\tdata-wp-init=\"callbacks.initTriggerButton\"\n\t\t\tdata-wp-on--click=\"actions.showLightbox\"\n\t\t\tdata-wp-style--right=\"state.imageButtonRight\"\n\t\t\tdata-wp-style--top=\"state.imageButtonTop\"\n\t\t>\n\t\t\t<svg xmlns=\"http:\/\/www.w3.org\/2000\/svg\" width=\"12\" height=\"12\" fill=\"none\" viewBox=\"0 0 12 12\">\n\t\t\t\t<path fill=\"#fff\" d=\"M2 0a2 2 0 0 0-2 2v2h1.5V2a.5.5 0 0 1 .5-.5h2V0H2Zm2 10.5H2a.5.5 0 0 1-.5-.5V8H0v2a2 2 0 0 0 2 2h2v-1.5ZM8 12v-1.5h2a.5.5 0 0 0 .5-.5V8H12v2a2 2 0 0 1-2 2H8Zm2-12a2 2 0 0 1 2 2v2h-1.5V2a.5.5 0 0 0-.5-.5H8V0h2Z\" \/>\n\t\t\t<\/svg>\n\t\t<\/button><\/figure>\n<\/figure>\n\n\n\n<figure data-wp-context=\"{&quot;imageId&quot;:&quot;69e2869114087&quot;}\" data-wp-interactive=\"core\/image\" data-wp-key=\"69e2869114087\" class=\"wp-block-image size-large wp-lightbox-container\"><img loading=\"lazy\" decoding=\"async\" width=\"1024\" height=\"625\" data-wp-class--hide=\"state.isContentHidden\" data-wp-class--show=\"state.isContentVisible\" data-wp-init=\"callbacks.setButtonStyles\" data-wp-on--click=\"actions.showLightbox\" data-wp-on--load=\"callbacks.setButtonStyles\" data-wp-on-window--resize=\"callbacks.setButtonStyles\" src=\"https:\/\/unitranet.pl\/wp-content\/uploads\/2026\/03\/julia-schemaat-1024x625.jpg\" alt=\"\" class=\"wp-image-1669\" srcset=\"https:\/\/unitranet.pl\/wp-content\/uploads\/2026\/03\/julia-schemaat-1024x625.jpg 1024w, https:\/\/unitranet.pl\/wp-content\/uploads\/2026\/03\/julia-schemaat-300x183.jpg 300w, https:\/\/unitranet.pl\/wp-content\/uploads\/2026\/03\/julia-schemaat-768x469.jpg 768w, https:\/\/unitranet.pl\/wp-content\/uploads\/2026\/03\/julia-schemaat-1536x937.jpg 1536w, https:\/\/unitranet.pl\/wp-content\/uploads\/2026\/03\/julia-schemaat-2048x1250.jpg 2048w\" sizes=\"(max-width: 1024px) 100vw, 1024px\" \/><button\n\t\t\tclass=\"lightbox-trigger\"\n\t\t\ttype=\"button\"\n\t\t\taria-haspopup=\"dialog\"\n\t\t\taria-label=\"Powi\u0119ksz\"\n\t\t\tdata-wp-init=\"callbacks.initTriggerButton\"\n\t\t\tdata-wp-on--click=\"actions.showLightbox\"\n\t\t\tdata-wp-style--right=\"state.imageButtonRight\"\n\t\t\tdata-wp-style--top=\"state.imageButtonTop\"\n\t\t>\n\t\t\t<svg xmlns=\"http:\/\/www.w3.org\/2000\/svg\" width=\"12\" height=\"12\" fill=\"none\" viewBox=\"0 0 12 12\">\n\t\t\t\t<path fill=\"#fff\" d=\"M2 0a2 2 0 0 0-2 2v2h1.5V2a.5.5 0 0 1 .5-.5h2V0H2Zm2 10.5H2a.5.5 0 0 1-.5-.5V8H0v2a2 2 0 0 0 2 2h2v-1.5ZM8 12v-1.5h2a.5.5 0 0 0 .5-.5V8H12v2a2 2 0 0 1-2 2H8Zm2-12a2 2 0 0 1 2 2v2h-1.5V2a.5.5 0 0 0-.5-.5H8V0h2Z\" \/>\n\t\t\t<\/svg>\n\t\t<\/button><\/figure>\n\n\n\n<p><em><a href=\"https:\/\/unitranet.pl\/wp-content\/uploads\/2026\/03\/julia-schemaat-scaled.jpg\" type=\"link\" id=\"https:\/\/unitranet.pl\/wp-content\/uploads\/2026\/03\/julia-schemaat-scaled.jpg\">schemat do pobrania<\/a><\/em><\/p>\n","protected":false},"excerpt":{"rendered":"<p>\u201eJulia Stereo&nbsp;\u2013 polski przeno\u015bny&nbsp;odbiornik radiowy&nbsp;produkowany przez&nbsp;Unitr\u0119 Eltra&nbsp;od 1979 do 1991 roku\u201d Czy to radio jest przeno\u015bne? Wa\u017cy 6 kg a gdyby\u015bmy si\u0119 wybrali np. na piknik z Juli\u0105 pod pach\u0105 z bateriami ( 8 x R20 )? To chyba jedyna wada tego radia , bo radio to wysokiej klasy odbiornik wyposa\u017cony we wszystkie bajery tamtych [&hellip;]<\/p>\n","protected":false},"author":1,"featured_media":0,"parent":0,"menu_order":0,"comment_status":"closed","ping_status":"closed","template":"","meta":{"footnotes":""},"class_list":["post-1676","page","type-page","status-publish","hentry"],"yoast_head":"<!-- This site is optimized with the Yoast SEO plugin v27.4 - https:\/\/yoast.com\/product\/yoast-seo-wordpress\/ -->\n<title>Julia - UnitraNET<\/title>\n<meta name=\"robots\" content=\"index, follow, max-snippet:-1, max-image-preview:large, max-video-preview:-1\" \/>\n<link rel=\"canonical\" href=\"https:\/\/unitranet.pl\/?page_id=1676\" \/>\n<meta property=\"og:locale\" content=\"pl_PL\" \/>\n<meta property=\"og:type\" content=\"article\" \/>\n<meta property=\"og:title\" content=\"Julia - UnitraNET\" \/>\n<meta property=\"og:description\" content=\"\u201eJulia Stereo&nbsp;\u2013 polski przeno\u015bny&nbsp;odbiornik radiowy&nbsp;produkowany przez&nbsp;Unitr\u0119 Eltra&nbsp;od 1979 do 1991 roku\u201d Czy to radio jest przeno\u015bne? Wa\u017cy 6 kg a gdyby\u015bmy si\u0119 wybrali np. na piknik z Juli\u0105 pod pach\u0105 z bateriami ( 8 x R20 )? To chyba jedyna wada tego radia , bo radio to wysokiej klasy odbiornik wyposa\u017cony we wszystkie bajery tamtych [&hellip;]\" \/>\n<meta property=\"og:url\" content=\"https:\/\/unitranet.pl\/?page_id=1676\" \/>\n<meta property=\"og:site_name\" content=\"UnitraNET\" \/>\n<meta property=\"article:modified_time\" content=\"2026-03-23T12:49:11+00:00\" \/>\n<meta property=\"og:image\" content=\"https:\/\/unitranet.pl\/wp-content\/uploads\/2026\/03\/IMG_20260305_093921-scaled.jpg\" \/>\n\t<meta property=\"og:image:width\" content=\"2560\" \/>\n\t<meta property=\"og:image:height\" content=\"1928\" \/>\n\t<meta property=\"og:image:type\" content=\"image\/jpeg\" \/>\n<meta name=\"twitter:card\" content=\"summary_large_image\" \/>\n<meta name=\"twitter:label1\" content=\"Szacowany czas czytania\" \/>\n\t<meta name=\"twitter:data1\" content=\"3 minuty\" \/>\n<script type=\"application\/ld+json\" class=\"yoast-schema-graph\">{\"@context\":\"https:\\\/\\\/schema.org\",\"@graph\":[{\"@type\":\"WebPage\",\"@id\":\"https:\\\/\\\/unitranet.pl\\\/?page_id=1676\",\"url\":\"https:\\\/\\\/unitranet.pl\\\/?page_id=1676\",\"name\":\"Julia - UnitraNET\",\"isPartOf\":{\"@id\":\"https:\\\/\\\/unitranet.pl\\\/#website\"},\"primaryImageOfPage\":{\"@id\":\"https:\\\/\\\/unitranet.pl\\\/?page_id=1676#primaryimage\"},\"image\":{\"@id\":\"https:\\\/\\\/unitranet.pl\\\/?page_id=1676#primaryimage\"},\"thumbnailUrl\":\"https:\\\/\\\/unitranet.pl\\\/wp-content\\\/uploads\\\/2026\\\/03\\\/IMG_20260305_093921-1024x771.jpg\",\"datePublished\":\"2026-03-19T20:33:30+00:00\",\"dateModified\":\"2026-03-23T12:49:11+00:00\",\"breadcrumb\":{\"@id\":\"https:\\\/\\\/unitranet.pl\\\/?page_id=1676#breadcrumb\"},\"inLanguage\":\"pl-PL\",\"potentialAction\":[{\"@type\":\"ReadAction\",\"target\":[\"https:\\\/\\\/unitranet.pl\\\/?page_id=1676\"]}]},{\"@type\":\"ImageObject\",\"inLanguage\":\"pl-PL\",\"@id\":\"https:\\\/\\\/unitranet.pl\\\/?page_id=1676#primaryimage\",\"url\":\"https:\\\/\\\/unitranet.pl\\\/wp-content\\\/uploads\\\/2026\\\/03\\\/IMG_20260305_093921-scaled.jpg\",\"contentUrl\":\"https:\\\/\\\/unitranet.pl\\\/wp-content\\\/uploads\\\/2026\\\/03\\\/IMG_20260305_093921-scaled.jpg\",\"width\":2560,\"height\":1928},{\"@type\":\"BreadcrumbList\",\"@id\":\"https:\\\/\\\/unitranet.pl\\\/?page_id=1676#breadcrumb\",\"itemListElement\":[{\"@type\":\"ListItem\",\"position\":1,\"name\":\"Home\",\"item\":\"https:\\\/\\\/unitranet.pl\\\/\"},{\"@type\":\"ListItem\",\"position\":2,\"name\":\"Julia\"}]},{\"@type\":\"WebSite\",\"@id\":\"https:\\\/\\\/unitranet.pl\\\/#website\",\"url\":\"https:\\\/\\\/unitranet.pl\\\/\",\"name\":\"UnitraNET\",\"description\":\"\",\"potentialAction\":[{\"@type\":\"SearchAction\",\"target\":{\"@type\":\"EntryPoint\",\"urlTemplate\":\"https:\\\/\\\/unitranet.pl\\\/?s={search_term_string}\"},\"query-input\":{\"@type\":\"PropertyValueSpecification\",\"valueRequired\":true,\"valueName\":\"search_term_string\"}}],\"inLanguage\":\"pl-PL\"}]}<\/script>\n<!-- \/ Yoast SEO plugin. -->","yoast_head_json":{"title":"Julia - UnitraNET","robots":{"index":"index","follow":"follow","max-snippet":"max-snippet:-1","max-image-preview":"max-image-preview:large","max-video-preview":"max-video-preview:-1"},"canonical":"https:\/\/unitranet.pl\/?page_id=1676","og_locale":"pl_PL","og_type":"article","og_title":"Julia - UnitraNET","og_description":"\u201eJulia Stereo&nbsp;\u2013 polski przeno\u015bny&nbsp;odbiornik radiowy&nbsp;produkowany przez&nbsp;Unitr\u0119 Eltra&nbsp;od 1979 do 1991 roku\u201d Czy to radio jest przeno\u015bne? Wa\u017cy 6 kg a gdyby\u015bmy si\u0119 wybrali np. na piknik z Juli\u0105 pod pach\u0105 z bateriami ( 8 x R20 )? To chyba jedyna wada tego radia , bo radio to wysokiej klasy odbiornik wyposa\u017cony we wszystkie bajery tamtych [&hellip;]","og_url":"https:\/\/unitranet.pl\/?page_id=1676","og_site_name":"UnitraNET","article_modified_time":"2026-03-23T12:49:11+00:00","og_image":[{"width":2560,"height":1928,"url":"https:\/\/unitranet.pl\/wp-content\/uploads\/2026\/03\/IMG_20260305_093921-scaled.jpg","type":"image\/jpeg"}],"twitter_card":"summary_large_image","twitter_misc":{"Szacowany czas czytania":"3 minuty"},"schema":{"@context":"https:\/\/schema.org","@graph":[{"@type":"WebPage","@id":"https:\/\/unitranet.pl\/?page_id=1676","url":"https:\/\/unitranet.pl\/?page_id=1676","name":"Julia - UnitraNET","isPartOf":{"@id":"https:\/\/unitranet.pl\/#website"},"primaryImageOfPage":{"@id":"https:\/\/unitranet.pl\/?page_id=1676#primaryimage"},"image":{"@id":"https:\/\/unitranet.pl\/?page_id=1676#primaryimage"},"thumbnailUrl":"https:\/\/unitranet.pl\/wp-content\/uploads\/2026\/03\/IMG_20260305_093921-1024x771.jpg","datePublished":"2026-03-19T20:33:30+00:00","dateModified":"2026-03-23T12:49:11+00:00","breadcrumb":{"@id":"https:\/\/unitranet.pl\/?page_id=1676#breadcrumb"},"inLanguage":"pl-PL","potentialAction":[{"@type":"ReadAction","target":["https:\/\/unitranet.pl\/?page_id=1676"]}]},{"@type":"ImageObject","inLanguage":"pl-PL","@id":"https:\/\/unitranet.pl\/?page_id=1676#primaryimage","url":"https:\/\/unitranet.pl\/wp-content\/uploads\/2026\/03\/IMG_20260305_093921-scaled.jpg","contentUrl":"https:\/\/unitranet.pl\/wp-content\/uploads\/2026\/03\/IMG_20260305_093921-scaled.jpg","width":2560,"height":1928},{"@type":"BreadcrumbList","@id":"https:\/\/unitranet.pl\/?page_id=1676#breadcrumb","itemListElement":[{"@type":"ListItem","position":1,"name":"Home","item":"https:\/\/unitranet.pl\/"},{"@type":"ListItem","position":2,"name":"Julia"}]},{"@type":"WebSite","@id":"https:\/\/unitranet.pl\/#website","url":"https:\/\/unitranet.pl\/","name":"UnitraNET","description":"","potentialAction":[{"@type":"SearchAction","target":{"@type":"EntryPoint","urlTemplate":"https:\/\/unitranet.pl\/?s={search_term_string}"},"query-input":{"@type":"PropertyValueSpecification","valueRequired":true,"valueName":"search_term_string"}}],"inLanguage":"pl-PL"}]}},"_links":{"self":[{"href":"https:\/\/unitranet.pl\/index.php?rest_route=\/wp\/v2\/pages\/1676","targetHints":{"allow":["GET"]}}],"collection":[{"href":"https:\/\/unitranet.pl\/index.php?rest_route=\/wp\/v2\/pages"}],"about":[{"href":"https:\/\/unitranet.pl\/index.php?rest_route=\/wp\/v2\/types\/page"}],"author":[{"embeddable":true,"href":"https:\/\/unitranet.pl\/index.php?rest_route=\/wp\/v2\/users\/1"}],"replies":[{"embeddable":true,"href":"https:\/\/unitranet.pl\/index.php?rest_route=%2Fwp%2Fv2%2Fcomments&post=1676"}],"version-history":[{"count":6,"href":"https:\/\/unitranet.pl\/index.php?rest_route=\/wp\/v2\/pages\/1676\/revisions"}],"predecessor-version":[{"id":1689,"href":"https:\/\/unitranet.pl\/index.php?rest_route=\/wp\/v2\/pages\/1676\/revisions\/1689"}],"wp:attachment":[{"href":"https:\/\/unitranet.pl\/index.php?rest_route=%2Fwp%2Fv2%2Fmedia&parent=1676"}],"curies":[{"name":"wp","href":"https:\/\/api.w.org\/{rel}","templated":true}]}}