{"id":1475,"date":"2025-12-01T17:18:39","date_gmt":"2025-12-01T16:18:39","guid":{"rendered":"https:\/\/unitranet.pl\/?page_id=1475"},"modified":"2025-12-01T17:24:54","modified_gmt":"2025-12-01T16:24:54","slug":"mateusz","status":"publish","type":"page","link":"https:\/\/unitranet.pl\/?page_id=1475","title":{"rendered":"Mateusz"},"content":{"rendered":"\n<p>Nazywam si\u0119 Mateusz Ga\u0142\u0105zka, na codzie\u0144 probuj\u0119 wdro\u017cy\u0107 si\u0119 w temat elektroniki i mechaniki przez moich znajomych Wojtka i Kub\u0119, ca\u0142y czas staram si\u0119 zwi\u0119ksza\u0107 swoj\u0105 wiedz\u0119 w tych tematach i szybko ucz\u0119 si\u0119 nowych rzeczy. Do elektroniki PRL-u wci\u0105gn\u0105\u0142 mnie Wojtas i pan Darek i gdy tylko mog\u0119 pomagam ch\u0142opakom gdy jest taka potrzeba. Aktualnie ucz\u0119 si\u0119 na blacharza samochodowego. Mieszkam&nbsp;w&nbsp;Bydgoszczy.<\/p>\n\n\n\n<div class=\"wp-block-cover\"><img fetchpriority=\"high\" decoding=\"async\" width=\"245\" height=\"308\" class=\"wp-block-cover__image-background wp-image-1478\" alt=\"\" src=\"https:\/\/unitranet.pl\/wp-content\/uploads\/2025\/12\/Zdjecie-WhatsApp-2025-12-01-o-16.40.18_dd551d79.jpg\" data-object-fit=\"cover\" srcset=\"https:\/\/unitranet.pl\/wp-content\/uploads\/2025\/12\/Zdjecie-WhatsApp-2025-12-01-o-16.40.18_dd551d79.jpg 245w, https:\/\/unitranet.pl\/wp-content\/uploads\/2025\/12\/Zdjecie-WhatsApp-2025-12-01-o-16.40.18_dd551d79-239x300.jpg 239w\" sizes=\"(max-width: 245px) 100vw, 245px\" \/><span aria-hidden=\"true\" class=\"wp-block-cover__background has-background-dim\"><\/span><div class=\"wp-block-cover__inner-container is-layout-flow wp-block-cover-is-layout-flow\">\n<p class=\"has-text-align-center has-large-font-size\"><\/p>\n<\/div><\/div>\n","protected":false},"excerpt":{"rendered":"<p>Nazywam si\u0119 Mateusz Ga\u0142\u0105zka, na codzie\u0144 probuj\u0119 wdro\u017cy\u0107 si\u0119 w temat elektroniki i mechaniki przez moich znajomych Wojtka i Kub\u0119, ca\u0142y czas staram si\u0119 zwi\u0119ksza\u0107 swoj\u0105 wiedz\u0119 w tych tematach i szybko ucz\u0119 si\u0119 nowych rzeczy. Do elektroniki PRL-u wci\u0105gn\u0105\u0142 mnie Wojtas i pan Darek i gdy tylko mog\u0119 pomagam ch\u0142opakom gdy jest taka potrzeba. [&hellip;]<\/p>\n","protected":false},"author":1,"featured_media":0,"parent":0,"menu_order":0,"comment_status":"closed","ping_status":"closed","template":"","meta":{"footnotes":""},"class_list":["post-1475","page","type-page","status-publish","hentry"],"yoast_head":"<!-- This site is optimized with the Yoast SEO plugin v27.4 - https:\/\/yoast.com\/product\/yoast-seo-wordpress\/ -->\n<title>Mateusz - UnitraNET<\/title>\n<meta name=\"robots\" content=\"index, follow, max-snippet:-1, max-image-preview:large, max-video-preview:-1\" \/>\n<link rel=\"canonical\" href=\"https:\/\/unitranet.pl\/?page_id=1475\" \/>\n<meta property=\"og:locale\" content=\"pl_PL\" \/>\n<meta property=\"og:type\" content=\"article\" \/>\n<meta property=\"og:title\" content=\"Mateusz - UnitraNET\" \/>\n<meta property=\"og:description\" content=\"Nazywam si\u0119 Mateusz Ga\u0142\u0105zka, na codzie\u0144 probuj\u0119 wdro\u017cy\u0107 si\u0119 w temat elektroniki i mechaniki przez moich znajomych Wojtka i Kub\u0119, ca\u0142y czas staram si\u0119 zwi\u0119ksza\u0107 swoj\u0105 wiedz\u0119 w tych tematach i szybko ucz\u0119 si\u0119 nowych rzeczy. Do elektroniki PRL-u wci\u0105gn\u0105\u0142 mnie Wojtas i pan Darek i gdy tylko mog\u0119 pomagam ch\u0142opakom gdy jest taka potrzeba. [&hellip;]\" \/>\n<meta property=\"og:url\" content=\"https:\/\/unitranet.pl\/?page_id=1475\" \/>\n<meta property=\"og:site_name\" content=\"UnitraNET\" \/>\n<meta property=\"article:modified_time\" content=\"2025-12-01T16:24:54+00:00\" \/>\n<meta property=\"og:image\" content=\"https:\/\/unitranet.pl\/wp-content\/uploads\/2025\/12\/Zdjecie-WhatsApp-2025-12-01-o-16.40.18_dd551d79.jpg\" \/>\n\t<meta property=\"og:image:width\" content=\"245\" \/>\n\t<meta property=\"og:image:height\" content=\"308\" \/>\n\t<meta property=\"og:image:type\" content=\"image\/jpeg\" \/>\n<meta name=\"twitter:card\" content=\"summary_large_image\" \/>\n<meta name=\"twitter:label1\" content=\"Szacowany czas czytania\" \/>\n\t<meta name=\"twitter:data1\" content=\"1 minuta\" \/>\n<script type=\"application\/ld+json\" class=\"yoast-schema-graph\">{\"@context\":\"https:\\\/\\\/schema.org\",\"@graph\":[{\"@type\":\"WebPage\",\"@id\":\"https:\\\/\\\/unitranet.pl\\\/?page_id=1475\",\"url\":\"https:\\\/\\\/unitranet.pl\\\/?page_id=1475\",\"name\":\"Mateusz - UnitraNET\",\"isPartOf\":{\"@id\":\"https:\\\/\\\/unitranet.pl\\\/#website\"},\"primaryImageOfPage\":{\"@id\":\"https:\\\/\\\/unitranet.pl\\\/?page_id=1475#primaryimage\"},\"image\":{\"@id\":\"https:\\\/\\\/unitranet.pl\\\/?page_id=1475#primaryimage\"},\"thumbnailUrl\":\"https:\\\/\\\/unitranet.pl\\\/wp-content\\\/uploads\\\/2025\\\/12\\\/Zdjecie-WhatsApp-2025-12-01-o-16.40.18_dd551d79.jpg\",\"datePublished\":\"2025-12-01T16:18:39+00:00\",\"dateModified\":\"2025-12-01T16:24:54+00:00\",\"breadcrumb\":{\"@id\":\"https:\\\/\\\/unitranet.pl\\\/?page_id=1475#breadcrumb\"},\"inLanguage\":\"pl-PL\",\"potentialAction\":[{\"@type\":\"ReadAction\",\"target\":[\"https:\\\/\\\/unitranet.pl\\\/?page_id=1475\"]}]},{\"@type\":\"ImageObject\",\"inLanguage\":\"pl-PL\",\"@id\":\"https:\\\/\\\/unitranet.pl\\\/?page_id=1475#primaryimage\",\"url\":\"https:\\\/\\\/unitranet.pl\\\/wp-content\\\/uploads\\\/2025\\\/12\\\/Zdjecie-WhatsApp-2025-12-01-o-16.40.18_dd551d79.jpg\",\"contentUrl\":\"https:\\\/\\\/unitranet.pl\\\/wp-content\\\/uploads\\\/2025\\\/12\\\/Zdjecie-WhatsApp-2025-12-01-o-16.40.18_dd551d79.jpg\",\"width\":245,\"height\":308},{\"@type\":\"BreadcrumbList\",\"@id\":\"https:\\\/\\\/unitranet.pl\\\/?page_id=1475#breadcrumb\",\"itemListElement\":[{\"@type\":\"ListItem\",\"position\":1,\"name\":\"Home\",\"item\":\"https:\\\/\\\/unitranet.pl\\\/\"},{\"@type\":\"ListItem\",\"position\":2,\"name\":\"Mateusz\"}]},{\"@type\":\"WebSite\",\"@id\":\"https:\\\/\\\/unitranet.pl\\\/#website\",\"url\":\"https:\\\/\\\/unitranet.pl\\\/\",\"name\":\"UnitraNET\",\"description\":\"\",\"potentialAction\":[{\"@type\":\"SearchAction\",\"target\":{\"@type\":\"EntryPoint\",\"urlTemplate\":\"https:\\\/\\\/unitranet.pl\\\/?s={search_term_string}\"},\"query-input\":{\"@type\":\"PropertyValueSpecification\",\"valueRequired\":true,\"valueName\":\"search_term_string\"}}],\"inLanguage\":\"pl-PL\"}]}<\/script>\n<!-- \/ Yoast SEO plugin. -->","yoast_head_json":{"title":"Mateusz - UnitraNET","robots":{"index":"index","follow":"follow","max-snippet":"max-snippet:-1","max-image-preview":"max-image-preview:large","max-video-preview":"max-video-preview:-1"},"canonical":"https:\/\/unitranet.pl\/?page_id=1475","og_locale":"pl_PL","og_type":"article","og_title":"Mateusz - UnitraNET","og_description":"Nazywam si\u0119 Mateusz Ga\u0142\u0105zka, na codzie\u0144 probuj\u0119 wdro\u017cy\u0107 si\u0119 w temat elektroniki i mechaniki przez moich znajomych Wojtka i Kub\u0119, ca\u0142y czas staram si\u0119 zwi\u0119ksza\u0107 swoj\u0105 wiedz\u0119 w tych tematach i szybko ucz\u0119 si\u0119 nowych rzeczy. Do elektroniki PRL-u wci\u0105gn\u0105\u0142 mnie Wojtas i pan Darek i gdy tylko mog\u0119 pomagam ch\u0142opakom gdy jest taka potrzeba. [&hellip;]","og_url":"https:\/\/unitranet.pl\/?page_id=1475","og_site_name":"UnitraNET","article_modified_time":"2025-12-01T16:24:54+00:00","og_image":[{"width":245,"height":308,"url":"https:\/\/unitranet.pl\/wp-content\/uploads\/2025\/12\/Zdjecie-WhatsApp-2025-12-01-o-16.40.18_dd551d79.jpg","type":"image\/jpeg"}],"twitter_card":"summary_large_image","twitter_misc":{"Szacowany czas czytania":"1 minuta"},"schema":{"@context":"https:\/\/schema.org","@graph":[{"@type":"WebPage","@id":"https:\/\/unitranet.pl\/?page_id=1475","url":"https:\/\/unitranet.pl\/?page_id=1475","name":"Mateusz - UnitraNET","isPartOf":{"@id":"https:\/\/unitranet.pl\/#website"},"primaryImageOfPage":{"@id":"https:\/\/unitranet.pl\/?page_id=1475#primaryimage"},"image":{"@id":"https:\/\/unitranet.pl\/?page_id=1475#primaryimage"},"thumbnailUrl":"https:\/\/unitranet.pl\/wp-content\/uploads\/2025\/12\/Zdjecie-WhatsApp-2025-12-01-o-16.40.18_dd551d79.jpg","datePublished":"2025-12-01T16:18:39+00:00","dateModified":"2025-12-01T16:24:54+00:00","breadcrumb":{"@id":"https:\/\/unitranet.pl\/?page_id=1475#breadcrumb"},"inLanguage":"pl-PL","potentialAction":[{"@type":"ReadAction","target":["https:\/\/unitranet.pl\/?page_id=1475"]}]},{"@type":"ImageObject","inLanguage":"pl-PL","@id":"https:\/\/unitranet.pl\/?page_id=1475#primaryimage","url":"https:\/\/unitranet.pl\/wp-content\/uploads\/2025\/12\/Zdjecie-WhatsApp-2025-12-01-o-16.40.18_dd551d79.jpg","contentUrl":"https:\/\/unitranet.pl\/wp-content\/uploads\/2025\/12\/Zdjecie-WhatsApp-2025-12-01-o-16.40.18_dd551d79.jpg","width":245,"height":308},{"@type":"BreadcrumbList","@id":"https:\/\/unitranet.pl\/?page_id=1475#breadcrumb","itemListElement":[{"@type":"ListItem","position":1,"name":"Home","item":"https:\/\/unitranet.pl\/"},{"@type":"ListItem","position":2,"name":"Mateusz"}]},{"@type":"WebSite","@id":"https:\/\/unitranet.pl\/#website","url":"https:\/\/unitranet.pl\/","name":"UnitraNET","description":"","potentialAction":[{"@type":"SearchAction","target":{"@type":"EntryPoint","urlTemplate":"https:\/\/unitranet.pl\/?s={search_term_string}"},"query-input":{"@type":"PropertyValueSpecification","valueRequired":true,"valueName":"search_term_string"}}],"inLanguage":"pl-PL"}]}},"_links":{"self":[{"href":"https:\/\/unitranet.pl\/index.php?rest_route=\/wp\/v2\/pages\/1475","targetHints":{"allow":["GET"]}}],"collection":[{"href":"https:\/\/unitranet.pl\/index.php?rest_route=\/wp\/v2\/pages"}],"about":[{"href":"https:\/\/unitranet.pl\/index.php?rest_route=\/wp\/v2\/types\/page"}],"author":[{"embeddable":true,"href":"https:\/\/unitranet.pl\/index.php?rest_route=\/wp\/v2\/users\/1"}],"replies":[{"embeddable":true,"href":"https:\/\/unitranet.pl\/index.php?rest_route=%2Fwp%2Fv2%2Fcomments&post=1475"}],"version-history":[{"count":2,"href":"https:\/\/unitranet.pl\/index.php?rest_route=\/wp\/v2\/pages\/1475\/revisions"}],"predecessor-version":[{"id":1480,"href":"https:\/\/unitranet.pl\/index.php?rest_route=\/wp\/v2\/pages\/1475\/revisions\/1480"}],"wp:attachment":[{"href":"https:\/\/unitranet.pl\/index.php?rest_route=%2Fwp%2Fv2%2Fmedia&parent=1475"}],"curies":[{"name":"wp","href":"https:\/\/api.w.org\/{rel}","templated":true}]}}