{"id":1391,"date":"2025-10-28T21:53:21","date_gmt":"2025-10-28T20:53:21","guid":{"rendered":"https:\/\/unitranet.pl\/?page_id=1391"},"modified":"2025-10-29T07:42:47","modified_gmt":"2025-10-29T06:42:47","slug":"historia","status":"publish","type":"page","link":"https:\/\/unitranet.pl\/?page_id=1391","title":{"rendered":"Historia"},"content":{"rendered":"\n<p>Wystawy Elektronika PRLu<\/p>\n\n\n\n<p>&nbsp;&nbsp; Pomys\u0142 wystawy zrodzi\u0142 si\u0119 w\u0142a\u015bciwie przypadkiem. Ot, lu\u017ana rozmowa trzech facet\u00f3w o sprz\u0119cie graj\u0105cym z lat osiemdziesi\u0105tych. \u017be jeszcze dzia\u0142a, \u017ce jeszcze go u\u017cywamy, \u017ce jeszcze mo\u017cna go tanio i i \u0142atwo naprawi\u0107, niekoniecznie w \u201ewielce autoryzowanym serwisie&#8221; obwieszonym wszelkiej ma\u015bci certyfikatami. Nie, nie tam. Tylko u pana Zenka dwa bloki dalej. Naprawia\u0142 nam w 1985 kolorowego Rubina, kt\u00f3ry tak pi\u0119knie brzmia\u0142 (c\u00f3\u017c si\u0119 dziwi\u0107 &#8211; mia\u0142 drewnian\u0105 obudow\u0119 i du\u017ce g\u0142o\u015bniki).&nbsp;<strong>Kiedy zacz\u0119li\u015bmy wymienia\u0107 co kto z nas posiada i w jakim stanie technicznym, to nasza rozmowa zjecha\u0142a na inne tory.<\/strong> <strong>W\u0142a\u015bciwie na dwa tory<\/strong>.<\/p>\n\n\n\n<p>&nbsp;&nbsp;&nbsp;&nbsp; Pierwszy zawiera\u0142 pytanie, dlaczego w chwili obecnej oferuje nam si\u0119 sprz\u0119t, kt\u00f3ry, o ile do\u017cyje ko\u0144ca gwarancji, to ju\u017c niewiele wi\u0119cej. A jego naprawa polega (troch\u0119 ironizuj\u0119) na wymianie \u015brodka lub obudowy. W szczeg\u00f3\u0142y ju\u017c si\u0119 nikt nie zag\u0142\u0119bia.&nbsp;<strong>Tu okaza\u0142o si\u0119, \u017ce te &#8222;nasze graty&#8221; mo\u017cna naprawia\u0107 w niemal\u017ce niesko\u0144czono\u015b\u0107<\/strong>&nbsp;wymieniaj\u0105c ka\u017cdy element z osobna.&nbsp;<strong>Nie by\u0142o to specjalnie odkrywcze,<\/strong>&nbsp;ale doszli\u015bmy do wniosku, \u017ce je\u017celi nie wiadomo o co chodzi&#8230;.to chodzi o pieni\u0105dze! Po prostu, my klienci, ofiary og\u00f3lnie dost\u0119pnego sprz\u0119tu, mamy i\u015b\u0107 po nowy. Urz\u0105dzenia audio-video (i nie tylko), kt\u00f3re nas ekscytuj\u0105, by\u0142y w owych czasach w miar\u0119 dost\u0119pne cenowo i oferowa\u0142y przyzwoit\u0105 jako\u015b\u0107 brzmienia i parametry techniczne.&nbsp;<strong>Parametry, o kt\u00f3rych obecnie nie ma \u017cadnej wzmianki w instrukcjach obs\u0142ugi.<\/strong>&nbsp;Nie ma takich mo\u017cliwo\u015bci rozbudowy zestawu, pod\u0142\u0105czania do\u0144 kolejnych urz\u0105dze\u0144, jakie posiadaj\u0105 nasze \u201egraty&#8221;. Obecnie najlepiej, \u017ceby wszystko zawiera\u0142o si\u0119 w jednej obudowie z kolumnami wielko\u015bci kostki mas\u0142a i prze\u0142\u0105cznikiem POP, ROCK, CLASIK&#8230;jako wyb\u00f3r brzmienia odtwarzanej muzyki. Nie wspomn\u0119 o modzie na \u201ewszystko w kompie&#8221; i zgrywania tego na pude\u0142eczko MP3 lub telefon kom\u00f3rkowy. Przecie\u017c s\u0142ycha\u0107, \u017ce graj\u0105! I ostatnia my\u015bl z toru pierwszego. Zaraz kto\u015b postawi zarzut, \u017ce produkuje si\u0119 urz\u0105dzenia w czystej postaci, kt\u00f3re odpowiadaj\u0105 naszym (czyli fanom starszych nie\u017ale graj\u0105cych grat\u00f3w) oczekiwaniom. Owszem. Ale za jakie pieni\u0105dze&#8230;? I niech tylko si\u0119 nie popsuj\u0105 bo wtedy biada posiadaczowi. I ostania kwestia:&nbsp;<strong>wzornictwo!<\/strong>&nbsp;Co\u015b mi\u0119dzy RoboCop a Star Trek. I ma \u201emryga\u0107&#8221;, czy to potrzebne czy nie. Nie ma te\u017c mo\u017cliwo\u015bci wyboru: czarny, srebrny czy szampa\u0144ski kolor obudowy.&nbsp;<strong>Prawd\u0105 jest, \u017ce trzeba by\u0142o pozwiedza\u0107 miasto, \u017ceby &#8222;ten&#8221; sprz\u0119t \u201ezdoby\u0107&#8221;<\/strong>.<\/p>\n\n\n\n<p>&nbsp;&nbsp;&nbsp;&nbsp; Drugi, bardziej pragmatyczny tor: czy nie mo\u017cna by poznosi\u0107 tego wszystkiego, dla wielu ludzi bezu\u017cytecznego z\u0142omu, i stworzy\u0107 mini wystawk\u0119 ilustruj\u0105c\u0105 mo\u017cliwo\u015bci techniczne naszych konstruktor\u00f3w i przemys\u0142u, przywo\u0142uj\u0105c\u0105 wspomnienia tym, kt\u00f3rzy to zobacz\u0105 i (nie ukrywam) daj\u0105c\u0105 nam szans\u0119 \u201ewy\u017cycia si\u0119&#8221; w tym co nas \u201ekr\u0119ci&#8221;? Po paru tygodniach szpiegowania rodziny i znajomych odno\u015bnie posiadanych \u201egrat\u00f3w&#8221; okaza\u0142o si\u0119, \u017ce ma to sens. Niema\u0142y. Zacz\u0119li\u015bmy dzia\u0142a\u0107. I to by\u0142&nbsp;<strong>pocz\u0105tek<\/strong>, ju\u017c nie wystawki ale, jak si\u0119 okaza\u0142o, wystawy (<strong>25.II.-2.III.2007<\/strong>&nbsp;pod nazw\u0105&nbsp;<strong>\u201eWystawa elektroniki PRL-u&#8221;<\/strong>).<\/p>\n\n\n\n<div class=\"wp-block-media-text is-stacked-on-mobile\" style=\"grid-template-columns:68% auto\"><figure class=\"wp-block-media-text__media\"><img fetchpriority=\"high\" decoding=\"async\" width=\"750\" height=\"563\" src=\"https:\/\/unitranet.pl\/wp-content\/uploads\/2025\/10\/Zdjecie-WhatsApp-2025-10-17-o-08.23.36_81da2321.jpg\" alt=\"\" class=\"wp-image-1252 size-full\" srcset=\"https:\/\/unitranet.pl\/wp-content\/uploads\/2025\/10\/Zdjecie-WhatsApp-2025-10-17-o-08.23.36_81da2321.jpg 750w, https:\/\/unitranet.pl\/wp-content\/uploads\/2025\/10\/Zdjecie-WhatsApp-2025-10-17-o-08.23.36_81da2321-300x225.jpg 300w\" sizes=\"(max-width: 750px) 100vw, 750px\" \/><\/figure><div class=\"wp-block-media-text__content\">\n<p>Stoj\u0105 od lewej:<\/p>\n\n\n\n<p>Arek Frontczak<\/p>\n\n\n\n<p><strong>\u015bp. Adam Szydzik<\/strong><\/p>\n\n\n\n<p>Darek Pokorny<\/p>\n<\/div><\/div>\n\n\n\n<p>Przeros\u0142a nasze naj\u015bmielsze oczekiwania. Apetyt wzr\u00f3s\u0142. Skoro przysz\u0142o par\u0119set os\u00f3b, aby to zobaczy\u0107 to jednak ma to sens i jest zapotrzebowanie na wspomnienia. I tak powsta\u0142a druga wystawa (<strong>14-21.III.2008<\/strong>&nbsp;pod nazw\u0105&nbsp;<strong>\u201eWystawa elektroniki PRL-u&#8230;i nie tylko&#8221;<\/strong>), drugie tyle eksponat\u00f3w, drugie tyle zwiedzaj\u0105cych. W mi\u0119dzy czasie nasza kolekcja zacz\u0119\u0142a si\u0119 rozrasta\u0107. Zacz\u0119li\u015bmy zbiera\u0107 a niekiedy okazyjnie kupowa\u0107 kolejne \u201egraty&#8221;. Pom\u00f3g\u0142 te\u017c przypadek. Ot\u00f3\u017c&nbsp;<strong>zwiedzaj\u0105cy zacz\u0119li ofiarowywa\u0107 nam \u201egraty&#8221;<\/strong>&nbsp;m\u00f3wi\u0105c:&nbsp;<strong>\u201echcieli\u015bmy ju\u017c to wyrzuci\u0107 bo przeszkadza w piwnicy ale wy to ocalicie&#8221;<\/strong>. Nasze zbiory, tak ju\u017c si\u0119 odwa\u017c\u0119 powiedzie\u0107, obejmuj\u0105 wiele przyk\u0142ad\u00f3w tego co \u201egra\u0142o, bucza\u0142o i mryga\u0142o&#8221; przez ostatnie p\u00f3\u0142 wieku.<br>&nbsp;&nbsp;&nbsp;&nbsp;<br>&nbsp;&nbsp;&nbsp;&nbsp; I w ten oto spos\u00f3b&nbsp;w dniach&nbsp;<strong>1-8. marca 2009<\/strong>&nbsp;roku&nbsp; mia\u0142a miejsce trzecia wystawa pod nazw\u0105&nbsp;<strong>\u201eElektronika PRL-u&#8230;do trzech razy sztuka&#8221;<\/strong>. Pocz\u0105tkowo mia\u0142a trwa\u0107 do pi\u0105tku 6 marca, lecz z racji du\u017cego, jak na tego typu wystaw\u0119 zainteresowania zosta\u0142a przed\u0142u\u017cona o 2 dni. Obejmowa\u0142a ponad 800 eksponat\u00f3w i odwiedzi\u0142o ja ponad 1200 os\u00f3b nie tylko z Bydgoszczy, ale i pasjonaci z ca\u0142ej Polski. By\u0142 to bogaty przekr\u00f3j przez ca\u0142y okres elektroniki z czas\u00f3w PRL-u, g\u0142\u00f3wnie polskiej, ale i trafi\u0142y si\u0119 eksponaty z kraj\u00f3w by\u0142ego bloku wschodniego. Do wystawy czynnie do\u0142\u0105czyli: S\u0142awomir Krajewski i Mariusz Ptasznik.<br><br>&nbsp;&nbsp;&nbsp;&nbsp; I kolejna IV Wystawa&nbsp;<strong>&#8222;Elektronika PRL-u&#8230;to by\u0142y czasy&#8221;<\/strong>&nbsp;wystawa za nami. Tym razem termin wrze\u015bniowy&nbsp;<strong>19-29.09.2010<\/strong>, mimo wielu obowi\u0105zk\u00f3w i zamieszania z rozpocz\u0119ciem roku szkolnego odwiedzaj\u0105cy nie zawiedli i licznie stawili si\u0119 na wystawie. Ty razem zosta\u0142a zmieniona koncepcja aran\u017cacji powierzchni wystawienniczej, by\u0142o mniej eksponat\u00f3w, ale za to podzielone na dzia\u0142y: telewizyjny, radiowo hi-fi (chronologicznie od pierwszych Pionier\u00f3w, po ostatnie Radmory, Diory i Eltry), k\u0105cik muzyczny (organy gitara nag\u0142o\u015bnienie z epoki), k\u0105cik komputerowy oraz przestrze\u0144 wystylizowana na pok\u00f3j z lat 70. Wi\u0119cej r\u00f3wnie\u017c by\u0142o &#8222;gad\u017cet\u00f3w&#8221; codziennego u\u017cytku, zdobytych dzi\u0119ki uprzejmo\u015bci odwiedzaj\u0105cych i sympatyk\u00f3w naszej wystawy. Uda\u0142o si\u0119 nam zaistnie\u0107 medialnie dzi\u0119ki uprzejmo\u015bci Radiu PiK, kt\u00f3re wspiera nas od pierwszej wystawy oraz stworzonemu na potrzeby programu TeleKurier reporta\u017cu, kt\u00f3ry zosta\u0142 wyemitowany w pa\u015bmie og\u00f3lnopolskim TVP INFO. Serdecznie dzi\u0119kujemy.<br><br><br><\/p>\n","protected":false},"excerpt":{"rendered":"<p>Wystawy Elektronika PRLu &nbsp;&nbsp; Pomys\u0142 wystawy zrodzi\u0142 si\u0119 w\u0142a\u015bciwie przypadkiem. Ot, lu\u017ana rozmowa trzech facet\u00f3w o sprz\u0119cie graj\u0105cym z lat osiemdziesi\u0105tych. \u017be jeszcze dzia\u0142a, \u017ce jeszcze go u\u017cywamy, \u017ce jeszcze mo\u017cna go tanio i i \u0142atwo naprawi\u0107, niekoniecznie w \u201ewielce autoryzowanym serwisie&#8221; obwieszonym wszelkiej ma\u015bci certyfikatami. Nie, nie tam. Tylko u pana Zenka dwa bloki [&hellip;]<\/p>\n","protected":false},"author":1,"featured_media":0,"parent":0,"menu_order":0,"comment_status":"closed","ping_status":"closed","template":"","meta":{"footnotes":""},"class_list":["post-1391","page","type-page","status-publish","hentry"],"yoast_head":"<!-- This site is optimized with the Yoast SEO plugin v27.4 - https:\/\/yoast.com\/product\/yoast-seo-wordpress\/ -->\n<title>Historia - UnitraNET<\/title>\n<meta name=\"robots\" content=\"index, follow, max-snippet:-1, max-image-preview:large, max-video-preview:-1\" \/>\n<link rel=\"canonical\" href=\"https:\/\/unitranet.pl\/?page_id=1391\" \/>\n<meta property=\"og:locale\" content=\"pl_PL\" \/>\n<meta property=\"og:type\" content=\"article\" \/>\n<meta property=\"og:title\" content=\"Historia - UnitraNET\" \/>\n<meta property=\"og:description\" content=\"Wystawy Elektronika PRLu &nbsp;&nbsp; Pomys\u0142 wystawy zrodzi\u0142 si\u0119 w\u0142a\u015bciwie przypadkiem. Ot, lu\u017ana rozmowa trzech facet\u00f3w o sprz\u0119cie graj\u0105cym z lat osiemdziesi\u0105tych. \u017be jeszcze dzia\u0142a, \u017ce jeszcze go u\u017cywamy, \u017ce jeszcze mo\u017cna go tanio i i \u0142atwo naprawi\u0107, niekoniecznie w \u201ewielce autoryzowanym serwisie&#8221; obwieszonym wszelkiej ma\u015bci certyfikatami. Nie, nie tam. Tylko u pana Zenka dwa bloki [&hellip;]\" \/>\n<meta property=\"og:url\" content=\"https:\/\/unitranet.pl\/?page_id=1391\" \/>\n<meta property=\"og:site_name\" content=\"UnitraNET\" \/>\n<meta property=\"article:modified_time\" content=\"2025-10-29T06:42:47+00:00\" \/>\n<meta property=\"og:image\" content=\"https:\/\/unitranet.pl\/wp-content\/uploads\/2025\/10\/Zdjecie-WhatsApp-2025-10-17-o-08.23.36_81da2321.jpg\" \/>\n\t<meta property=\"og:image:width\" content=\"750\" \/>\n\t<meta property=\"og:image:height\" content=\"563\" \/>\n\t<meta property=\"og:image:type\" content=\"image\/jpeg\" \/>\n<meta name=\"twitter:card\" content=\"summary_large_image\" \/>\n<meta name=\"twitter:label1\" content=\"Szacowany czas czytania\" \/>\n\t<meta name=\"twitter:data1\" content=\"5 minut\" \/>\n<script type=\"application\/ld+json\" class=\"yoast-schema-graph\">{\"@context\":\"https:\\\/\\\/schema.org\",\"@graph\":[{\"@type\":\"WebPage\",\"@id\":\"https:\\\/\\\/unitranet.pl\\\/?page_id=1391\",\"url\":\"https:\\\/\\\/unitranet.pl\\\/?page_id=1391\",\"name\":\"Historia - UnitraNET\",\"isPartOf\":{\"@id\":\"https:\\\/\\\/unitranet.pl\\\/#website\"},\"primaryImageOfPage\":{\"@id\":\"https:\\\/\\\/unitranet.pl\\\/?page_id=1391#primaryimage\"},\"image\":{\"@id\":\"https:\\\/\\\/unitranet.pl\\\/?page_id=1391#primaryimage\"},\"thumbnailUrl\":\"https:\\\/\\\/unitranet.pl\\\/wp-content\\\/uploads\\\/2025\\\/10\\\/Zdjecie-WhatsApp-2025-10-17-o-08.23.36_81da2321.jpg\",\"datePublished\":\"2025-10-28T20:53:21+00:00\",\"dateModified\":\"2025-10-29T06:42:47+00:00\",\"breadcrumb\":{\"@id\":\"https:\\\/\\\/unitranet.pl\\\/?page_id=1391#breadcrumb\"},\"inLanguage\":\"pl-PL\",\"potentialAction\":[{\"@type\":\"ReadAction\",\"target\":[\"https:\\\/\\\/unitranet.pl\\\/?page_id=1391\"]}]},{\"@type\":\"ImageObject\",\"inLanguage\":\"pl-PL\",\"@id\":\"https:\\\/\\\/unitranet.pl\\\/?page_id=1391#primaryimage\",\"url\":\"https:\\\/\\\/unitranet.pl\\\/wp-content\\\/uploads\\\/2025\\\/10\\\/Zdjecie-WhatsApp-2025-10-17-o-08.23.36_81da2321.jpg\",\"contentUrl\":\"https:\\\/\\\/unitranet.pl\\\/wp-content\\\/uploads\\\/2025\\\/10\\\/Zdjecie-WhatsApp-2025-10-17-o-08.23.36_81da2321.jpg\",\"width\":750,\"height\":563},{\"@type\":\"BreadcrumbList\",\"@id\":\"https:\\\/\\\/unitranet.pl\\\/?page_id=1391#breadcrumb\",\"itemListElement\":[{\"@type\":\"ListItem\",\"position\":1,\"name\":\"Home\",\"item\":\"https:\\\/\\\/unitranet.pl\\\/\"},{\"@type\":\"ListItem\",\"position\":2,\"name\":\"Historia\"}]},{\"@type\":\"WebSite\",\"@id\":\"https:\\\/\\\/unitranet.pl\\\/#website\",\"url\":\"https:\\\/\\\/unitranet.pl\\\/\",\"name\":\"UnitraNET\",\"description\":\"\",\"potentialAction\":[{\"@type\":\"SearchAction\",\"target\":{\"@type\":\"EntryPoint\",\"urlTemplate\":\"https:\\\/\\\/unitranet.pl\\\/?s={search_term_string}\"},\"query-input\":{\"@type\":\"PropertyValueSpecification\",\"valueRequired\":true,\"valueName\":\"search_term_string\"}}],\"inLanguage\":\"pl-PL\"}]}<\/script>\n<!-- \/ Yoast SEO plugin. -->","yoast_head_json":{"title":"Historia - UnitraNET","robots":{"index":"index","follow":"follow","max-snippet":"max-snippet:-1","max-image-preview":"max-image-preview:large","max-video-preview":"max-video-preview:-1"},"canonical":"https:\/\/unitranet.pl\/?page_id=1391","og_locale":"pl_PL","og_type":"article","og_title":"Historia - UnitraNET","og_description":"Wystawy Elektronika PRLu &nbsp;&nbsp; Pomys\u0142 wystawy zrodzi\u0142 si\u0119 w\u0142a\u015bciwie przypadkiem. Ot, lu\u017ana rozmowa trzech facet\u00f3w o sprz\u0119cie graj\u0105cym z lat osiemdziesi\u0105tych. \u017be jeszcze dzia\u0142a, \u017ce jeszcze go u\u017cywamy, \u017ce jeszcze mo\u017cna go tanio i i \u0142atwo naprawi\u0107, niekoniecznie w \u201ewielce autoryzowanym serwisie&#8221; obwieszonym wszelkiej ma\u015bci certyfikatami. Nie, nie tam. Tylko u pana Zenka dwa bloki [&hellip;]","og_url":"https:\/\/unitranet.pl\/?page_id=1391","og_site_name":"UnitraNET","article_modified_time":"2025-10-29T06:42:47+00:00","og_image":[{"width":750,"height":563,"url":"https:\/\/unitranet.pl\/wp-content\/uploads\/2025\/10\/Zdjecie-WhatsApp-2025-10-17-o-08.23.36_81da2321.jpg","type":"image\/jpeg"}],"twitter_card":"summary_large_image","twitter_misc":{"Szacowany czas czytania":"5 minut"},"schema":{"@context":"https:\/\/schema.org","@graph":[{"@type":"WebPage","@id":"https:\/\/unitranet.pl\/?page_id=1391","url":"https:\/\/unitranet.pl\/?page_id=1391","name":"Historia - UnitraNET","isPartOf":{"@id":"https:\/\/unitranet.pl\/#website"},"primaryImageOfPage":{"@id":"https:\/\/unitranet.pl\/?page_id=1391#primaryimage"},"image":{"@id":"https:\/\/unitranet.pl\/?page_id=1391#primaryimage"},"thumbnailUrl":"https:\/\/unitranet.pl\/wp-content\/uploads\/2025\/10\/Zdjecie-WhatsApp-2025-10-17-o-08.23.36_81da2321.jpg","datePublished":"2025-10-28T20:53:21+00:00","dateModified":"2025-10-29T06:42:47+00:00","breadcrumb":{"@id":"https:\/\/unitranet.pl\/?page_id=1391#breadcrumb"},"inLanguage":"pl-PL","potentialAction":[{"@type":"ReadAction","target":["https:\/\/unitranet.pl\/?page_id=1391"]}]},{"@type":"ImageObject","inLanguage":"pl-PL","@id":"https:\/\/unitranet.pl\/?page_id=1391#primaryimage","url":"https:\/\/unitranet.pl\/wp-content\/uploads\/2025\/10\/Zdjecie-WhatsApp-2025-10-17-o-08.23.36_81da2321.jpg","contentUrl":"https:\/\/unitranet.pl\/wp-content\/uploads\/2025\/10\/Zdjecie-WhatsApp-2025-10-17-o-08.23.36_81da2321.jpg","width":750,"height":563},{"@type":"BreadcrumbList","@id":"https:\/\/unitranet.pl\/?page_id=1391#breadcrumb","itemListElement":[{"@type":"ListItem","position":1,"name":"Home","item":"https:\/\/unitranet.pl\/"},{"@type":"ListItem","position":2,"name":"Historia"}]},{"@type":"WebSite","@id":"https:\/\/unitranet.pl\/#website","url":"https:\/\/unitranet.pl\/","name":"UnitraNET","description":"","potentialAction":[{"@type":"SearchAction","target":{"@type":"EntryPoint","urlTemplate":"https:\/\/unitranet.pl\/?s={search_term_string}"},"query-input":{"@type":"PropertyValueSpecification","valueRequired":true,"valueName":"search_term_string"}}],"inLanguage":"pl-PL"}]}},"_links":{"self":[{"href":"https:\/\/unitranet.pl\/index.php?rest_route=\/wp\/v2\/pages\/1391","targetHints":{"allow":["GET"]}}],"collection":[{"href":"https:\/\/unitranet.pl\/index.php?rest_route=\/wp\/v2\/pages"}],"about":[{"href":"https:\/\/unitranet.pl\/index.php?rest_route=\/wp\/v2\/types\/page"}],"author":[{"embeddable":true,"href":"https:\/\/unitranet.pl\/index.php?rest_route=\/wp\/v2\/users\/1"}],"replies":[{"embeddable":true,"href":"https:\/\/unitranet.pl\/index.php?rest_route=%2Fwp%2Fv2%2Fcomments&post=1391"}],"version-history":[{"count":2,"href":"https:\/\/unitranet.pl\/index.php?rest_route=\/wp\/v2\/pages\/1391\/revisions"}],"predecessor-version":[{"id":1406,"href":"https:\/\/unitranet.pl\/index.php?rest_route=\/wp\/v2\/pages\/1391\/revisions\/1406"}],"wp:attachment":[{"href":"https:\/\/unitranet.pl\/index.php?rest_route=%2Fwp%2Fv2%2Fmedia&parent=1391"}],"curies":[{"name":"wp","href":"https:\/\/api.w.org\/{rel}","templated":true}]}}