{"id":121,"date":"2025-03-26T15:12:42","date_gmt":"2025-03-26T14:12:42","guid":{"rendered":"https:\/\/unitranet.pl\/?page_id=121"},"modified":"2025-03-31T22:20:13","modified_gmt":"2025-03-31T20:20:13","slug":"cyfrowe-kopie","status":"publish","type":"page","link":"https:\/\/unitranet.pl\/?page_id=121","title":{"rendered":"Cyfrowe kopie"},"content":{"rendered":"\n<div class=\"wp-block-group alignfull is-style-section-1 has-global-padding is-layout-constrained wp-container-core-group-is-layout-cdf985e3 wp-block-group-is-layout-constrained is-style-section-1--1\" style=\"min-height:100vh;margin-top:0;margin-bottom:0;padding-top:var(--wp--preset--spacing--80);padding-right:var(--wp--preset--spacing--80);padding-bottom:var(--wp--preset--spacing--80);padding-left:var(--wp--preset--spacing--80)\">\n<div class=\"wp-block-columns alignwide are-vertically-aligned-center is-layout-flex wp-container-core-columns-is-layout-643ced6b wp-block-columns-is-layout-flex\">\n<div class=\"wp-block-column is-vertically-aligned-center is-layout-flow wp-block-column-is-layout-flow\">\n<figure class=\"wp-block-image size-full\"><img fetchpriority=\"high\" decoding=\"async\" width=\"225\" height=\"225\" src=\"https:\/\/unitranet.pl\/wp-content\/uploads\/2025\/03\/apps.50942.14346307571987875.9384093c-fade-4a35-a671-57324d5bd038.png\" alt=\"\" class=\"wp-image-145\" srcset=\"https:\/\/unitranet.pl\/wp-content\/uploads\/2025\/03\/apps.50942.14346307571987875.9384093c-fade-4a35-a671-57324d5bd038.png 225w, https:\/\/unitranet.pl\/wp-content\/uploads\/2025\/03\/apps.50942.14346307571987875.9384093c-fade-4a35-a671-57324d5bd038-150x150.png 150w\" sizes=\"(max-width: 225px) 100vw, 225px\" \/><\/figure>\n\n\n\n<figure class=\"wp-block-image aligncenter size-full has-custom-border\"><img decoding=\"async\" width=\"2560\" height=\"1440\" src=\"https:\/\/unitranet.pl\/wp-content\/uploads\/2025\/03\/20180120_095412-scaled.jpg\" alt=\"\" class=\"wp-image-129\" style=\"border-top-left-radius:150px;border-bottom-right-radius:150px;object-fit:cover\" srcset=\"https:\/\/unitranet.pl\/wp-content\/uploads\/2025\/03\/20180120_095412-scaled.jpg 2560w, https:\/\/unitranet.pl\/wp-content\/uploads\/2025\/03\/20180120_095412-300x169.jpg 300w, https:\/\/unitranet.pl\/wp-content\/uploads\/2025\/03\/20180120_095412-1024x576.jpg 1024w, https:\/\/unitranet.pl\/wp-content\/uploads\/2025\/03\/20180120_095412-768x432.jpg 768w, https:\/\/unitranet.pl\/wp-content\/uploads\/2025\/03\/20180120_095412-1536x864.jpg 1536w, https:\/\/unitranet.pl\/wp-content\/uploads\/2025\/03\/20180120_095412-2048x1152.jpg 2048w\" sizes=\"(max-width: 2560px) 100vw, 2560px\" \/><figcaption class=\"wp-element-caption\">Amplituner TOSCA AWS 303 Diora<\/figcaption><\/figure>\n<\/div>\n\n\n\n<div class=\"wp-block-column is-vertically-aligned-center is-layout-flow wp-block-column-is-layout-flow\">\n<div class=\"wp-block-group is-vertical is-content-justification-stretch is-layout-flex wp-container-core-group-is-layout-353c4f5a wp-block-group-is-layout-flex\">\n<h2 class=\"wp-block-heading has-text-align-left\"><strong>VIDEO<\/strong><\/h2>\n\n\n\n<ul class=\"wp-block-list\">\n<li>zgramy materia\u0142 z VHS, VHS-C, MINI DV, 8 mm na dowolny system tj. Mpeg 4, AVI , DVD<\/li>\n\n\n\n<li>wyr\u00f3wnamy , podg\u0142o\u015bnimy \u015bcie\u017ck\u0119 dzwi\u0119kow\u0105<\/li>\n\n\n\n<li>obrobimy materia\u0142, dodamy napisy , przej\u015bcia itd<\/li>\n\n\n\n<li>poprawimy jako\u015b\u0107<\/li>\n\n\n\n<li>przeskalujemy obraz z 4:3 na 16:9<\/li>\n\n\n\n<li>wykonamy kopi\u0119<\/li>\n<\/ul>\n\n\n\n<p><strong>AUDIO<\/strong><\/p>\n\n\n\n<ul class=\"wp-block-list\">\n<li>zgramy materia\u0142 z: kasety magnetofonowej, szpuli , p\u0142yty winylowej na dowolny no\u015bnik\/system np. audio CD , mp3 lub flac<\/li>\n\n\n\n<li>wyr\u00f3wnamy poziomy glo\u015bno\u015bci<\/li>\n\n\n\n<li>usuniemy zak\u0142\u00f3cenia<\/li>\n\n\n\n<li>mo\u017cliwe zgranie tak\u017ce na kaset\u0119 magnetofonow\u0105 w systemie Dolby B\/C<\/li>\n<\/ul>\n\n\n\n<ul class=\"wp-block-social-links has-icon-color is-style-logos-only is-layout-flex wp-block-social-links-is-layout-flex\"><\/ul>\n<\/div>\n<\/div>\n<\/div>\n<\/div>\n","protected":false},"excerpt":{"rendered":"<p>VIDEO AUDIO<\/p>\n","protected":false},"author":1,"featured_media":0,"parent":0,"menu_order":0,"comment_status":"closed","ping_status":"closed","template":"","meta":{"footnotes":""},"class_list":["post-121","page","type-page","status-publish","hentry"],"yoast_head":"<!-- This site is optimized with the Yoast SEO plugin v27.4 - https:\/\/yoast.com\/product\/yoast-seo-wordpress\/ -->\n<title>Cyfrowe kopie - UnitraNET<\/title>\n<meta name=\"robots\" content=\"index, follow, max-snippet:-1, max-image-preview:large, max-video-preview:-1\" \/>\n<link rel=\"canonical\" href=\"https:\/\/unitranet.pl\/?page_id=121\" \/>\n<meta property=\"og:locale\" content=\"pl_PL\" \/>\n<meta property=\"og:type\" content=\"article\" \/>\n<meta property=\"og:title\" content=\"Cyfrowe kopie - UnitraNET\" \/>\n<meta property=\"og:description\" content=\"VIDEO AUDIO\" \/>\n<meta property=\"og:url\" content=\"https:\/\/unitranet.pl\/?page_id=121\" \/>\n<meta property=\"og:site_name\" content=\"UnitraNET\" \/>\n<meta property=\"article:modified_time\" content=\"2025-03-31T20:20:13+00:00\" \/>\n<meta property=\"og:image\" content=\"https:\/\/unitranet.pl\/wp-content\/uploads\/2025\/03\/apps.50942.14346307571987875.9384093c-fade-4a35-a671-57324d5bd038.png\" \/>\n\t<meta property=\"og:image:width\" content=\"225\" \/>\n\t<meta property=\"og:image:height\" content=\"225\" \/>\n\t<meta property=\"og:image:type\" content=\"image\/png\" \/>\n<meta name=\"twitter:card\" content=\"summary_large_image\" \/>\n<meta name=\"twitter:label1\" content=\"Szacowany czas czytania\" \/>\n\t<meta name=\"twitter:data1\" content=\"1 minuta\" \/>\n<script type=\"application\/ld+json\" class=\"yoast-schema-graph\">{\"@context\":\"https:\\\/\\\/schema.org\",\"@graph\":[{\"@type\":\"WebPage\",\"@id\":\"https:\\\/\\\/unitranet.pl\\\/?page_id=121\",\"url\":\"https:\\\/\\\/unitranet.pl\\\/?page_id=121\",\"name\":\"Cyfrowe kopie - UnitraNET\",\"isPartOf\":{\"@id\":\"https:\\\/\\\/unitranet.pl\\\/#website\"},\"primaryImageOfPage\":{\"@id\":\"https:\\\/\\\/unitranet.pl\\\/?page_id=121#primaryimage\"},\"image\":{\"@id\":\"https:\\\/\\\/unitranet.pl\\\/?page_id=121#primaryimage\"},\"thumbnailUrl\":\"https:\\\/\\\/unitranet.pl\\\/wp-content\\\/uploads\\\/2025\\\/03\\\/apps.50942.14346307571987875.9384093c-fade-4a35-a671-57324d5bd038.png\",\"datePublished\":\"2025-03-26T14:12:42+00:00\",\"dateModified\":\"2025-03-31T20:20:13+00:00\",\"breadcrumb\":{\"@id\":\"https:\\\/\\\/unitranet.pl\\\/?page_id=121#breadcrumb\"},\"inLanguage\":\"pl-PL\",\"potentialAction\":[{\"@type\":\"ReadAction\",\"target\":[\"https:\\\/\\\/unitranet.pl\\\/?page_id=121\"]}]},{\"@type\":\"ImageObject\",\"inLanguage\":\"pl-PL\",\"@id\":\"https:\\\/\\\/unitranet.pl\\\/?page_id=121#primaryimage\",\"url\":\"https:\\\/\\\/unitranet.pl\\\/wp-content\\\/uploads\\\/2025\\\/03\\\/apps.50942.14346307571987875.9384093c-fade-4a35-a671-57324d5bd038.png\",\"contentUrl\":\"https:\\\/\\\/unitranet.pl\\\/wp-content\\\/uploads\\\/2025\\\/03\\\/apps.50942.14346307571987875.9384093c-fade-4a35-a671-57324d5bd038.png\",\"width\":225,\"height\":225},{\"@type\":\"BreadcrumbList\",\"@id\":\"https:\\\/\\\/unitranet.pl\\\/?page_id=121#breadcrumb\",\"itemListElement\":[{\"@type\":\"ListItem\",\"position\":1,\"name\":\"Home\",\"item\":\"https:\\\/\\\/unitranet.pl\\\/\"},{\"@type\":\"ListItem\",\"position\":2,\"name\":\"Cyfrowe kopie\"}]},{\"@type\":\"WebSite\",\"@id\":\"https:\\\/\\\/unitranet.pl\\\/#website\",\"url\":\"https:\\\/\\\/unitranet.pl\\\/\",\"name\":\"UnitraNET\",\"description\":\"\",\"potentialAction\":[{\"@type\":\"SearchAction\",\"target\":{\"@type\":\"EntryPoint\",\"urlTemplate\":\"https:\\\/\\\/unitranet.pl\\\/?s={search_term_string}\"},\"query-input\":{\"@type\":\"PropertyValueSpecification\",\"valueRequired\":true,\"valueName\":\"search_term_string\"}}],\"inLanguage\":\"pl-PL\"}]}<\/script>\n<!-- \/ Yoast SEO plugin. -->","yoast_head_json":{"title":"Cyfrowe kopie - UnitraNET","robots":{"index":"index","follow":"follow","max-snippet":"max-snippet:-1","max-image-preview":"max-image-preview:large","max-video-preview":"max-video-preview:-1"},"canonical":"https:\/\/unitranet.pl\/?page_id=121","og_locale":"pl_PL","og_type":"article","og_title":"Cyfrowe kopie - UnitraNET","og_description":"VIDEO AUDIO","og_url":"https:\/\/unitranet.pl\/?page_id=121","og_site_name":"UnitraNET","article_modified_time":"2025-03-31T20:20:13+00:00","og_image":[{"width":225,"height":225,"url":"https:\/\/unitranet.pl\/wp-content\/uploads\/2025\/03\/apps.50942.14346307571987875.9384093c-fade-4a35-a671-57324d5bd038.png","type":"image\/png"}],"twitter_card":"summary_large_image","twitter_misc":{"Szacowany czas czytania":"1 minuta"},"schema":{"@context":"https:\/\/schema.org","@graph":[{"@type":"WebPage","@id":"https:\/\/unitranet.pl\/?page_id=121","url":"https:\/\/unitranet.pl\/?page_id=121","name":"Cyfrowe kopie - UnitraNET","isPartOf":{"@id":"https:\/\/unitranet.pl\/#website"},"primaryImageOfPage":{"@id":"https:\/\/unitranet.pl\/?page_id=121#primaryimage"},"image":{"@id":"https:\/\/unitranet.pl\/?page_id=121#primaryimage"},"thumbnailUrl":"https:\/\/unitranet.pl\/wp-content\/uploads\/2025\/03\/apps.50942.14346307571987875.9384093c-fade-4a35-a671-57324d5bd038.png","datePublished":"2025-03-26T14:12:42+00:00","dateModified":"2025-03-31T20:20:13+00:00","breadcrumb":{"@id":"https:\/\/unitranet.pl\/?page_id=121#breadcrumb"},"inLanguage":"pl-PL","potentialAction":[{"@type":"ReadAction","target":["https:\/\/unitranet.pl\/?page_id=121"]}]},{"@type":"ImageObject","inLanguage":"pl-PL","@id":"https:\/\/unitranet.pl\/?page_id=121#primaryimage","url":"https:\/\/unitranet.pl\/wp-content\/uploads\/2025\/03\/apps.50942.14346307571987875.9384093c-fade-4a35-a671-57324d5bd038.png","contentUrl":"https:\/\/unitranet.pl\/wp-content\/uploads\/2025\/03\/apps.50942.14346307571987875.9384093c-fade-4a35-a671-57324d5bd038.png","width":225,"height":225},{"@type":"BreadcrumbList","@id":"https:\/\/unitranet.pl\/?page_id=121#breadcrumb","itemListElement":[{"@type":"ListItem","position":1,"name":"Home","item":"https:\/\/unitranet.pl\/"},{"@type":"ListItem","position":2,"name":"Cyfrowe kopie"}]},{"@type":"WebSite","@id":"https:\/\/unitranet.pl\/#website","url":"https:\/\/unitranet.pl\/","name":"UnitraNET","description":"","potentialAction":[{"@type":"SearchAction","target":{"@type":"EntryPoint","urlTemplate":"https:\/\/unitranet.pl\/?s={search_term_string}"},"query-input":{"@type":"PropertyValueSpecification","valueRequired":true,"valueName":"search_term_string"}}],"inLanguage":"pl-PL"}]}},"_links":{"self":[{"href":"https:\/\/unitranet.pl\/index.php?rest_route=\/wp\/v2\/pages\/121","targetHints":{"allow":["GET"]}}],"collection":[{"href":"https:\/\/unitranet.pl\/index.php?rest_route=\/wp\/v2\/pages"}],"about":[{"href":"https:\/\/unitranet.pl\/index.php?rest_route=\/wp\/v2\/types\/page"}],"author":[{"embeddable":true,"href":"https:\/\/unitranet.pl\/index.php?rest_route=\/wp\/v2\/users\/1"}],"replies":[{"embeddable":true,"href":"https:\/\/unitranet.pl\/index.php?rest_route=%2Fwp%2Fv2%2Fcomments&post=121"}],"version-history":[{"count":9,"href":"https:\/\/unitranet.pl\/index.php?rest_route=\/wp\/v2\/pages\/121\/revisions"}],"predecessor-version":[{"id":498,"href":"https:\/\/unitranet.pl\/index.php?rest_route=\/wp\/v2\/pages\/121\/revisions\/498"}],"wp:attachment":[{"href":"https:\/\/unitranet.pl\/index.php?rest_route=%2Fwp%2Fv2%2Fmedia&parent=121"}],"curies":[{"name":"wp","href":"https:\/\/api.w.org\/{rel}","templated":true}]}}