{"id":1166,"date":"2025-10-11T21:46:19","date_gmt":"2025-10-11T19:46:19","guid":{"rendered":"https:\/\/unitranet.pl\/?page_id=1166"},"modified":"2025-10-22T15:27:41","modified_gmt":"2025-10-22T13:27:41","slug":"arek-k","status":"publish","type":"page","link":"https:\/\/unitranet.pl\/?page_id=1166","title":{"rendered":"Arek Kie\u0142czy\u0144ski"},"content":{"rendered":"\n<p>Kolekcjonuje elektronik\u0119 z PRL&#8217;u nie tylko polsk\u0105. G\u0142\u00f3wnie wzmacniacze, amplitunery, magnetofony,&nbsp;<\/p>\n\n\n\n<p>boombox&#8217;y i radioodbiorniki oraz w miar\u0119 mo\u017cliwo\u015bci sprz\u0119towych naprawiam i konserwuj\u0119 j\u0105. Komputery te\u017c.<\/p>\n\n\n\n<p>Prowadz\u0119 na FB. Profile wspomnieniowe: Radio EL FM Bydgoszcz &#8211; profil wspomnieniowy, Radio Pomo\u017ce &#8211; profil wspomnieniowy,&nbsp;<\/p>\n\n\n\n<p>Radio Toru\u0144 &#8211; profil wspomnieniowy i jeszcze kilka innych.&nbsp;<\/p>\n\n\n\n<p>Uwielbiam Radio. S\u0142ucham r\u00f3\u017cnych rzeczy: Bazuj\u0119 g\u0142\u00f3wnie na odbiorze satelitarnym,&nbsp;<\/p>\n\n\n\n<p>Pozycje satelitarne. <strong>0,8W 4,8E 7E 13E 16E 19,2E 23,5E 28,2E 39E 42E 51,5E 52E&nbsp;<\/strong><\/p>\n\n\n\n<p>Do hobby mog\u0119 \u015bmia\u0142o zaliczy\u0107 tak\u017ce DX radiowy, Czyli odbi\u00f3r dalekich stacji radiowych przy u\u017cyciu r\u00f3\u017cnych anten.<\/p>\n\n\n\n<p>Mia\u0142em zosta\u0107 germanist\u0105. Studia nie wysz\u0142y ale zami\u0142owanie do jednego j\u0119zyka zamieni\u0142o si\u0119 w lingwistyk\u0119 i kulturoznawstwo.<\/p>\n\n\n\n<p>Te\u017c bez papieru tak po prostu dla siebie.<br>W \u017cyciu zajmuje si\u0119 r\u00f3\u017cnymi dziedzinami. Wi\u0119kszo\u015b\u0107 przepracowa\u0142em w bran\u017cach elektronicznych i IT.<br>obecnie jestem pracownikiem jednej z bydgoskich sieci kablowych.<\/p>\n\n\n\n<p>Z zami\u0142owaniem uprawiam ogrodnictwo. Interesuj\u0119 si\u0119 zio\u0142olecznictwem. Hoduj\u0119 r\u00f3\u017cne domowe kwiaty. Uko\u0144czy\u0142em&nbsp;Florystyk\u0119.<\/p>\n\n\n\n<figure class=\"wp-block-gallery has-nested-images columns-default is-cropped wp-block-gallery-1 is-layout-flex wp-block-gallery-is-layout-flex\">\n<figure data-wp-context=\"{&quot;imageId&quot;:&quot;69e286cadc951&quot;}\" data-wp-interactive=\"core\/image\" data-wp-key=\"69e286cadc951\" class=\"wp-block-image size-large wp-lightbox-container\"><img fetchpriority=\"high\" decoding=\"async\" width=\"1024\" height=\"905\" data-wp-class--hide=\"state.isContentHidden\" data-wp-class--show=\"state.isContentVisible\" data-wp-init=\"callbacks.setButtonStyles\" data-wp-on--click=\"actions.showLightbox\" data-wp-on--load=\"callbacks.setButtonStyles\" data-wp-on-window--resize=\"callbacks.setButtonStyles\" data-id=\"1307\" src=\"https:\/\/unitranet.pl\/wp-content\/uploads\/2025\/10\/DSC_1001_1-1-1024x905.jpg\" alt=\"\" class=\"wp-image-1307\" srcset=\"https:\/\/unitranet.pl\/wp-content\/uploads\/2025\/10\/DSC_1001_1-1-1024x905.jpg 1024w, https:\/\/unitranet.pl\/wp-content\/uploads\/2025\/10\/DSC_1001_1-1-300x265.jpg 300w, https:\/\/unitranet.pl\/wp-content\/uploads\/2025\/10\/DSC_1001_1-1-768x679.jpg 768w, https:\/\/unitranet.pl\/wp-content\/uploads\/2025\/10\/DSC_1001_1-1-1536x1358.jpg 1536w, https:\/\/unitranet.pl\/wp-content\/uploads\/2025\/10\/DSC_1001_1-1-2048x1810.jpg 2048w\" sizes=\"(max-width: 1024px) 100vw, 1024px\" \/><button\n\t\t\tclass=\"lightbox-trigger\"\n\t\t\ttype=\"button\"\n\t\t\taria-haspopup=\"dialog\"\n\t\t\taria-label=\"Powi\u0119ksz\"\n\t\t\tdata-wp-init=\"callbacks.initTriggerButton\"\n\t\t\tdata-wp-on--click=\"actions.showLightbox\"\n\t\t\tdata-wp-style--right=\"state.imageButtonRight\"\n\t\t\tdata-wp-style--top=\"state.imageButtonTop\"\n\t\t>\n\t\t\t<svg xmlns=\"http:\/\/www.w3.org\/2000\/svg\" width=\"12\" height=\"12\" fill=\"none\" viewBox=\"0 0 12 12\">\n\t\t\t\t<path fill=\"#fff\" d=\"M2 0a2 2 0 0 0-2 2v2h1.5V2a.5.5 0 0 1 .5-.5h2V0H2Zm2 10.5H2a.5.5 0 0 1-.5-.5V8H0v2a2 2 0 0 0 2 2h2v-1.5ZM8 12v-1.5h2a.5.5 0 0 0 .5-.5V8H12v2a2 2 0 0 1-2 2H8Zm2-12a2 2 0 0 1 2 2v2h-1.5V2a.5.5 0 0 0-.5-.5H8V0h2Z\" \/>\n\t\t\t<\/svg>\n\t\t<\/button><\/figure>\n\n\n\n<figure data-wp-context=\"{&quot;imageId&quot;:&quot;69e286cadcacf&quot;}\" data-wp-interactive=\"core\/image\" data-wp-key=\"69e286cadcacf\" class=\"wp-block-image size-large wp-lightbox-container\"><img decoding=\"async\" width=\"1024\" height=\"472\" data-wp-class--hide=\"state.isContentHidden\" data-wp-class--show=\"state.isContentVisible\" data-wp-init=\"callbacks.setButtonStyles\" data-wp-on--click=\"actions.showLightbox\" data-wp-on--load=\"callbacks.setButtonStyles\" data-wp-on-window--resize=\"callbacks.setButtonStyles\" data-id=\"1306\" src=\"https:\/\/unitranet.pl\/wp-content\/uploads\/2025\/10\/20240611_081513-1024x472.jpg\" alt=\"\" class=\"wp-image-1306\" srcset=\"https:\/\/unitranet.pl\/wp-content\/uploads\/2025\/10\/20240611_081513-1024x472.jpg 1024w, https:\/\/unitranet.pl\/wp-content\/uploads\/2025\/10\/20240611_081513-300x138.jpg 300w, https:\/\/unitranet.pl\/wp-content\/uploads\/2025\/10\/20240611_081513-768x354.jpg 768w, https:\/\/unitranet.pl\/wp-content\/uploads\/2025\/10\/20240611_081513-1536x708.jpg 1536w, https:\/\/unitranet.pl\/wp-content\/uploads\/2025\/10\/20240611_081513-2048x944.jpg 2048w\" sizes=\"(max-width: 1024px) 100vw, 1024px\" \/><button\n\t\t\tclass=\"lightbox-trigger\"\n\t\t\ttype=\"button\"\n\t\t\taria-haspopup=\"dialog\"\n\t\t\taria-label=\"Powi\u0119ksz\"\n\t\t\tdata-wp-init=\"callbacks.initTriggerButton\"\n\t\t\tdata-wp-on--click=\"actions.showLightbox\"\n\t\t\tdata-wp-style--right=\"state.imageButtonRight\"\n\t\t\tdata-wp-style--top=\"state.imageButtonTop\"\n\t\t>\n\t\t\t<svg xmlns=\"http:\/\/www.w3.org\/2000\/svg\" width=\"12\" height=\"12\" fill=\"none\" viewBox=\"0 0 12 12\">\n\t\t\t\t<path fill=\"#fff\" d=\"M2 0a2 2 0 0 0-2 2v2h1.5V2a.5.5 0 0 1 .5-.5h2V0H2Zm2 10.5H2a.5.5 0 0 1-.5-.5V8H0v2a2 2 0 0 0 2 2h2v-1.5ZM8 12v-1.5h2a.5.5 0 0 0 .5-.5V8H12v2a2 2 0 0 1-2 2H8Zm2-12a2 2 0 0 1 2 2v2h-1.5V2a.5.5 0 0 0-.5-.5H8V0h2Z\" \/>\n\t\t\t<\/svg>\n\t\t<\/button><\/figure>\n\n\n\n<figure data-wp-context=\"{&quot;imageId&quot;:&quot;69e286cadcc0c&quot;}\" data-wp-interactive=\"core\/image\" data-wp-key=\"69e286cadcc0c\" class=\"wp-block-image size-large wp-lightbox-container\"><img decoding=\"async\" width=\"640\" height=\"480\" data-wp-class--hide=\"state.isContentHidden\" data-wp-class--show=\"state.isContentVisible\" data-wp-init=\"callbacks.setButtonStyles\" data-wp-on--click=\"actions.showLightbox\" data-wp-on--load=\"callbacks.setButtonStyles\" data-wp-on-window--resize=\"callbacks.setButtonStyles\" data-id=\"1305\" src=\"https:\/\/unitranet.pl\/wp-content\/uploads\/2025\/10\/20170608_164954.jpg\" alt=\"\" class=\"wp-image-1305\" srcset=\"https:\/\/unitranet.pl\/wp-content\/uploads\/2025\/10\/20170608_164954.jpg 640w, https:\/\/unitranet.pl\/wp-content\/uploads\/2025\/10\/20170608_164954-300x225.jpg 300w\" sizes=\"(max-width: 640px) 100vw, 640px\" \/><button\n\t\t\tclass=\"lightbox-trigger\"\n\t\t\ttype=\"button\"\n\t\t\taria-haspopup=\"dialog\"\n\t\t\taria-label=\"Powi\u0119ksz\"\n\t\t\tdata-wp-init=\"callbacks.initTriggerButton\"\n\t\t\tdata-wp-on--click=\"actions.showLightbox\"\n\t\t\tdata-wp-style--right=\"state.imageButtonRight\"\n\t\t\tdata-wp-style--top=\"state.imageButtonTop\"\n\t\t>\n\t\t\t<svg xmlns=\"http:\/\/www.w3.org\/2000\/svg\" width=\"12\" height=\"12\" fill=\"none\" viewBox=\"0 0 12 12\">\n\t\t\t\t<path fill=\"#fff\" d=\"M2 0a2 2 0 0 0-2 2v2h1.5V2a.5.5 0 0 1 .5-.5h2V0H2Zm2 10.5H2a.5.5 0 0 1-.5-.5V8H0v2a2 2 0 0 0 2 2h2v-1.5ZM8 12v-1.5h2a.5.5 0 0 0 .5-.5V8H12v2a2 2 0 0 1-2 2H8Zm2-12a2 2 0 0 1 2 2v2h-1.5V2a.5.5 0 0 0-.5-.5H8V0h2Z\" \/>\n\t\t\t<\/svg>\n\t\t<\/button><\/figure>\n<\/figure>\n","protected":false},"excerpt":{"rendered":"<p>Kolekcjonuje elektronik\u0119 z PRL&#8217;u nie tylko polsk\u0105. G\u0142\u00f3wnie wzmacniacze, amplitunery, magnetofony,&nbsp; boombox&#8217;y i radioodbiorniki oraz w miar\u0119 mo\u017cliwo\u015bci sprz\u0119towych naprawiam i konserwuj\u0119 j\u0105. Komputery te\u017c. Prowadz\u0119 na FB. Profile wspomnieniowe: Radio EL FM Bydgoszcz &#8211; profil wspomnieniowy, Radio Pomo\u017ce &#8211; profil wspomnieniowy,&nbsp; Radio Toru\u0144 &#8211; profil wspomnieniowy i jeszcze kilka innych.&nbsp; Uwielbiam Radio. S\u0142ucham r\u00f3\u017cnych [&hellip;]<\/p>\n","protected":false},"author":1,"featured_media":0,"parent":0,"menu_order":0,"comment_status":"closed","ping_status":"closed","template":"","meta":{"footnotes":""},"class_list":["post-1166","page","type-page","status-publish","hentry"],"yoast_head":"<!-- This site is optimized with the Yoast SEO plugin v27.4 - https:\/\/yoast.com\/product\/yoast-seo-wordpress\/ -->\n<title>Arek Kie\u0142czy\u0144ski - UnitraNET<\/title>\n<meta name=\"robots\" content=\"index, follow, max-snippet:-1, max-image-preview:large, max-video-preview:-1\" \/>\n<link rel=\"canonical\" href=\"https:\/\/unitranet.pl\/?page_id=1166\" \/>\n<meta property=\"og:locale\" content=\"pl_PL\" \/>\n<meta property=\"og:type\" content=\"article\" \/>\n<meta property=\"og:title\" content=\"Arek Kie\u0142czy\u0144ski - UnitraNET\" \/>\n<meta property=\"og:description\" content=\"Kolekcjonuje elektronik\u0119 z PRL&#8217;u nie tylko polsk\u0105. G\u0142\u00f3wnie wzmacniacze, amplitunery, magnetofony,&nbsp; boombox&#8217;y i radioodbiorniki oraz w miar\u0119 mo\u017cliwo\u015bci sprz\u0119towych naprawiam i konserwuj\u0119 j\u0105. Komputery te\u017c. Prowadz\u0119 na FB. Profile wspomnieniowe: Radio EL FM Bydgoszcz &#8211; profil wspomnieniowy, Radio Pomo\u017ce &#8211; profil wspomnieniowy,&nbsp; Radio Toru\u0144 &#8211; profil wspomnieniowy i jeszcze kilka innych.&nbsp; Uwielbiam Radio. S\u0142ucham r\u00f3\u017cnych [&hellip;]\" \/>\n<meta property=\"og:url\" content=\"https:\/\/unitranet.pl\/?page_id=1166\" \/>\n<meta property=\"og:site_name\" content=\"UnitraNET\" \/>\n<meta property=\"article:modified_time\" content=\"2025-10-22T13:27:41+00:00\" \/>\n<meta property=\"og:image\" content=\"https:\/\/unitranet.pl\/wp-content\/uploads\/2025\/10\/DSC_1001_1-1-scaled.jpg\" \/>\n\t<meta property=\"og:image:width\" content=\"2560\" \/>\n\t<meta property=\"og:image:height\" content=\"2263\" \/>\n\t<meta property=\"og:image:type\" content=\"image\/jpeg\" \/>\n<meta name=\"twitter:card\" content=\"summary_large_image\" \/>\n<meta name=\"twitter:label1\" content=\"Szacowany czas czytania\" \/>\n\t<meta name=\"twitter:data1\" content=\"2 minuty\" \/>\n<script type=\"application\/ld+json\" class=\"yoast-schema-graph\">{\"@context\":\"https:\\\/\\\/schema.org\",\"@graph\":[{\"@type\":\"WebPage\",\"@id\":\"https:\\\/\\\/unitranet.pl\\\/?page_id=1166\",\"url\":\"https:\\\/\\\/unitranet.pl\\\/?page_id=1166\",\"name\":\"Arek Kie\u0142czy\u0144ski - UnitraNET\",\"isPartOf\":{\"@id\":\"https:\\\/\\\/unitranet.pl\\\/#website\"},\"primaryImageOfPage\":{\"@id\":\"https:\\\/\\\/unitranet.pl\\\/?page_id=1166#primaryimage\"},\"image\":{\"@id\":\"https:\\\/\\\/unitranet.pl\\\/?page_id=1166#primaryimage\"},\"thumbnailUrl\":\"https:\\\/\\\/unitranet.pl\\\/wp-content\\\/uploads\\\/2025\\\/10\\\/DSC_1001_1-1-1024x905.jpg\",\"datePublished\":\"2025-10-11T19:46:19+00:00\",\"dateModified\":\"2025-10-22T13:27:41+00:00\",\"breadcrumb\":{\"@id\":\"https:\\\/\\\/unitranet.pl\\\/?page_id=1166#breadcrumb\"},\"inLanguage\":\"pl-PL\",\"potentialAction\":[{\"@type\":\"ReadAction\",\"target\":[\"https:\\\/\\\/unitranet.pl\\\/?page_id=1166\"]}]},{\"@type\":\"ImageObject\",\"inLanguage\":\"pl-PL\",\"@id\":\"https:\\\/\\\/unitranet.pl\\\/?page_id=1166#primaryimage\",\"url\":\"https:\\\/\\\/unitranet.pl\\\/wp-content\\\/uploads\\\/2025\\\/10\\\/DSC_1001_1-1-scaled.jpg\",\"contentUrl\":\"https:\\\/\\\/unitranet.pl\\\/wp-content\\\/uploads\\\/2025\\\/10\\\/DSC_1001_1-1-scaled.jpg\",\"width\":2560,\"height\":2263},{\"@type\":\"BreadcrumbList\",\"@id\":\"https:\\\/\\\/unitranet.pl\\\/?page_id=1166#breadcrumb\",\"itemListElement\":[{\"@type\":\"ListItem\",\"position\":1,\"name\":\"Home\",\"item\":\"https:\\\/\\\/unitranet.pl\\\/\"},{\"@type\":\"ListItem\",\"position\":2,\"name\":\"Arek Kie\u0142czy\u0144ski\"}]},{\"@type\":\"WebSite\",\"@id\":\"https:\\\/\\\/unitranet.pl\\\/#website\",\"url\":\"https:\\\/\\\/unitranet.pl\\\/\",\"name\":\"UnitraNET\",\"description\":\"\",\"potentialAction\":[{\"@type\":\"SearchAction\",\"target\":{\"@type\":\"EntryPoint\",\"urlTemplate\":\"https:\\\/\\\/unitranet.pl\\\/?s={search_term_string}\"},\"query-input\":{\"@type\":\"PropertyValueSpecification\",\"valueRequired\":true,\"valueName\":\"search_term_string\"}}],\"inLanguage\":\"pl-PL\"}]}<\/script>\n<!-- \/ Yoast SEO plugin. -->","yoast_head_json":{"title":"Arek Kie\u0142czy\u0144ski - UnitraNET","robots":{"index":"index","follow":"follow","max-snippet":"max-snippet:-1","max-image-preview":"max-image-preview:large","max-video-preview":"max-video-preview:-1"},"canonical":"https:\/\/unitranet.pl\/?page_id=1166","og_locale":"pl_PL","og_type":"article","og_title":"Arek Kie\u0142czy\u0144ski - UnitraNET","og_description":"Kolekcjonuje elektronik\u0119 z PRL&#8217;u nie tylko polsk\u0105. G\u0142\u00f3wnie wzmacniacze, amplitunery, magnetofony,&nbsp; boombox&#8217;y i radioodbiorniki oraz w miar\u0119 mo\u017cliwo\u015bci sprz\u0119towych naprawiam i konserwuj\u0119 j\u0105. Komputery te\u017c. Prowadz\u0119 na FB. Profile wspomnieniowe: Radio EL FM Bydgoszcz &#8211; profil wspomnieniowy, Radio Pomo\u017ce &#8211; profil wspomnieniowy,&nbsp; Radio Toru\u0144 &#8211; profil wspomnieniowy i jeszcze kilka innych.&nbsp; Uwielbiam Radio. S\u0142ucham r\u00f3\u017cnych [&hellip;]","og_url":"https:\/\/unitranet.pl\/?page_id=1166","og_site_name":"UnitraNET","article_modified_time":"2025-10-22T13:27:41+00:00","og_image":[{"width":2560,"height":2263,"url":"https:\/\/unitranet.pl\/wp-content\/uploads\/2025\/10\/DSC_1001_1-1-scaled.jpg","type":"image\/jpeg"}],"twitter_card":"summary_large_image","twitter_misc":{"Szacowany czas czytania":"2 minuty"},"schema":{"@context":"https:\/\/schema.org","@graph":[{"@type":"WebPage","@id":"https:\/\/unitranet.pl\/?page_id=1166","url":"https:\/\/unitranet.pl\/?page_id=1166","name":"Arek Kie\u0142czy\u0144ski - UnitraNET","isPartOf":{"@id":"https:\/\/unitranet.pl\/#website"},"primaryImageOfPage":{"@id":"https:\/\/unitranet.pl\/?page_id=1166#primaryimage"},"image":{"@id":"https:\/\/unitranet.pl\/?page_id=1166#primaryimage"},"thumbnailUrl":"https:\/\/unitranet.pl\/wp-content\/uploads\/2025\/10\/DSC_1001_1-1-1024x905.jpg","datePublished":"2025-10-11T19:46:19+00:00","dateModified":"2025-10-22T13:27:41+00:00","breadcrumb":{"@id":"https:\/\/unitranet.pl\/?page_id=1166#breadcrumb"},"inLanguage":"pl-PL","potentialAction":[{"@type":"ReadAction","target":["https:\/\/unitranet.pl\/?page_id=1166"]}]},{"@type":"ImageObject","inLanguage":"pl-PL","@id":"https:\/\/unitranet.pl\/?page_id=1166#primaryimage","url":"https:\/\/unitranet.pl\/wp-content\/uploads\/2025\/10\/DSC_1001_1-1-scaled.jpg","contentUrl":"https:\/\/unitranet.pl\/wp-content\/uploads\/2025\/10\/DSC_1001_1-1-scaled.jpg","width":2560,"height":2263},{"@type":"BreadcrumbList","@id":"https:\/\/unitranet.pl\/?page_id=1166#breadcrumb","itemListElement":[{"@type":"ListItem","position":1,"name":"Home","item":"https:\/\/unitranet.pl\/"},{"@type":"ListItem","position":2,"name":"Arek Kie\u0142czy\u0144ski"}]},{"@type":"WebSite","@id":"https:\/\/unitranet.pl\/#website","url":"https:\/\/unitranet.pl\/","name":"UnitraNET","description":"","potentialAction":[{"@type":"SearchAction","target":{"@type":"EntryPoint","urlTemplate":"https:\/\/unitranet.pl\/?s={search_term_string}"},"query-input":{"@type":"PropertyValueSpecification","valueRequired":true,"valueName":"search_term_string"}}],"inLanguage":"pl-PL"}]}},"_links":{"self":[{"href":"https:\/\/unitranet.pl\/index.php?rest_route=\/wp\/v2\/pages\/1166","targetHints":{"allow":["GET"]}}],"collection":[{"href":"https:\/\/unitranet.pl\/index.php?rest_route=\/wp\/v2\/pages"}],"about":[{"href":"https:\/\/unitranet.pl\/index.php?rest_route=\/wp\/v2\/types\/page"}],"author":[{"embeddable":true,"href":"https:\/\/unitranet.pl\/index.php?rest_route=\/wp\/v2\/users\/1"}],"replies":[{"embeddable":true,"href":"https:\/\/unitranet.pl\/index.php?rest_route=%2Fwp%2Fv2%2Fcomments&post=1166"}],"version-history":[{"count":4,"href":"https:\/\/unitranet.pl\/index.php?rest_route=\/wp\/v2\/pages\/1166\/revisions"}],"predecessor-version":[{"id":1312,"href":"https:\/\/unitranet.pl\/index.php?rest_route=\/wp\/v2\/pages\/1166\/revisions\/1312"}],"wp:attachment":[{"href":"https:\/\/unitranet.pl\/index.php?rest_route=%2Fwp%2Fv2%2Fmedia&parent=1166"}],"curies":[{"name":"wp","href":"https:\/\/api.w.org\/{rel}","templated":true}]}}