{"id":1159,"date":"2025-10-11T21:44:57","date_gmt":"2025-10-11T19:44:57","guid":{"rendered":"https:\/\/unitranet.pl\/?page_id=1159"},"modified":"2025-10-16T07:11:47","modified_gmt":"2025-10-16T05:11:47","slug":"wojtek","status":"publish","type":"page","link":"https:\/\/unitranet.pl\/?page_id=1159","title":{"rendered":"Wojtek"},"content":{"rendered":"\n<div class=\"wp-block-media-text is-stacked-on-mobile\" style=\"grid-template-columns:24% auto\"><figure class=\"wp-block-media-text__media\"><img fetchpriority=\"high\" decoding=\"async\" width=\"355\" height=\"472\" src=\"https:\/\/unitranet.pl\/wp-content\/uploads\/2025\/10\/E7DF08A7-5975-4C76-A4B2-B66281D21EF7.jpeg\" alt=\"\" class=\"wp-image-1233 size-full\" srcset=\"https:\/\/unitranet.pl\/wp-content\/uploads\/2025\/10\/E7DF08A7-5975-4C76-A4B2-B66281D21EF7.jpeg 355w, https:\/\/unitranet.pl\/wp-content\/uploads\/2025\/10\/E7DF08A7-5975-4C76-A4B2-B66281D21EF7-226x300.jpeg 226w\" sizes=\"(max-width: 355px) 100vw, 355px\" \/><\/figure><div class=\"wp-block-media-text__content\">\n<p>Cze\u015b\u0107, nazywam si\u0119 Wojciech Szma\u0144da <\/p>\n\n\n\n<p>a poni\u017cej kilka s\u0142\u00f3w o mnie:)<\/p>\n<\/div><\/div>\n\n\n\n<p>Jestem z Bydgoszczy, obywatelstwo stowarzyszenia jak i zainteresowanie starymi sprz\u0119tami zyska\u0142em przez mojego przyjaciela Kub\u0119 i jego tat\u0119, Pana Arkadiusza przebywaj\u0105c w ich otoczeniu ju\u017c od kilku lat. Aktualnie ucz\u0119 si\u0119 \u00a0jako technik elektronik w Zespole Szk\u00f3\u0142 elektronicznych Im. Wojska Polskiego w Bydgoszczy na 3 roku. Nawet przed rozpocz\u0119ciem nauki zawsze stara\u0142em si\u0119 naprawia\u0107 sprz\u0119ty na w\u0142asn\u0105 r\u0119k\u0119 i zdobywa\u0107 wiedz\u0119 i do\u015bwiadczenie w kierunku elektroniki. Moja wiedza na temat unitry \u00a0i eltry stale si\u0119 rozwija i mam nadziej\u0119 \u017ce tak pozostanie:)\u00a0Lubi\u0119 zajmowa\u0107 si\u0119 wszystkim przez co p\u0142ynie pr\u0105d, od projektowania jaki\u015b uk\u0142ad\u00f3w, przez naprawy i konserwacj\u0119 do monta\u017cu kamer i sieci czym aktualnie zajmuje si\u0119 najwi\u0119cej i tutaj w UnitraNet i na w\u0142asn\u0105 r\u0119k\u0119. Na codzie\u0144 zajmuj\u0119 si\u0119 g\u0142\u00f3wnie drukiem 3D i tworzeniem projekt\u00f3w z tym zwi\u0105zanych, cz\u0119sto tworz\u0105c breloki lub prototypy na zlecenie dla firm. Kilka drukarek uda\u0142o mi si\u0119 z\u0142o\u017cy\u0107 samemu od zera, stworzenie samemu maszyny \u00a0kt\u00f3ra dzia\u0142a daje niema\u0142\u0105 satysfakcj\u0119:) Id\u0105c w kierunku maszyn tego typu, ostatnio zainteresowa\u0142em si\u0119 toczeniem i frezowaniem czego te\u017c si\u0119 po trochu ucz\u0119.\u00a0W wolnym czasie lubi\u0119 pogrzeba\u0107 przy motoryzacji, autach lub motocyklach. W swojej stajni pojazd\u00f3w mam jednego klasyka, kt\u00f3rego wida\u0107 na zdj\u0119ciu poni\u017cej. W ka\u017cdej z tych dziedzin s\u0142u\u017c\u0119 pomoc\u0105, w razie potrzeby kontaktu to m\u00f3j adres mailowy:<\/p>\n\n\n\n<div class=\"wp-block-media-text is-stacked-on-mobile\" style=\"grid-template-columns:15% auto\"><figure class=\"wp-block-media-text__media\"><img decoding=\"async\" width=\"161\" height=\"148\" src=\"https:\/\/unitranet.pl\/wp-content\/uploads\/2025\/10\/mail.png\" alt=\"\" class=\"wp-image-1074 size-full\"\/><\/figure><div class=\"wp-block-media-text__content\">\n<p><a href=\"mailto:wojciech@xensio.xyz\" rel=\"nofollow\">wojciech@xensio.xyz<\/a><\/p>\n<\/div><\/div>\n\n\n\n<figure class=\"wp-block-gallery has-nested-images columns-default is-cropped wp-block-gallery-1 is-layout-flex wp-block-gallery-is-layout-flex\">\n<figure data-wp-context=\"{&quot;imageId&quot;:&quot;69e286b13e7fc&quot;}\" data-wp-interactive=\"core\/image\" data-wp-key=\"69e286b13e7fc\" class=\"wp-block-image size-large wp-lightbox-container\"><img decoding=\"async\" width=\"1024\" height=\"768\" data-wp-class--hide=\"state.isContentHidden\" data-wp-class--show=\"state.isContentVisible\" data-wp-init=\"callbacks.setButtonStyles\" data-wp-on--click=\"actions.showLightbox\" data-wp-on--load=\"callbacks.setButtonStyles\" data-wp-on-window--resize=\"callbacks.setButtonStyles\" data-id=\"1238\" src=\"https:\/\/unitranet.pl\/wp-content\/uploads\/2025\/10\/IMG_7611-1024x768.jpeg\" alt=\"\" class=\"wp-image-1238\" srcset=\"https:\/\/unitranet.pl\/wp-content\/uploads\/2025\/10\/IMG_7611-1024x768.jpeg 1024w, https:\/\/unitranet.pl\/wp-content\/uploads\/2025\/10\/IMG_7611-300x225.jpeg 300w, https:\/\/unitranet.pl\/wp-content\/uploads\/2025\/10\/IMG_7611-768x576.jpeg 768w, https:\/\/unitranet.pl\/wp-content\/uploads\/2025\/10\/IMG_7611-1536x1152.jpeg 1536w, https:\/\/unitranet.pl\/wp-content\/uploads\/2025\/10\/IMG_7611-2048x1536.jpeg 2048w\" sizes=\"(max-width: 1024px) 100vw, 1024px\" \/><button\n\t\t\tclass=\"lightbox-trigger\"\n\t\t\ttype=\"button\"\n\t\t\taria-haspopup=\"dialog\"\n\t\t\taria-label=\"Powi\u0119ksz\"\n\t\t\tdata-wp-init=\"callbacks.initTriggerButton\"\n\t\t\tdata-wp-on--click=\"actions.showLightbox\"\n\t\t\tdata-wp-style--right=\"state.imageButtonRight\"\n\t\t\tdata-wp-style--top=\"state.imageButtonTop\"\n\t\t>\n\t\t\t<svg xmlns=\"http:\/\/www.w3.org\/2000\/svg\" width=\"12\" height=\"12\" fill=\"none\" viewBox=\"0 0 12 12\">\n\t\t\t\t<path fill=\"#fff\" d=\"M2 0a2 2 0 0 0-2 2v2h1.5V2a.5.5 0 0 1 .5-.5h2V0H2Zm2 10.5H2a.5.5 0 0 1-.5-.5V8H0v2a2 2 0 0 0 2 2h2v-1.5ZM8 12v-1.5h2a.5.5 0 0 0 .5-.5V8H12v2a2 2 0 0 1-2 2H8Zm2-12a2 2 0 0 1 2 2v2h-1.5V2a.5.5 0 0 0-.5-.5H8V0h2Z\" \/>\n\t\t\t<\/svg>\n\t\t<\/button><figcaption class=\"wp-element-caption\">Romet Pony 1983r<\/figcaption><\/figure>\n\n\n\n<figure data-wp-context=\"{&quot;imageId&quot;:&quot;69e286b13ea2d&quot;}\" data-wp-interactive=\"core\/image\" data-wp-key=\"69e286b13ea2d\" class=\"wp-block-image size-large wp-lightbox-container\"><img loading=\"lazy\" decoding=\"async\" width=\"1024\" height=\"768\" data-wp-class--hide=\"state.isContentHidden\" data-wp-class--show=\"state.isContentVisible\" data-wp-init=\"callbacks.setButtonStyles\" data-wp-on--click=\"actions.showLightbox\" data-wp-on--load=\"callbacks.setButtonStyles\" data-wp-on-window--resize=\"callbacks.setButtonStyles\" data-id=\"1237\" src=\"https:\/\/unitranet.pl\/wp-content\/uploads\/2025\/10\/IMG_7176-1024x768.jpeg\" alt=\"\" class=\"wp-image-1237\" srcset=\"https:\/\/unitranet.pl\/wp-content\/uploads\/2025\/10\/IMG_7176-1024x768.jpeg 1024w, https:\/\/unitranet.pl\/wp-content\/uploads\/2025\/10\/IMG_7176-300x225.jpeg 300w, https:\/\/unitranet.pl\/wp-content\/uploads\/2025\/10\/IMG_7176-768x576.jpeg 768w, https:\/\/unitranet.pl\/wp-content\/uploads\/2025\/10\/IMG_7176-1536x1152.jpeg 1536w, https:\/\/unitranet.pl\/wp-content\/uploads\/2025\/10\/IMG_7176-2048x1536.jpeg 2048w\" sizes=\"(max-width: 1024px) 100vw, 1024px\" \/><button\n\t\t\tclass=\"lightbox-trigger\"\n\t\t\ttype=\"button\"\n\t\t\taria-haspopup=\"dialog\"\n\t\t\taria-label=\"Powi\u0119ksz\"\n\t\t\tdata-wp-init=\"callbacks.initTriggerButton\"\n\t\t\tdata-wp-on--click=\"actions.showLightbox\"\n\t\t\tdata-wp-style--right=\"state.imageButtonRight\"\n\t\t\tdata-wp-style--top=\"state.imageButtonTop\"\n\t\t>\n\t\t\t<svg xmlns=\"http:\/\/www.w3.org\/2000\/svg\" width=\"12\" height=\"12\" fill=\"none\" viewBox=\"0 0 12 12\">\n\t\t\t\t<path fill=\"#fff\" d=\"M2 0a2 2 0 0 0-2 2v2h1.5V2a.5.5 0 0 1 .5-.5h2V0H2Zm2 10.5H2a.5.5 0 0 1-.5-.5V8H0v2a2 2 0 0 0 2 2h2v-1.5ZM8 12v-1.5h2a.5.5 0 0 0 .5-.5V8H12v2a2 2 0 0 1-2 2H8Zm2-12a2 2 0 0 1 2 2v2h-1.5V2a.5.5 0 0 0-.5-.5H8V0h2Z\" \/>\n\t\t\t<\/svg>\n\t\t<\/button><\/figure>\n<\/figure>\n\n\n\n<p>A tutaj to czym si\u0119 zajmuj\u0119, niekt\u00f3re sprz\u0119ty i jedna z moich realizacji:<\/p>\n\n\n\n<figure class=\"wp-block-gallery has-nested-images columns-default is-cropped wp-block-gallery-2 is-layout-flex wp-block-gallery-is-layout-flex\">\n<figure data-wp-context=\"{&quot;imageId&quot;:&quot;69e286b13f4ed&quot;}\" data-wp-interactive=\"core\/image\" data-wp-key=\"69e286b13f4ed\" class=\"wp-block-image size-large wp-lightbox-container\"><img loading=\"lazy\" decoding=\"async\" width=\"576\" height=\"1024\" data-wp-class--hide=\"state.isContentHidden\" data-wp-class--show=\"state.isContentVisible\" data-wp-init=\"callbacks.setButtonStyles\" data-wp-on--click=\"actions.showLightbox\" data-wp-on--load=\"callbacks.setButtonStyles\" data-wp-on-window--resize=\"callbacks.setButtonStyles\" data-id=\"1236\" src=\"https:\/\/unitranet.pl\/wp-content\/uploads\/2025\/10\/IMG_5798_edited-576x1024.jpg\" alt=\"\" class=\"wp-image-1236\" srcset=\"https:\/\/unitranet.pl\/wp-content\/uploads\/2025\/10\/IMG_5798_edited-576x1024.jpg 576w, https:\/\/unitranet.pl\/wp-content\/uploads\/2025\/10\/IMG_5798_edited-169x300.jpg 169w, https:\/\/unitranet.pl\/wp-content\/uploads\/2025\/10\/IMG_5798_edited-768x1365.jpg 768w, https:\/\/unitranet.pl\/wp-content\/uploads\/2025\/10\/IMG_5798_edited-864x1536.jpg 864w, https:\/\/unitranet.pl\/wp-content\/uploads\/2025\/10\/IMG_5798_edited.jpg 1080w\" sizes=\"(max-width: 576px) 100vw, 576px\" \/><button\n\t\t\tclass=\"lightbox-trigger\"\n\t\t\ttype=\"button\"\n\t\t\taria-haspopup=\"dialog\"\n\t\t\taria-label=\"Powi\u0119ksz\"\n\t\t\tdata-wp-init=\"callbacks.initTriggerButton\"\n\t\t\tdata-wp-on--click=\"actions.showLightbox\"\n\t\t\tdata-wp-style--right=\"state.imageButtonRight\"\n\t\t\tdata-wp-style--top=\"state.imageButtonTop\"\n\t\t>\n\t\t\t<svg xmlns=\"http:\/\/www.w3.org\/2000\/svg\" width=\"12\" height=\"12\" fill=\"none\" viewBox=\"0 0 12 12\">\n\t\t\t\t<path fill=\"#fff\" d=\"M2 0a2 2 0 0 0-2 2v2h1.5V2a.5.5 0 0 1 .5-.5h2V0H2Zm2 10.5H2a.5.5 0 0 1-.5-.5V8H0v2a2 2 0 0 0 2 2h2v-1.5ZM8 12v-1.5h2a.5.5 0 0 0 .5-.5V8H12v2a2 2 0 0 1-2 2H8Zm2-12a2 2 0 0 1 2 2v2h-1.5V2a.5.5 0 0 0-.5-.5H8V0h2Z\" \/>\n\t\t\t<\/svg>\n\t\t<\/button><\/figure>\n\n\n\n<figure data-wp-context=\"{&quot;imageId&quot;:&quot;69e286b13f685&quot;}\" data-wp-interactive=\"core\/image\" data-wp-key=\"69e286b13f685\" class=\"wp-block-image size-large wp-lightbox-container\"><img loading=\"lazy\" decoding=\"async\" width=\"576\" height=\"1024\" data-wp-class--hide=\"state.isContentHidden\" data-wp-class--show=\"state.isContentVisible\" data-wp-init=\"callbacks.setButtonStyles\" data-wp-on--click=\"actions.showLightbox\" data-wp-on--load=\"callbacks.setButtonStyles\" data-wp-on-window--resize=\"callbacks.setButtonStyles\" data-id=\"1235\" src=\"https:\/\/unitranet.pl\/wp-content\/uploads\/2025\/10\/IMG_5575-576x1024.jpeg\" alt=\"\" class=\"wp-image-1235\" srcset=\"https:\/\/unitranet.pl\/wp-content\/uploads\/2025\/10\/IMG_5575-576x1024.jpeg 576w, https:\/\/unitranet.pl\/wp-content\/uploads\/2025\/10\/IMG_5575-169x300.jpeg 169w, https:\/\/unitranet.pl\/wp-content\/uploads\/2025\/10\/IMG_5575-768x1365.jpeg 768w, https:\/\/unitranet.pl\/wp-content\/uploads\/2025\/10\/IMG_5575-864x1536.jpeg 864w, https:\/\/unitranet.pl\/wp-content\/uploads\/2025\/10\/IMG_5575.jpeg 1080w\" sizes=\"(max-width: 576px) 100vw, 576px\" \/><button\n\t\t\tclass=\"lightbox-trigger\"\n\t\t\ttype=\"button\"\n\t\t\taria-haspopup=\"dialog\"\n\t\t\taria-label=\"Powi\u0119ksz\"\n\t\t\tdata-wp-init=\"callbacks.initTriggerButton\"\n\t\t\tdata-wp-on--click=\"actions.showLightbox\"\n\t\t\tdata-wp-style--right=\"state.imageButtonRight\"\n\t\t\tdata-wp-style--top=\"state.imageButtonTop\"\n\t\t>\n\t\t\t<svg xmlns=\"http:\/\/www.w3.org\/2000\/svg\" width=\"12\" height=\"12\" fill=\"none\" viewBox=\"0 0 12 12\">\n\t\t\t\t<path fill=\"#fff\" d=\"M2 0a2 2 0 0 0-2 2v2h1.5V2a.5.5 0 0 1 .5-.5h2V0H2Zm2 10.5H2a.5.5 0 0 1-.5-.5V8H0v2a2 2 0 0 0 2 2h2v-1.5ZM8 12v-1.5h2a.5.5 0 0 0 .5-.5V8H12v2a2 2 0 0 1-2 2H8Zm2-12a2 2 0 0 1 2 2v2h-1.5V2a.5.5 0 0 0-.5-.5H8V0h2Z\" \/>\n\t\t\t<\/svg>\n\t\t<\/button><\/figure>\n\n\n\n<figure data-wp-context=\"{&quot;imageId&quot;:&quot;69e286b13f80f&quot;}\" data-wp-interactive=\"core\/image\" data-wp-key=\"69e286b13f80f\" class=\"wp-block-image size-large wp-lightbox-container\"><img loading=\"lazy\" decoding=\"async\" width=\"1024\" height=\"768\" data-wp-class--hide=\"state.isContentHidden\" data-wp-class--show=\"state.isContentVisible\" data-wp-init=\"callbacks.setButtonStyles\" data-wp-on--click=\"actions.showLightbox\" data-wp-on--load=\"callbacks.setButtonStyles\" data-wp-on-window--resize=\"callbacks.setButtonStyles\" data-id=\"1234\" src=\"https:\/\/unitranet.pl\/wp-content\/uploads\/2025\/10\/image-1024x768.jpeg\" alt=\"\" class=\"wp-image-1234\" srcset=\"https:\/\/unitranet.pl\/wp-content\/uploads\/2025\/10\/image-1024x768.jpeg 1024w, https:\/\/unitranet.pl\/wp-content\/uploads\/2025\/10\/image-300x225.jpeg 300w, https:\/\/unitranet.pl\/wp-content\/uploads\/2025\/10\/image-768x576.jpeg 768w, https:\/\/unitranet.pl\/wp-content\/uploads\/2025\/10\/image-1536x1152.jpeg 1536w, https:\/\/unitranet.pl\/wp-content\/uploads\/2025\/10\/image-2048x1536.jpeg 2048w\" sizes=\"(max-width: 1024px) 100vw, 1024px\" \/><button\n\t\t\tclass=\"lightbox-trigger\"\n\t\t\ttype=\"button\"\n\t\t\taria-haspopup=\"dialog\"\n\t\t\taria-label=\"Powi\u0119ksz\"\n\t\t\tdata-wp-init=\"callbacks.initTriggerButton\"\n\t\t\tdata-wp-on--click=\"actions.showLightbox\"\n\t\t\tdata-wp-style--right=\"state.imageButtonRight\"\n\t\t\tdata-wp-style--top=\"state.imageButtonTop\"\n\t\t>\n\t\t\t<svg xmlns=\"http:\/\/www.w3.org\/2000\/svg\" width=\"12\" height=\"12\" fill=\"none\" viewBox=\"0 0 12 12\">\n\t\t\t\t<path fill=\"#fff\" d=\"M2 0a2 2 0 0 0-2 2v2h1.5V2a.5.5 0 0 1 .5-.5h2V0H2Zm2 10.5H2a.5.5 0 0 1-.5-.5V8H0v2a2 2 0 0 0 2 2h2v-1.5ZM8 12v-1.5h2a.5.5 0 0 0 .5-.5V8H12v2a2 2 0 0 1-2 2H8Zm2-12a2 2 0 0 1 2 2v2h-1.5V2a.5.5 0 0 0-.5-.5H8V0h2Z\" \/>\n\t\t\t<\/svg>\n\t\t<\/button><\/figure>\n<\/figure>\n","protected":false},"excerpt":{"rendered":"<p>Cze\u015b\u0107, nazywam si\u0119 Wojciech Szma\u0144da a poni\u017cej kilka s\u0142\u00f3w o mnie:) Jestem z Bydgoszczy, obywatelstwo stowarzyszenia jak i zainteresowanie starymi sprz\u0119tami zyska\u0142em przez mojego przyjaciela Kub\u0119 i jego tat\u0119, Pana Arkadiusza przebywaj\u0105c w ich otoczeniu ju\u017c od kilku lat. Aktualnie ucz\u0119 si\u0119 \u00a0jako technik elektronik w Zespole Szk\u00f3\u0142 elektronicznych Im. Wojska Polskiego w Bydgoszczy na [&hellip;]<\/p>\n","protected":false},"author":1,"featured_media":0,"parent":0,"menu_order":0,"comment_status":"closed","ping_status":"closed","template":"","meta":{"footnotes":""},"class_list":["post-1159","page","type-page","status-publish","hentry"],"yoast_head":"<!-- This site is optimized with the Yoast SEO plugin v27.4 - https:\/\/yoast.com\/product\/yoast-seo-wordpress\/ -->\n<title>Wojtek - UnitraNET<\/title>\n<meta name=\"robots\" content=\"index, follow, max-snippet:-1, max-image-preview:large, max-video-preview:-1\" \/>\n<link rel=\"canonical\" href=\"https:\/\/unitranet.pl\/?page_id=1159\" \/>\n<meta property=\"og:locale\" content=\"pl_PL\" \/>\n<meta property=\"og:type\" content=\"article\" \/>\n<meta property=\"og:title\" content=\"Wojtek - UnitraNET\" \/>\n<meta property=\"og:description\" content=\"Cze\u015b\u0107, nazywam si\u0119 Wojciech Szma\u0144da a poni\u017cej kilka s\u0142\u00f3w o mnie:) Jestem z Bydgoszczy, obywatelstwo stowarzyszenia jak i zainteresowanie starymi sprz\u0119tami zyska\u0142em przez mojego przyjaciela Kub\u0119 i jego tat\u0119, Pana Arkadiusza przebywaj\u0105c w ich otoczeniu ju\u017c od kilku lat. Aktualnie ucz\u0119 si\u0119 \u00a0jako technik elektronik w Zespole Szk\u00f3\u0142 elektronicznych Im. Wojska Polskiego w Bydgoszczy na [&hellip;]\" \/>\n<meta property=\"og:url\" content=\"https:\/\/unitranet.pl\/?page_id=1159\" \/>\n<meta property=\"og:site_name\" content=\"UnitraNET\" \/>\n<meta property=\"article:modified_time\" content=\"2025-10-16T05:11:47+00:00\" \/>\n<meta property=\"og:image\" content=\"https:\/\/unitranet.pl\/wp-content\/uploads\/2025\/10\/E7DF08A7-5975-4C76-A4B2-B66281D21EF7.jpeg\" \/>\n\t<meta property=\"og:image:width\" content=\"355\" \/>\n\t<meta property=\"og:image:height\" content=\"472\" \/>\n\t<meta property=\"og:image:type\" content=\"image\/jpeg\" \/>\n<meta name=\"twitter:card\" content=\"summary_large_image\" \/>\n<meta name=\"twitter:label1\" content=\"Szacowany czas czytania\" \/>\n\t<meta name=\"twitter:data1\" content=\"3 minuty\" \/>\n<script type=\"application\/ld+json\" class=\"yoast-schema-graph\">{\"@context\":\"https:\\\/\\\/schema.org\",\"@graph\":[{\"@type\":\"WebPage\",\"@id\":\"https:\\\/\\\/unitranet.pl\\\/?page_id=1159\",\"url\":\"https:\\\/\\\/unitranet.pl\\\/?page_id=1159\",\"name\":\"Wojtek - UnitraNET\",\"isPartOf\":{\"@id\":\"https:\\\/\\\/unitranet.pl\\\/#website\"},\"primaryImageOfPage\":{\"@id\":\"https:\\\/\\\/unitranet.pl\\\/?page_id=1159#primaryimage\"},\"image\":{\"@id\":\"https:\\\/\\\/unitranet.pl\\\/?page_id=1159#primaryimage\"},\"thumbnailUrl\":\"https:\\\/\\\/unitranet.pl\\\/wp-content\\\/uploads\\\/2025\\\/10\\\/E7DF08A7-5975-4C76-A4B2-B66281D21EF7.jpeg\",\"datePublished\":\"2025-10-11T19:44:57+00:00\",\"dateModified\":\"2025-10-16T05:11:47+00:00\",\"breadcrumb\":{\"@id\":\"https:\\\/\\\/unitranet.pl\\\/?page_id=1159#breadcrumb\"},\"inLanguage\":\"pl-PL\",\"potentialAction\":[{\"@type\":\"ReadAction\",\"target\":[\"https:\\\/\\\/unitranet.pl\\\/?page_id=1159\"]}]},{\"@type\":\"ImageObject\",\"inLanguage\":\"pl-PL\",\"@id\":\"https:\\\/\\\/unitranet.pl\\\/?page_id=1159#primaryimage\",\"url\":\"https:\\\/\\\/unitranet.pl\\\/wp-content\\\/uploads\\\/2025\\\/10\\\/E7DF08A7-5975-4C76-A4B2-B66281D21EF7.jpeg\",\"contentUrl\":\"https:\\\/\\\/unitranet.pl\\\/wp-content\\\/uploads\\\/2025\\\/10\\\/E7DF08A7-5975-4C76-A4B2-B66281D21EF7.jpeg\",\"width\":355,\"height\":472},{\"@type\":\"BreadcrumbList\",\"@id\":\"https:\\\/\\\/unitranet.pl\\\/?page_id=1159#breadcrumb\",\"itemListElement\":[{\"@type\":\"ListItem\",\"position\":1,\"name\":\"Home\",\"item\":\"https:\\\/\\\/unitranet.pl\\\/\"},{\"@type\":\"ListItem\",\"position\":2,\"name\":\"Wojtek\"}]},{\"@type\":\"WebSite\",\"@id\":\"https:\\\/\\\/unitranet.pl\\\/#website\",\"url\":\"https:\\\/\\\/unitranet.pl\\\/\",\"name\":\"UnitraNET\",\"description\":\"\",\"potentialAction\":[{\"@type\":\"SearchAction\",\"target\":{\"@type\":\"EntryPoint\",\"urlTemplate\":\"https:\\\/\\\/unitranet.pl\\\/?s={search_term_string}\"},\"query-input\":{\"@type\":\"PropertyValueSpecification\",\"valueRequired\":true,\"valueName\":\"search_term_string\"}}],\"inLanguage\":\"pl-PL\"}]}<\/script>\n<!-- \/ Yoast SEO plugin. -->","yoast_head_json":{"title":"Wojtek - UnitraNET","robots":{"index":"index","follow":"follow","max-snippet":"max-snippet:-1","max-image-preview":"max-image-preview:large","max-video-preview":"max-video-preview:-1"},"canonical":"https:\/\/unitranet.pl\/?page_id=1159","og_locale":"pl_PL","og_type":"article","og_title":"Wojtek - UnitraNET","og_description":"Cze\u015b\u0107, nazywam si\u0119 Wojciech Szma\u0144da a poni\u017cej kilka s\u0142\u00f3w o mnie:) Jestem z Bydgoszczy, obywatelstwo stowarzyszenia jak i zainteresowanie starymi sprz\u0119tami zyska\u0142em przez mojego przyjaciela Kub\u0119 i jego tat\u0119, Pana Arkadiusza przebywaj\u0105c w ich otoczeniu ju\u017c od kilku lat. Aktualnie ucz\u0119 si\u0119 \u00a0jako technik elektronik w Zespole Szk\u00f3\u0142 elektronicznych Im. Wojska Polskiego w Bydgoszczy na [&hellip;]","og_url":"https:\/\/unitranet.pl\/?page_id=1159","og_site_name":"UnitraNET","article_modified_time":"2025-10-16T05:11:47+00:00","og_image":[{"width":355,"height":472,"url":"https:\/\/unitranet.pl\/wp-content\/uploads\/2025\/10\/E7DF08A7-5975-4C76-A4B2-B66281D21EF7.jpeg","type":"image\/jpeg"}],"twitter_card":"summary_large_image","twitter_misc":{"Szacowany czas czytania":"3 minuty"},"schema":{"@context":"https:\/\/schema.org","@graph":[{"@type":"WebPage","@id":"https:\/\/unitranet.pl\/?page_id=1159","url":"https:\/\/unitranet.pl\/?page_id=1159","name":"Wojtek - UnitraNET","isPartOf":{"@id":"https:\/\/unitranet.pl\/#website"},"primaryImageOfPage":{"@id":"https:\/\/unitranet.pl\/?page_id=1159#primaryimage"},"image":{"@id":"https:\/\/unitranet.pl\/?page_id=1159#primaryimage"},"thumbnailUrl":"https:\/\/unitranet.pl\/wp-content\/uploads\/2025\/10\/E7DF08A7-5975-4C76-A4B2-B66281D21EF7.jpeg","datePublished":"2025-10-11T19:44:57+00:00","dateModified":"2025-10-16T05:11:47+00:00","breadcrumb":{"@id":"https:\/\/unitranet.pl\/?page_id=1159#breadcrumb"},"inLanguage":"pl-PL","potentialAction":[{"@type":"ReadAction","target":["https:\/\/unitranet.pl\/?page_id=1159"]}]},{"@type":"ImageObject","inLanguage":"pl-PL","@id":"https:\/\/unitranet.pl\/?page_id=1159#primaryimage","url":"https:\/\/unitranet.pl\/wp-content\/uploads\/2025\/10\/E7DF08A7-5975-4C76-A4B2-B66281D21EF7.jpeg","contentUrl":"https:\/\/unitranet.pl\/wp-content\/uploads\/2025\/10\/E7DF08A7-5975-4C76-A4B2-B66281D21EF7.jpeg","width":355,"height":472},{"@type":"BreadcrumbList","@id":"https:\/\/unitranet.pl\/?page_id=1159#breadcrumb","itemListElement":[{"@type":"ListItem","position":1,"name":"Home","item":"https:\/\/unitranet.pl\/"},{"@type":"ListItem","position":2,"name":"Wojtek"}]},{"@type":"WebSite","@id":"https:\/\/unitranet.pl\/#website","url":"https:\/\/unitranet.pl\/","name":"UnitraNET","description":"","potentialAction":[{"@type":"SearchAction","target":{"@type":"EntryPoint","urlTemplate":"https:\/\/unitranet.pl\/?s={search_term_string}"},"query-input":{"@type":"PropertyValueSpecification","valueRequired":true,"valueName":"search_term_string"}}],"inLanguage":"pl-PL"}]}},"_links":{"self":[{"href":"https:\/\/unitranet.pl\/index.php?rest_route=\/wp\/v2\/pages\/1159","targetHints":{"allow":["GET"]}}],"collection":[{"href":"https:\/\/unitranet.pl\/index.php?rest_route=\/wp\/v2\/pages"}],"about":[{"href":"https:\/\/unitranet.pl\/index.php?rest_route=\/wp\/v2\/types\/page"}],"author":[{"embeddable":true,"href":"https:\/\/unitranet.pl\/index.php?rest_route=\/wp\/v2\/users\/1"}],"replies":[{"embeddable":true,"href":"https:\/\/unitranet.pl\/index.php?rest_route=%2Fwp%2Fv2%2Fcomments&post=1159"}],"version-history":[{"count":8,"href":"https:\/\/unitranet.pl\/index.php?rest_route=\/wp\/v2\/pages\/1159\/revisions"}],"predecessor-version":[{"id":1249,"href":"https:\/\/unitranet.pl\/index.php?rest_route=\/wp\/v2\/pages\/1159\/revisions\/1249"}],"wp:attachment":[{"href":"https:\/\/unitranet.pl\/index.php?rest_route=%2Fwp%2Fv2%2Fmedia&parent=1159"}],"curies":[{"name":"wp","href":"https:\/\/api.w.org\/{rel}","templated":true}]}}