{"id":1157,"date":"2025-10-11T21:44:27","date_gmt":"2025-10-11T19:44:27","guid":{"rendered":"https:\/\/unitranet.pl\/?page_id=1157"},"modified":"2025-10-12T08:49:51","modified_gmt":"2025-10-12T06:49:51","slug":"marek","status":"publish","type":"page","link":"https:\/\/unitranet.pl\/?page_id=1157","title":{"rendered":"Marek"},"content":{"rendered":"\n<p>Mieszkaniec &nbsp;&nbsp;Bydgoszczy od urodzenia. Na co dzie\u0144 pracownik z jednej z bydgoskich fabryk w dziale utrzymania ruchu energetycznego. Mi\u0142o\u015bnik elektroniki z lat PRL. &nbsp;Dlaczego? To sprz\u0119t &nbsp;kt\u00f3ry mia\u0142 dusz\u0119, by\u0142 ponadczasowy co \u015bwiadczy o tym \u017ce m\u00f3wimy i mo\u017cemy go dotkn\u0105\u0107 w tych czasach. Parametry sprz\u0119tu, kwestia sporna, jedni m\u00f3wi\u0105 \u017ce to szmelc, drudzy oddaj\u0105 fortun\u0119 \u017ceby go zdoby\u0107. Dla mnie? Dla mnie sentyment, wychowany na tym sprz\u0119cie.<\/p>\n\n\n\n<p>Po nadto lubi\u0119 ten sprz\u0119t naprawia\u0107, hektolitry wypitej kawy, du\u017co cierpliwo\u015bci \u017ceby na stole operacyjnym sprz\u0119t o\u017cy\u0142&#8230; Analiza schemat\u00f3w, pomiary, wymiana element\u00f3w, czasem przerobienie na tzn.&nbsp; po swojemu. Cieszy fakt jak pacjent o\u017cyje i \u017cyje z nami dalej.&nbsp;<\/p>\n\n\n\n<p>Bardzo lubi\u0119 interakcj\u0119 z lud\u017ami, rozmowy, wymian\u0119 informacji, to bodziec do dzia\u0142ania. Pierwszy krok wystawy, kolejny SP4 i przedstawienie sprz\u0119tu audio dzieciom, historia sprz\u0119tu mile odebrana. Cieszy fakt, \u017ce trafi\u0142em na ludzi z pasj\u0105 do tego co mnie fascynuje, co mnie pcha \u017ceby dzia\u0142a\u0107 i promowa\u0107 elektronik\u0119 PRLu. Bardzo cieszy fakt, \u017ce moje zami\u0142owania przesz\u0142y na syna, kt\u00f3ry jak mo\u017ce pomaga w naszej wystawie poznaj\u0105c sprz\u0119t i historie, nie ka\u017cdy w jego wieku ma tak\u0105 mo\u017cliwo\u015b\u0107.&nbsp;<\/p>\n\n\n\n<p>Co jeszcze mog\u0119 doda\u0107? Lubi\u0119 polata\u0107 dronem i zobaczy\u0107 \u015bwiat z g\u00f3rnej perspektywy \ud83d\ude42 Zapraszam z ekip\u0105 na wystaw\u0119, mi\u0142o si\u0119 spotka\u0107, mi\u0142o porozmawia\u0107, mi\u0142o dotkn\u0105\u0107, mi\u0142o pos\u0142ucha\u0107<\/p>\n","protected":false},"excerpt":{"rendered":"<p>Mieszkaniec &nbsp;&nbsp;Bydgoszczy od urodzenia. Na co dzie\u0144 pracownik z jednej z bydgoskich fabryk w dziale utrzymania ruchu energetycznego. Mi\u0142o\u015bnik elektroniki z lat PRL. &nbsp;Dlaczego? To sprz\u0119t &nbsp;kt\u00f3ry mia\u0142 dusz\u0119, by\u0142 ponadczasowy co \u015bwiadczy o tym \u017ce m\u00f3wimy i mo\u017cemy go dotkn\u0105\u0107 w tych czasach. Parametry sprz\u0119tu, kwestia sporna, jedni m\u00f3wi\u0105 \u017ce to szmelc, drudzy oddaj\u0105 [&hellip;]<\/p>\n","protected":false},"author":1,"featured_media":0,"parent":0,"menu_order":0,"comment_status":"closed","ping_status":"closed","template":"","meta":{"footnotes":""},"class_list":["post-1157","page","type-page","status-publish","hentry"],"yoast_head":"<!-- This site is optimized with the Yoast SEO plugin v27.4 - https:\/\/yoast.com\/product\/yoast-seo-wordpress\/ -->\n<title>Marek - UnitraNET<\/title>\n<meta name=\"robots\" content=\"index, follow, max-snippet:-1, max-image-preview:large, max-video-preview:-1\" \/>\n<link rel=\"canonical\" href=\"https:\/\/unitranet.pl\/?page_id=1157\" \/>\n<meta property=\"og:locale\" content=\"pl_PL\" \/>\n<meta property=\"og:type\" content=\"article\" \/>\n<meta property=\"og:title\" content=\"Marek - UnitraNET\" \/>\n<meta property=\"og:description\" content=\"Mieszkaniec &nbsp;&nbsp;Bydgoszczy od urodzenia. Na co dzie\u0144 pracownik z jednej z bydgoskich fabryk w dziale utrzymania ruchu energetycznego. Mi\u0142o\u015bnik elektroniki z lat PRL. &nbsp;Dlaczego? To sprz\u0119t &nbsp;kt\u00f3ry mia\u0142 dusz\u0119, by\u0142 ponadczasowy co \u015bwiadczy o tym \u017ce m\u00f3wimy i mo\u017cemy go dotkn\u0105\u0107 w tych czasach. Parametry sprz\u0119tu, kwestia sporna, jedni m\u00f3wi\u0105 \u017ce to szmelc, drudzy oddaj\u0105 [&hellip;]\" \/>\n<meta property=\"og:url\" content=\"https:\/\/unitranet.pl\/?page_id=1157\" \/>\n<meta property=\"og:site_name\" content=\"UnitraNET\" \/>\n<meta property=\"article:modified_time\" content=\"2025-10-12T06:49:51+00:00\" \/>\n<meta name=\"twitter:card\" content=\"summary_large_image\" \/>\n<meta name=\"twitter:label1\" content=\"Szacowany czas czytania\" \/>\n\t<meta name=\"twitter:data1\" content=\"2 minuty\" \/>\n<script type=\"application\/ld+json\" class=\"yoast-schema-graph\">{\"@context\":\"https:\\\/\\\/schema.org\",\"@graph\":[{\"@type\":\"WebPage\",\"@id\":\"https:\\\/\\\/unitranet.pl\\\/?page_id=1157\",\"url\":\"https:\\\/\\\/unitranet.pl\\\/?page_id=1157\",\"name\":\"Marek - UnitraNET\",\"isPartOf\":{\"@id\":\"https:\\\/\\\/unitranet.pl\\\/#website\"},\"datePublished\":\"2025-10-11T19:44:27+00:00\",\"dateModified\":\"2025-10-12T06:49:51+00:00\",\"breadcrumb\":{\"@id\":\"https:\\\/\\\/unitranet.pl\\\/?page_id=1157#breadcrumb\"},\"inLanguage\":\"pl-PL\",\"potentialAction\":[{\"@type\":\"ReadAction\",\"target\":[\"https:\\\/\\\/unitranet.pl\\\/?page_id=1157\"]}]},{\"@type\":\"BreadcrumbList\",\"@id\":\"https:\\\/\\\/unitranet.pl\\\/?page_id=1157#breadcrumb\",\"itemListElement\":[{\"@type\":\"ListItem\",\"position\":1,\"name\":\"Home\",\"item\":\"https:\\\/\\\/unitranet.pl\\\/\"},{\"@type\":\"ListItem\",\"position\":2,\"name\":\"Marek\"}]},{\"@type\":\"WebSite\",\"@id\":\"https:\\\/\\\/unitranet.pl\\\/#website\",\"url\":\"https:\\\/\\\/unitranet.pl\\\/\",\"name\":\"UnitraNET\",\"description\":\"\",\"potentialAction\":[{\"@type\":\"SearchAction\",\"target\":{\"@type\":\"EntryPoint\",\"urlTemplate\":\"https:\\\/\\\/unitranet.pl\\\/?s={search_term_string}\"},\"query-input\":{\"@type\":\"PropertyValueSpecification\",\"valueRequired\":true,\"valueName\":\"search_term_string\"}}],\"inLanguage\":\"pl-PL\"}]}<\/script>\n<!-- \/ Yoast SEO plugin. -->","yoast_head_json":{"title":"Marek - UnitraNET","robots":{"index":"index","follow":"follow","max-snippet":"max-snippet:-1","max-image-preview":"max-image-preview:large","max-video-preview":"max-video-preview:-1"},"canonical":"https:\/\/unitranet.pl\/?page_id=1157","og_locale":"pl_PL","og_type":"article","og_title":"Marek - UnitraNET","og_description":"Mieszkaniec &nbsp;&nbsp;Bydgoszczy od urodzenia. Na co dzie\u0144 pracownik z jednej z bydgoskich fabryk w dziale utrzymania ruchu energetycznego. Mi\u0142o\u015bnik elektroniki z lat PRL. &nbsp;Dlaczego? To sprz\u0119t &nbsp;kt\u00f3ry mia\u0142 dusz\u0119, by\u0142 ponadczasowy co \u015bwiadczy o tym \u017ce m\u00f3wimy i mo\u017cemy go dotkn\u0105\u0107 w tych czasach. Parametry sprz\u0119tu, kwestia sporna, jedni m\u00f3wi\u0105 \u017ce to szmelc, drudzy oddaj\u0105 [&hellip;]","og_url":"https:\/\/unitranet.pl\/?page_id=1157","og_site_name":"UnitraNET","article_modified_time":"2025-10-12T06:49:51+00:00","twitter_card":"summary_large_image","twitter_misc":{"Szacowany czas czytania":"2 minuty"},"schema":{"@context":"https:\/\/schema.org","@graph":[{"@type":"WebPage","@id":"https:\/\/unitranet.pl\/?page_id=1157","url":"https:\/\/unitranet.pl\/?page_id=1157","name":"Marek - UnitraNET","isPartOf":{"@id":"https:\/\/unitranet.pl\/#website"},"datePublished":"2025-10-11T19:44:27+00:00","dateModified":"2025-10-12T06:49:51+00:00","breadcrumb":{"@id":"https:\/\/unitranet.pl\/?page_id=1157#breadcrumb"},"inLanguage":"pl-PL","potentialAction":[{"@type":"ReadAction","target":["https:\/\/unitranet.pl\/?page_id=1157"]}]},{"@type":"BreadcrumbList","@id":"https:\/\/unitranet.pl\/?page_id=1157#breadcrumb","itemListElement":[{"@type":"ListItem","position":1,"name":"Home","item":"https:\/\/unitranet.pl\/"},{"@type":"ListItem","position":2,"name":"Marek"}]},{"@type":"WebSite","@id":"https:\/\/unitranet.pl\/#website","url":"https:\/\/unitranet.pl\/","name":"UnitraNET","description":"","potentialAction":[{"@type":"SearchAction","target":{"@type":"EntryPoint","urlTemplate":"https:\/\/unitranet.pl\/?s={search_term_string}"},"query-input":{"@type":"PropertyValueSpecification","valueRequired":true,"valueName":"search_term_string"}}],"inLanguage":"pl-PL"}]}},"_links":{"self":[{"href":"https:\/\/unitranet.pl\/index.php?rest_route=\/wp\/v2\/pages\/1157","targetHints":{"allow":["GET"]}}],"collection":[{"href":"https:\/\/unitranet.pl\/index.php?rest_route=\/wp\/v2\/pages"}],"about":[{"href":"https:\/\/unitranet.pl\/index.php?rest_route=\/wp\/v2\/types\/page"}],"author":[{"embeddable":true,"href":"https:\/\/unitranet.pl\/index.php?rest_route=\/wp\/v2\/users\/1"}],"replies":[{"embeddable":true,"href":"https:\/\/unitranet.pl\/index.php?rest_route=%2Fwp%2Fv2%2Fcomments&post=1157"}],"version-history":[{"count":2,"href":"https:\/\/unitranet.pl\/index.php?rest_route=\/wp\/v2\/pages\/1157\/revisions"}],"predecessor-version":[{"id":1177,"href":"https:\/\/unitranet.pl\/index.php?rest_route=\/wp\/v2\/pages\/1157\/revisions\/1177"}],"wp:attachment":[{"href":"https:\/\/unitranet.pl\/index.php?rest_route=%2Fwp%2Fv2%2Fmedia&parent=1157"}],"curies":[{"name":"wp","href":"https:\/\/api.w.org\/{rel}","templated":true}]}}