{"id":1155,"date":"2025-10-11T21:43:57","date_gmt":"2025-10-11T19:43:57","guid":{"rendered":"https:\/\/unitranet.pl\/?page_id=1155"},"modified":"2026-03-15T20:34:39","modified_gmt":"2026-03-15T19:34:39","slug":"darek","status":"publish","type":"page","link":"https:\/\/unitranet.pl\/?page_id=1155","title":{"rendered":"Dariusz Pokorny"},"content":{"rendered":"\n<p>Obywatel , pasjonat i kolekcjoner urodzony w <strong>PRL-u<\/strong><\/p>\n\n\n\n<p>&#8211; przodownik pracy, cz\u0142owiek o wielu zainteresowaniach.<\/p>\n\n\n\n<p>Na co dzie\u0144 jest pracownikiem firmy telekomunikacyjnej a prywatnie specjalist\u0105 zajmuj\u0105cym si\u0119 Telewizja kablowa &nbsp;, sieciami komputerowymi , monitoringiem wizyjnym , alarmami &nbsp;i nowoczesnymi technologiami. Wcze\u015bniej wsp\u00f3\u0142tworzy\u0142 i by\u0142 cz\u0142onkiem zarz\u0105du Stowarzyszenia KSTS OGRODY. W trudnym okresie zmian ustrojowych, po przez dostarczanie mieszka\u0144com Bydgoszczy program\u00f3w telewizji satelitarnej, zwi\u0119ksza\u0142 ich dost\u0119p do wiedzy i kultury. Wsp\u00f3\u0142tw\u00f3rca i propagator wystawy \u201eElektronika PRLu\u201d. Obecnie cz\u0142onek towarzyszenia Mi\u0142o\u015bnik\u00f3w Kolei w Bydgoszczy<\/p>\n\n\n\n<div class=\"wp-block-media-text is-stacked-on-mobile\" style=\"grid-template-columns:32% auto\"><figure class=\"wp-block-media-text__media\"><img fetchpriority=\"high\" decoding=\"async\" width=\"342\" height=\"1024\" src=\"https:\/\/unitranet.pl\/wp-content\/uploads\/2025\/11\/Zdjecie-WhatsApp-2025-11-20-o-11.16.58_17524d42-342x1024.jpg\" alt=\"\" class=\"wp-image-1454 size-full\" srcset=\"https:\/\/unitranet.pl\/wp-content\/uploads\/2025\/11\/Zdjecie-WhatsApp-2025-11-20-o-11.16.58_17524d42-342x1024.jpg 342w, https:\/\/unitranet.pl\/wp-content\/uploads\/2025\/11\/Zdjecie-WhatsApp-2025-11-20-o-11.16.58_17524d42-100x300.jpg 100w, https:\/\/unitranet.pl\/wp-content\/uploads\/2025\/11\/Zdjecie-WhatsApp-2025-11-20-o-11.16.58_17524d42-513x1536.jpg 513w, https:\/\/unitranet.pl\/wp-content\/uploads\/2025\/11\/Zdjecie-WhatsApp-2025-11-20-o-11.16.58_17524d42.jpg 534w\" sizes=\"(max-width: 342px) 100vw, 342px\" \/><\/figure><div class=\"wp-block-media-text__content\">\n<p>Z zami\u0142owania zbieracz pami\u0105tek z czas\u00f3w PRL-u, eksplorator miejsc zapomnianych, aktywnie relacjonuje bie\u017c\u0105ce \u017cycie spo\u0142eczne miasta.<\/p>\n\n\n\n<figure class=\"wp-block-image size-large\"><img decoding=\"async\" width=\"1024\" height=\"576\" src=\"https:\/\/unitranet.pl\/wp-content\/uploads\/2026\/03\/vlcsnap-2026-02-10-17h54m02s338-1024x576.png\" alt=\"\" class=\"wp-image-1652\" srcset=\"https:\/\/unitranet.pl\/wp-content\/uploads\/2026\/03\/vlcsnap-2026-02-10-17h54m02s338-1024x576.png 1024w, https:\/\/unitranet.pl\/wp-content\/uploads\/2026\/03\/vlcsnap-2026-02-10-17h54m02s338-300x169.png 300w, https:\/\/unitranet.pl\/wp-content\/uploads\/2026\/03\/vlcsnap-2026-02-10-17h54m02s338-768x432.png 768w, https:\/\/unitranet.pl\/wp-content\/uploads\/2026\/03\/vlcsnap-2026-02-10-17h54m02s338-1536x864.png 1536w, https:\/\/unitranet.pl\/wp-content\/uploads\/2026\/03\/vlcsnap-2026-02-10-17h54m02s338.png 1920w\" sizes=\"(max-width: 1024px) 100vw, 1024px\" \/><\/figure>\n<\/div><\/div>\n\n\n\n<p><\/p>\n","protected":false},"excerpt":{"rendered":"<p>Obywatel , pasjonat i kolekcjoner urodzony w PRL-u &#8211; przodownik pracy, cz\u0142owiek o wielu zainteresowaniach. Na co dzie\u0144 jest pracownikiem firmy telekomunikacyjnej a prywatnie specjalist\u0105 zajmuj\u0105cym si\u0119 Telewizja kablowa &nbsp;, sieciami komputerowymi , monitoringiem wizyjnym , alarmami &nbsp;i nowoczesnymi technologiami. Wcze\u015bniej wsp\u00f3\u0142tworzy\u0142 i by\u0142 cz\u0142onkiem zarz\u0105du Stowarzyszenia KSTS OGRODY. W trudnym okresie zmian ustrojowych, po [&hellip;]<\/p>\n","protected":false},"author":1,"featured_media":0,"parent":0,"menu_order":0,"comment_status":"closed","ping_status":"closed","template":"","meta":{"footnotes":""},"class_list":["post-1155","page","type-page","status-publish","hentry"],"yoast_head":"<!-- This site is optimized with the Yoast SEO plugin v27.4 - https:\/\/yoast.com\/product\/yoast-seo-wordpress\/ -->\n<title>Dariusz Pokorny - UnitraNET<\/title>\n<meta name=\"robots\" content=\"index, follow, max-snippet:-1, max-image-preview:large, max-video-preview:-1\" \/>\n<link rel=\"canonical\" href=\"https:\/\/unitranet.pl\/?page_id=1155\" \/>\n<meta property=\"og:locale\" content=\"pl_PL\" \/>\n<meta property=\"og:type\" content=\"article\" \/>\n<meta property=\"og:title\" content=\"Dariusz Pokorny - UnitraNET\" \/>\n<meta property=\"og:description\" content=\"Obywatel , pasjonat i kolekcjoner urodzony w PRL-u &#8211; przodownik pracy, cz\u0142owiek o wielu zainteresowaniach. Na co dzie\u0144 jest pracownikiem firmy telekomunikacyjnej a prywatnie specjalist\u0105 zajmuj\u0105cym si\u0119 Telewizja kablowa &nbsp;, sieciami komputerowymi , monitoringiem wizyjnym , alarmami &nbsp;i nowoczesnymi technologiami. Wcze\u015bniej wsp\u00f3\u0142tworzy\u0142 i by\u0142 cz\u0142onkiem zarz\u0105du Stowarzyszenia KSTS OGRODY. W trudnym okresie zmian ustrojowych, po [&hellip;]\" \/>\n<meta property=\"og:url\" content=\"https:\/\/unitranet.pl\/?page_id=1155\" \/>\n<meta property=\"og:site_name\" content=\"UnitraNET\" \/>\n<meta property=\"article:modified_time\" content=\"2026-03-15T19:34:39+00:00\" \/>\n<meta property=\"og:image\" content=\"https:\/\/unitranet.pl\/wp-content\/uploads\/2025\/11\/Zdjecie-WhatsApp-2025-11-20-o-11.16.58_17524d42.jpg\" \/>\n\t<meta property=\"og:image:width\" content=\"534\" \/>\n\t<meta property=\"og:image:height\" content=\"1600\" \/>\n\t<meta property=\"og:image:type\" content=\"image\/jpeg\" \/>\n<meta name=\"twitter:card\" content=\"summary_large_image\" \/>\n<meta name=\"twitter:label1\" content=\"Szacowany czas czytania\" \/>\n\t<meta name=\"twitter:data1\" content=\"1 minuta\" \/>\n<script type=\"application\/ld+json\" class=\"yoast-schema-graph\">{\"@context\":\"https:\\\/\\\/schema.org\",\"@graph\":[{\"@type\":\"WebPage\",\"@id\":\"https:\\\/\\\/unitranet.pl\\\/?page_id=1155\",\"url\":\"https:\\\/\\\/unitranet.pl\\\/?page_id=1155\",\"name\":\"Dariusz Pokorny - UnitraNET\",\"isPartOf\":{\"@id\":\"https:\\\/\\\/unitranet.pl\\\/#website\"},\"primaryImageOfPage\":{\"@id\":\"https:\\\/\\\/unitranet.pl\\\/?page_id=1155#primaryimage\"},\"image\":{\"@id\":\"https:\\\/\\\/unitranet.pl\\\/?page_id=1155#primaryimage\"},\"thumbnailUrl\":\"https:\\\/\\\/unitranet.pl\\\/wp-content\\\/uploads\\\/2025\\\/11\\\/Zdjecie-WhatsApp-2025-11-20-o-11.16.58_17524d42-342x1024.jpg\",\"datePublished\":\"2025-10-11T19:43:57+00:00\",\"dateModified\":\"2026-03-15T19:34:39+00:00\",\"breadcrumb\":{\"@id\":\"https:\\\/\\\/unitranet.pl\\\/?page_id=1155#breadcrumb\"},\"inLanguage\":\"pl-PL\",\"potentialAction\":[{\"@type\":\"ReadAction\",\"target\":[\"https:\\\/\\\/unitranet.pl\\\/?page_id=1155\"]}]},{\"@type\":\"ImageObject\",\"inLanguage\":\"pl-PL\",\"@id\":\"https:\\\/\\\/unitranet.pl\\\/?page_id=1155#primaryimage\",\"url\":\"https:\\\/\\\/unitranet.pl\\\/wp-content\\\/uploads\\\/2025\\\/11\\\/Zdjecie-WhatsApp-2025-11-20-o-11.16.58_17524d42.jpg\",\"contentUrl\":\"https:\\\/\\\/unitranet.pl\\\/wp-content\\\/uploads\\\/2025\\\/11\\\/Zdjecie-WhatsApp-2025-11-20-o-11.16.58_17524d42.jpg\",\"width\":534,\"height\":1600},{\"@type\":\"BreadcrumbList\",\"@id\":\"https:\\\/\\\/unitranet.pl\\\/?page_id=1155#breadcrumb\",\"itemListElement\":[{\"@type\":\"ListItem\",\"position\":1,\"name\":\"Home\",\"item\":\"https:\\\/\\\/unitranet.pl\\\/\"},{\"@type\":\"ListItem\",\"position\":2,\"name\":\"Dariusz Pokorny\"}]},{\"@type\":\"WebSite\",\"@id\":\"https:\\\/\\\/unitranet.pl\\\/#website\",\"url\":\"https:\\\/\\\/unitranet.pl\\\/\",\"name\":\"UnitraNET\",\"description\":\"\",\"potentialAction\":[{\"@type\":\"SearchAction\",\"target\":{\"@type\":\"EntryPoint\",\"urlTemplate\":\"https:\\\/\\\/unitranet.pl\\\/?s={search_term_string}\"},\"query-input\":{\"@type\":\"PropertyValueSpecification\",\"valueRequired\":true,\"valueName\":\"search_term_string\"}}],\"inLanguage\":\"pl-PL\"}]}<\/script>\n<!-- \/ Yoast SEO plugin. -->","yoast_head_json":{"title":"Dariusz Pokorny - UnitraNET","robots":{"index":"index","follow":"follow","max-snippet":"max-snippet:-1","max-image-preview":"max-image-preview:large","max-video-preview":"max-video-preview:-1"},"canonical":"https:\/\/unitranet.pl\/?page_id=1155","og_locale":"pl_PL","og_type":"article","og_title":"Dariusz Pokorny - UnitraNET","og_description":"Obywatel , pasjonat i kolekcjoner urodzony w PRL-u &#8211; przodownik pracy, cz\u0142owiek o wielu zainteresowaniach. Na co dzie\u0144 jest pracownikiem firmy telekomunikacyjnej a prywatnie specjalist\u0105 zajmuj\u0105cym si\u0119 Telewizja kablowa &nbsp;, sieciami komputerowymi , monitoringiem wizyjnym , alarmami &nbsp;i nowoczesnymi technologiami. Wcze\u015bniej wsp\u00f3\u0142tworzy\u0142 i by\u0142 cz\u0142onkiem zarz\u0105du Stowarzyszenia KSTS OGRODY. W trudnym okresie zmian ustrojowych, po [&hellip;]","og_url":"https:\/\/unitranet.pl\/?page_id=1155","og_site_name":"UnitraNET","article_modified_time":"2026-03-15T19:34:39+00:00","og_image":[{"width":534,"height":1600,"url":"https:\/\/unitranet.pl\/wp-content\/uploads\/2025\/11\/Zdjecie-WhatsApp-2025-11-20-o-11.16.58_17524d42.jpg","type":"image\/jpeg"}],"twitter_card":"summary_large_image","twitter_misc":{"Szacowany czas czytania":"1 minuta"},"schema":{"@context":"https:\/\/schema.org","@graph":[{"@type":"WebPage","@id":"https:\/\/unitranet.pl\/?page_id=1155","url":"https:\/\/unitranet.pl\/?page_id=1155","name":"Dariusz Pokorny - UnitraNET","isPartOf":{"@id":"https:\/\/unitranet.pl\/#website"},"primaryImageOfPage":{"@id":"https:\/\/unitranet.pl\/?page_id=1155#primaryimage"},"image":{"@id":"https:\/\/unitranet.pl\/?page_id=1155#primaryimage"},"thumbnailUrl":"https:\/\/unitranet.pl\/wp-content\/uploads\/2025\/11\/Zdjecie-WhatsApp-2025-11-20-o-11.16.58_17524d42-342x1024.jpg","datePublished":"2025-10-11T19:43:57+00:00","dateModified":"2026-03-15T19:34:39+00:00","breadcrumb":{"@id":"https:\/\/unitranet.pl\/?page_id=1155#breadcrumb"},"inLanguage":"pl-PL","potentialAction":[{"@type":"ReadAction","target":["https:\/\/unitranet.pl\/?page_id=1155"]}]},{"@type":"ImageObject","inLanguage":"pl-PL","@id":"https:\/\/unitranet.pl\/?page_id=1155#primaryimage","url":"https:\/\/unitranet.pl\/wp-content\/uploads\/2025\/11\/Zdjecie-WhatsApp-2025-11-20-o-11.16.58_17524d42.jpg","contentUrl":"https:\/\/unitranet.pl\/wp-content\/uploads\/2025\/11\/Zdjecie-WhatsApp-2025-11-20-o-11.16.58_17524d42.jpg","width":534,"height":1600},{"@type":"BreadcrumbList","@id":"https:\/\/unitranet.pl\/?page_id=1155#breadcrumb","itemListElement":[{"@type":"ListItem","position":1,"name":"Home","item":"https:\/\/unitranet.pl\/"},{"@type":"ListItem","position":2,"name":"Dariusz Pokorny"}]},{"@type":"WebSite","@id":"https:\/\/unitranet.pl\/#website","url":"https:\/\/unitranet.pl\/","name":"UnitraNET","description":"","potentialAction":[{"@type":"SearchAction","target":{"@type":"EntryPoint","urlTemplate":"https:\/\/unitranet.pl\/?s={search_term_string}"},"query-input":{"@type":"PropertyValueSpecification","valueRequired":true,"valueName":"search_term_string"}}],"inLanguage":"pl-PL"}]}},"_links":{"self":[{"href":"https:\/\/unitranet.pl\/index.php?rest_route=\/wp\/v2\/pages\/1155","targetHints":{"allow":["GET"]}}],"collection":[{"href":"https:\/\/unitranet.pl\/index.php?rest_route=\/wp\/v2\/pages"}],"about":[{"href":"https:\/\/unitranet.pl\/index.php?rest_route=\/wp\/v2\/types\/page"}],"author":[{"embeddable":true,"href":"https:\/\/unitranet.pl\/index.php?rest_route=\/wp\/v2\/users\/1"}],"replies":[{"embeddable":true,"href":"https:\/\/unitranet.pl\/index.php?rest_route=%2Fwp%2Fv2%2Fcomments&post=1155"}],"version-history":[{"count":4,"href":"https:\/\/unitranet.pl\/index.php?rest_route=\/wp\/v2\/pages\/1155\/revisions"}],"predecessor-version":[{"id":1654,"href":"https:\/\/unitranet.pl\/index.php?rest_route=\/wp\/v2\/pages\/1155\/revisions\/1654"}],"wp:attachment":[{"href":"https:\/\/unitranet.pl\/index.php?rest_route=%2Fwp%2Fv2%2Fmedia&parent=1155"}],"curies":[{"name":"wp","href":"https:\/\/api.w.org\/{rel}","templated":true}]}}